{"id":1492,"date":"2024-02-21T10:44:24","date_gmt":"2024-02-21T10:44:24","guid":{"rendered":"https:\/\/malmoarenahotel.com\/?page_id=1492"},"modified":"2025-08-04T11:56:07","modified_gmt":"2025-08-04T11:56:07","slug":"praktisk-information","status":"publish","type":"page","link":"https:\/\/malmoarenahotel.com\/da\/praktisk-information\/","title":{"rendered":"Praktisk information"},"content":{"rendered":"<div data-elementor-type=\"wp-page\" data-elementor-id=\"1492\" class=\"elementor elementor-1492\" data-elementor-post-type=\"page\">\n\t\t\t\t<div data-dce-background-overlay-color=\"#000000\" data-dce-background-image-url=\"https:\/\/malmoarenahotel.com\/wp-content\/uploads\/2024\/04\/Praktisk-info-header--scaled.jpg\" class=\"elementor-element elementor-element-5e3cfc3 e-flex e-con-boxed e-con e-parent\" data-id=\"5e3cfc3\" data-element_type=\"container\" data-e-type=\"container\" data-settings=\"{&quot;background_background&quot;:&quot;classic&quot;}\">\n\t\t\t\t\t<div class=\"e-con-inner\">\n\t\t\t\t<div class=\"elementor-element elementor-element-1e99217 elementor-widget elementor-widget-heading\" data-id=\"1e99217\" data-element_type=\"widget\" data-e-type=\"widget\" data-widget_type=\"heading.default\">\n\t\t\t\t<div class=\"elementor-widget-container\">\n\t\t\t\t\t<h1 class=\"elementor-heading-title elementor-size-default\">Praktisk information<\/h1>\t\t\t\t<\/div>\n\t\t\t\t<\/div>\n\t\t\t\t\t<\/div>\n\t\t\t\t<\/div>\n\t\t<div class=\"elementor-element elementor-element-01252e0 e-con-full e-flex e-con e-parent\" data-id=\"01252e0\" data-element_type=\"container\" data-e-type=\"container\">\n\t\t<div class=\"elementor-element elementor-element-e9601de e-con-full animated-slow e-flex elementor-invisible e-con e-child\" data-id=\"e9601de\" data-element_type=\"container\" data-e-type=\"container\" data-settings=\"{&quot;animation&quot;:&quot;fadeIn&quot;}\">\n\t\t\t\t<div class=\"elementor-element elementor-element-8b504ac elementor-widget elementor-widget-text-editor\" data-id=\"8b504ac\" data-element_type=\"widget\" data-e-type=\"widget\" data-widget_type=\"text-editor.default\">\n\t\t\t\t<div class=\"elementor-widget-container\">\n\t\t\t\t\t\t\t\t\t<p>Tilg\u00e6ngelighed<\/p>\t\t\t\t\t\t\t\t<\/div>\n\t\t\t\t<\/div>\n\t\t\t\t<div class=\"elementor-element elementor-element-363fc6a elementor-widget elementor-widget-heading\" data-id=\"363fc6a\" data-element_type=\"widget\" data-e-type=\"widget\" data-widget_type=\"heading.default\">\n\t\t\t\t<div class=\"elementor-widget-container\">\n\t\t\t\t\t<h2 class=\"elementor-heading-title elementor-size-default\">Afstand og infrastruktur\n<\/h2>\t\t\t\t<\/div>\n\t\t\t\t<\/div>\n\t\t\t\t<div class=\"elementor-element elementor-element-f0e2b29 elementor-widget elementor-widget-text-editor\" data-id=\"f0e2b29\" data-element_type=\"widget\" data-e-type=\"widget\" data-widget_type=\"text-editor.default\">\n\t\t\t\t<div class=\"elementor-widget-container\">\n\t\t\t\t\t\t\t\t\t<p>Malm\u00f6 Arena Hotel har en rigtig god beliggenhed og fantastisk tilg\u00e6ngelighed, der g\u00f8r det nemt at komme hertil uanset om du kommer med fly, tog, bus, bil eller cykel. Hotellet ligger kun 300 meter fra Hyllie togstation. Der kan du for eksempel tage toget til det centrale Malm\u00f8 p\u00e5 f\u00e5 minutter. Fra samme togstation kan du ogs\u00e5 tage til K\u00f8benhavns Lufthavn p\u00e5 12 minutter og K\u00f8benhavn C p\u00e5 kun 25 minutter.<\/p><p>Malm\u00f6 Arena i samme bygning \u2022 Malm\u00f6m\u00e4ssan 50 m \u2022 Hyllie station 300 m \u2022 Emporia K\u00f6pcentrum 300 m \u2022 Malm\u00f8 C 7 min med tog \u2022 Kastrup (CPH) 12 min med tog \u2022 K\u00f8benhavn C 25 min med tog \u2022 Sturup 30 min i bil<br \/>Her finder du al information om tog og busser (inklusive tog til Kastrup og K\u00f8benhavn): <a href=\"http:\/\/www.skanetrafiken.se\" target=\"_blank\" rel=\"noopener\"><span style=\"text-decoration: underline;\"><strong>www.skanetrafiken.se<\/strong><\/span><\/a><\/p><p>Adresse: <span style=\"text-decoration: underline;\"><a href=\"https:\/\/goo.gl\/maps\/ibKjtKE677XeP9K67\" target=\"_blank\" rel=\"noopener\"><strong>Malm\u00f6 Arena Hotel, Hyllie Boulevard 12, 215 32 Malm\u00f8<\/strong><\/a><\/span><\/p>\t\t\t\t\t\t\t\t<\/div>\n\t\t\t\t<\/div>\n\t\t\t\t<\/div>\n\t\t<div class=\"elementor-element elementor-element-fd31aef e-con-full animated-slow e-flex elementor-invisible e-con e-child\" data-id=\"fd31aef\" data-element_type=\"container\" data-e-type=\"container\" data-settings=\"{&quot;animation&quot;:&quot;fadeIn&quot;}\">\n\t\t\t\t<div class=\"elementor-element elementor-element-cbd4bd6 elementor-widget elementor-widget-image\" data-id=\"cbd4bd6\" data-element_type=\"widget\" data-e-type=\"widget\" data-widget_type=\"image.default\">\n\t\t\t\t<div class=\"elementor-widget-container\">\n\t\t\t\t\t\t\t\t\t\t\t\t\t\t\t<img fetchpriority=\"high\" decoding=\"async\" width=\"800\" height=\"525\" src=\"https:\/\/malmoarenahotel.com\/wp-content\/uploads\/2024\/04\/hyllie-station-1-1024x672.jpg\" class=\"attachment-large size-large wp-image-3478\" alt=\"\" srcset=\"https:\/\/malmoarenahotel.com\/wp-content\/uploads\/2024\/04\/hyllie-station-1-1024x672.jpg 1024w, https:\/\/malmoarenahotel.com\/wp-content\/uploads\/2024\/04\/hyllie-station-1-300x197.jpg 300w, https:\/\/malmoarenahotel.com\/wp-content\/uploads\/2024\/04\/hyllie-station-1-768x504.jpg 768w, https:\/\/malmoarenahotel.com\/wp-content\/uploads\/2024\/04\/hyllie-station-1-1536x1008.jpg 1536w, https:\/\/malmoarenahotel.com\/wp-content\/uploads\/2024\/04\/hyllie-station-1-2048x1343.jpg 2048w, https:\/\/malmoarenahotel.com\/wp-content\/uploads\/2024\/04\/hyllie-station-1-18x12.jpg 18w\" sizes=\"(max-width: 800px) 100vw, 800px\" \/>\t\t\t\t\t\t\t\t\t\t\t\t\t\t\t<\/div>\n\t\t\t\t<\/div>\n\t\t\t\t<\/div>\n\t\t\t\t<\/div>\n\t\t<div class=\"elementor-element elementor-element-46634bf e-con-full e-flex e-con e-parent\" data-id=\"46634bf\" data-element_type=\"container\" data-e-type=\"container\">\n\t\t<div class=\"elementor-element elementor-element-4caf5e5 e-con-full e-flex e-con e-child\" data-id=\"4caf5e5\" data-element_type=\"container\" data-e-type=\"container\">\n\t\t<div class=\"elementor-element elementor-element-f5909df animated-slow e-flex e-con-boxed elementor-invisible e-con e-child\" data-id=\"f5909df\" data-element_type=\"container\" data-e-type=\"container\" data-settings=\"{&quot;animation&quot;:&quot;fadeIn&quot;}\">\n\t\t\t\t\t<div class=\"e-con-inner\">\n\t\t<div class=\"elementor-element elementor-element-c15cf0f animated-slow e-flex e-con-boxed elementor-invisible e-con e-child\" data-id=\"c15cf0f\" data-element_type=\"container\" data-e-type=\"container\" data-settings=\"{&quot;animation&quot;:&quot;fadeIn&quot;}\">\n\t\t\t\t\t<div class=\"e-con-inner\">\n\t\t\t\t<div class=\"elementor-element elementor-element-001c115 elementor-widget elementor-widget-image\" data-id=\"001c115\" data-element_type=\"widget\" data-e-type=\"widget\" data-widget_type=\"image.default\">\n\t\t\t\t<div class=\"elementor-widget-container\">\n\t\t\t\t\t\t\t\t\t\t\t\t\t\t\t<img decoding=\"async\" width=\"800\" height=\"802\" src=\"https:\/\/malmoarenahotel.com\/wp-content\/uploads\/2024\/04\/praktiskt-info-hund-scaled-kopiera-1022x1024.jpg\" class=\"attachment-large size-large wp-image-3487\" alt=\"\" srcset=\"https:\/\/malmoarenahotel.com\/wp-content\/uploads\/2024\/04\/praktiskt-info-hund-scaled-kopiera-1022x1024.jpg 1022w, https:\/\/malmoarenahotel.com\/wp-content\/uploads\/2024\/04\/praktiskt-info-hund-scaled-kopiera-300x300.jpg 300w, https:\/\/malmoarenahotel.com\/wp-content\/uploads\/2024\/04\/praktiskt-info-hund-scaled-kopiera-150x150.jpg 150w, https:\/\/malmoarenahotel.com\/wp-content\/uploads\/2024\/04\/praktiskt-info-hund-scaled-kopiera-768x770.jpg 768w, https:\/\/malmoarenahotel.com\/wp-content\/uploads\/2024\/04\/praktiskt-info-hund-scaled-kopiera-1533x1536.jpg 1533w, https:\/\/malmoarenahotel.com\/wp-content\/uploads\/2024\/04\/praktiskt-info-hund-scaled-kopiera-12x12.jpg 12w, https:\/\/malmoarenahotel.com\/wp-content\/uploads\/2024\/04\/praktiskt-info-hund-scaled-kopiera.jpg 1920w\" sizes=\"(max-width: 800px) 100vw, 800px\" \/>\t\t\t\t\t\t\t\t\t\t\t\t\t\t\t<\/div>\n\t\t\t\t<\/div>\n\t\t\t\t\t<\/div>\n\t\t\t\t<\/div>\n\t\t\t\t\t<\/div>\n\t\t\t\t<\/div>\n\t\t\t\t<\/div>\n\t\t<div class=\"elementor-element elementor-element-ee409fa e-con-full animated-slow e-flex elementor-invisible e-con e-child\" data-id=\"ee409fa\" data-element_type=\"container\" data-e-type=\"container\" data-settings=\"{&quot;animation&quot;:&quot;fadeIn&quot;}\">\n\t\t\t\t<div class=\"elementor-element elementor-element-ef5963f elementor-widget elementor-widget-text-editor\" data-id=\"ef5963f\" data-element_type=\"widget\" data-e-type=\"widget\" data-widget_type=\"text-editor.default\">\n\t\t\t\t<div class=\"elementor-widget-container\">\n\t\t\t\t\t\t\t\t\t<p>Tjek ud<\/p>\t\t\t\t\t\t\t\t<\/div>\n\t\t\t\t<\/div>\n\t\t\t\t<div class=\"elementor-element elementor-element-68d66ed elementor-widget elementor-widget-heading\" data-id=\"68d66ed\" data-element_type=\"widget\" data-e-type=\"widget\" data-widget_type=\"heading.default\">\n\t\t\t\t<div class=\"elementor-widget-container\">\n\t\t\t\t\t<h2 class=\"elementor-heading-title elementor-size-default\">Ind- og udtjekning og meget mere\n<\/h2>\t\t\t\t<\/div>\n\t\t\t\t<\/div>\n\t\t\t\t<div class=\"elementor-element elementor-element-e016c4c elementor-widget elementor-widget-text-editor\" data-id=\"e016c4c\" data-element_type=\"widget\" data-e-type=\"widget\" data-widget_type=\"text-editor.default\">\n\t\t\t\t<div class=\"elementor-widget-container\">\n\t\t\t\t\t\t\t\t\t<p>Vi i receptionen er her hele d\u00f8gnet for din skyld. Her svarer vi gerne p\u00e5 dine sp\u00f8rgsm\u00e5l og hj\u00e6lper dig med alt lige fra bordbestilling, til tr\u00e6ning af togtider, tips om attraktioner og meget mere. Derudover er der en lille smule l\u00e6kkert at k\u00f8be i vores minibutik.<\/p><p>Indtjekning er fra kl. 15 og udtjekning senest kl. 11.00.<\/p><p>Telefonnummer: <span style=\"text-decoration: underline;\"><strong><a href=\"telefon: +46 40 642 04 00\">+46 40 642 04 00<\/a><\/strong><\/span><\/p><p>E-mail: <span style=\"text-decoration: underline;\"><strong><a href=\"mailto:info@malmoarenahotel.com\">info@malmoarenahotel.com<\/a><\/strong><\/span><\/p>\t\t\t\t\t\t\t\t<\/div>\n\t\t\t\t<\/div>\n\t\t\t\t<\/div>\n\t\t\t\t<\/div>\n\t\t<div class=\"elementor-element elementor-element-3f62b34 e-con-full e-flex e-con e-parent\" data-id=\"3f62b34\" data-element_type=\"container\" data-e-type=\"container\">\n\t\t<div class=\"elementor-element elementor-element-bcaf983 e-con-full animated-slow e-flex elementor-invisible e-con e-child\" data-id=\"bcaf983\" data-element_type=\"container\" data-e-type=\"container\" data-settings=\"{&quot;animation&quot;:&quot;fadeIn&quot;}\">\n\t\t\t\t<div class=\"elementor-element elementor-element-caebc09 elementor-widget elementor-widget-text-editor\" data-id=\"caebc09\" data-element_type=\"widget\" data-e-type=\"widget\" data-widget_type=\"text-editor.default\">\n\t\t\t\t<div class=\"elementor-widget-container\">\n\t\t\t\t\t\t\t\t\t<p>I BIL TIL OS<\/p>\t\t\t\t\t\t\t\t<\/div>\n\t\t\t\t<\/div>\n\t\t\t\t<div class=\"elementor-element elementor-element-9a216fd elementor-widget elementor-widget-heading\" data-id=\"9a216fd\" data-element_type=\"widget\" data-e-type=\"widget\" data-widget_type=\"heading.default\">\n\t\t\t\t<div class=\"elementor-widget-container\">\n\t\t\t\t\t<h2 class=\"elementor-heading-title elementor-size-default\">Parkering<\/h2>\t\t\t\t<\/div>\n\t\t\t\t<\/div>\n\t\t\t\t<div class=\"elementor-element elementor-element-21b54ee elementor-widget elementor-widget-text-editor\" data-id=\"21b54ee\" data-element_type=\"widget\" data-e-type=\"widget\" data-widget_type=\"text-editor.default\">\n\t\t\t\t<div class=\"elementor-widget-container\">\n\t\t\t\t\t\t\t\t\t<p>For vores g\u00e6ster, der rejser i bil, kan vi tilbyde en garage eller parkering i eller i n\u00e6rheden af hotellet afh\u00e6ngigt af tilg\u00e6ngelighed ved check-in p\u00e5 hotellet.<\/p><p>Parkering 250 SEK\/nat<br \/>Forudbestilt parkering 325 kr<\/p><p>I vores garage i Malm\u00f6 Arena Tower er der ogs\u00e5 ladestandere til elbilsopladning med Eways ladekort eller via Parkster-appen (zonekode 80906, v\u00e6lg en stikkontakt i rullelisten).<\/p><p>Der er ogs\u00e5 masser af parkeringspladser i n\u00e6romr\u00e5det.<\/p>\t\t\t\t\t\t\t\t<\/div>\n\t\t\t\t<\/div>\n\t\t\t\t<\/div>\n\t\t<div class=\"elementor-element elementor-element-e0102eb animated-slow e-flex e-con-boxed elementor-invisible e-con e-child\" data-id=\"e0102eb\" data-element_type=\"container\" data-e-type=\"container\" data-settings=\"{&quot;animation&quot;:&quot;fadeIn&quot;}\">\n\t\t\t\t\t<div class=\"e-con-inner\">\n\t\t\t\t<div class=\"elementor-element elementor-element-496ef11 elementor-widget elementor-widget-image\" data-id=\"496ef11\" data-element_type=\"widget\" data-e-type=\"widget\" data-widget_type=\"image.default\">\n\t\t\t\t<div class=\"elementor-widget-container\">\n\t\t\t\t\t\t\t\t\t\t\t\t\t\t\t<img decoding=\"async\" width=\"800\" height=\"818\" src=\"https:\/\/malmoarenahotel.com\/wp-content\/uploads\/2024\/04\/garage-mah-1536x2048-2-1002x1024.jpg\" class=\"attachment-large size-large wp-image-3867\" alt=\"\" srcset=\"https:\/\/malmoarenahotel.com\/wp-content\/uploads\/2024\/04\/garage-mah-1536x2048-2-1002x1024.jpg 1002w, https:\/\/malmoarenahotel.com\/wp-content\/uploads\/2024\/04\/garage-mah-1536x2048-2-294x300.jpg 294w, https:\/\/malmoarenahotel.com\/wp-content\/uploads\/2024\/04\/garage-mah-1536x2048-2-768x785.jpg 768w, https:\/\/malmoarenahotel.com\/wp-content\/uploads\/2024\/04\/garage-mah-1536x2048-2-1503x1536.jpg 1503w, https:\/\/malmoarenahotel.com\/wp-content\/uploads\/2024\/04\/garage-mah-1536x2048-2-12x12.jpg 12w, https:\/\/malmoarenahotel.com\/wp-content\/uploads\/2024\/04\/garage-mah-1536x2048-2.jpg 1536w\" sizes=\"(max-width: 800px) 100vw, 800px\" \/>\t\t\t\t\t\t\t\t\t\t\t\t\t\t\t<\/div>\n\t\t\t\t<\/div>\n\t\t\t\t\t<\/div>\n\t\t\t\t<\/div>\n\t\t\t\t<\/div>\n\t\t<div class=\"elementor-element elementor-element-45ae7d4 e-con-full e-flex e-con e-parent\" data-id=\"45ae7d4\" data-element_type=\"container\" data-e-type=\"container\">\n\t\t<div class=\"elementor-element elementor-element-f89b4dc e-con-full e-flex e-con e-child\" data-id=\"f89b4dc\" data-element_type=\"container\" data-e-type=\"container\">\n\t\t<div class=\"elementor-element elementor-element-815c487 e-flex e-con-boxed e-con e-child\" data-id=\"815c487\" data-element_type=\"container\" data-e-type=\"container\" data-settings=\"{&quot;background_background&quot;:&quot;classic&quot;}\">\n\t\t\t\t\t<div class=\"e-con-inner\">\n\t\t<div class=\"elementor-element elementor-element-427c7e7 animated-slow e-flex e-con-boxed elementor-invisible e-con e-child\" data-id=\"427c7e7\" data-element_type=\"container\" data-e-type=\"container\" data-settings=\"{&quot;animation&quot;:&quot;fadeIn&quot;}\">\n\t\t\t\t\t<div class=\"e-con-inner\">\n\t\t\t\t<div class=\"elementor-element elementor-element-aca41ad elementor-widget elementor-widget-image\" data-id=\"aca41ad\" data-element_type=\"widget\" data-e-type=\"widget\" data-widget_type=\"image.default\">\n\t\t\t\t<div class=\"elementor-widget-container\">\n\t\t\t\t\t\t\t\t\t\t\t\t\t\t\t<img loading=\"lazy\" decoding=\"async\" width=\"2560\" height=\"1708\" src=\"https:\/\/malmoarenahotel.com\/wp-content\/uploads\/2024\/03\/Lekrum1-scaled.jpg\" class=\"attachment-full size-full wp-image-2094\" alt=\"\" srcset=\"https:\/\/malmoarenahotel.com\/wp-content\/uploads\/2024\/03\/Lekrum1-scaled.jpg 2560w, https:\/\/malmoarenahotel.com\/wp-content\/uploads\/2024\/03\/Lekrum1-300x200.jpg 300w, https:\/\/malmoarenahotel.com\/wp-content\/uploads\/2024\/03\/Lekrum1-1024x683.jpg 1024w, https:\/\/malmoarenahotel.com\/wp-content\/uploads\/2024\/03\/Lekrum1-768x512.jpg 768w, https:\/\/malmoarenahotel.com\/wp-content\/uploads\/2024\/03\/Lekrum1-1536x1025.jpg 1536w, https:\/\/malmoarenahotel.com\/wp-content\/uploads\/2024\/03\/Lekrum1-2048x1366.jpg 2048w, https:\/\/malmoarenahotel.com\/wp-content\/uploads\/2024\/03\/Lekrum1-18x12.jpg 18w\" sizes=\"(max-width: 2560px) 100vw, 2560px\" \/>\t\t\t\t\t\t\t\t\t\t\t\t\t\t\t<\/div>\n\t\t\t\t<\/div>\n\t\t\t\t\t<\/div>\n\t\t\t\t<\/div>\n\t\t\t\t\t<\/div>\n\t\t\t\t<\/div>\n\t\t\t\t<\/div>\n\t\t<div class=\"elementor-element elementor-element-7610a13 e-con-full animated-slow e-flex elementor-invisible e-con e-child\" data-id=\"7610a13\" data-element_type=\"container\" data-e-type=\"container\" data-settings=\"{&quot;animation&quot;:&quot;fadeIn&quot;}\">\n\t\t\t\t<div class=\"elementor-element elementor-element-74ad575 elementor-widget elementor-widget-text-editor\" data-id=\"74ad575\" data-element_type=\"widget\" data-e-type=\"widget\" data-widget_type=\"text-editor.default\">\n\t\t\t\t<div class=\"elementor-widget-container\">\n\t\t\t\t\t\t\t\t\t<p>ET STED FOR DE Sm\u00e5<\/p>\t\t\t\t\t\t\t\t<\/div>\n\t\t\t\t<\/div>\n\t\t\t\t<div class=\"elementor-element elementor-element-bbd6257 elementor-widget elementor-widget-heading\" data-id=\"bbd6257\" data-element_type=\"widget\" data-e-type=\"widget\" data-widget_type=\"heading.default\">\n\t\t\t\t<div class=\"elementor-widget-container\">\n\t\t\t\t\t<h2 class=\"elementor-heading-title elementor-size-default\">Legestuen<\/h2>\t\t\t\t<\/div>\n\t\t\t\t<\/div>\n\t\t\t\t<div class=\"elementor-element elementor-element-2115edd elementor-widget elementor-widget-text-editor\" data-id=\"2115edd\" data-element_type=\"widget\" data-e-type=\"widget\" data-widget_type=\"text-editor.default\">\n\t\t\t\t<div class=\"elementor-widget-container\">\n\t\t\t\t\t\t\t\t\t<p>Udforsk vores fantasifulde legerum, indrettet direkte fra Funnys verden her hos os! Her kan b\u00f8rnene tegne, lege, l\u00e6se og lave h\u00e5ndv\u00e6rk.<\/p><p>Mange kender sikkert til Junibacken i Stockholm, et meget popul\u00e6rt kulturcenter for b\u00f8rn, hvor blandt andet Astrid Lindgrens eventyr fort\u00e6lles i et eventyrtog. I l\u00f8bet af efter\u00e5ret 2020 \u00e5bnede Staffan G\u00f6testam &amp; co et lignende kulturcenter i Malm\u00f8, nemlig Funny&#039;s Adventure! Malm\u00f6 Arena Hotel er en af grundl\u00e6ggerne af det og eksklusiv hotelpartner, hvilket vi er meget glade for. Du er ogs\u00e5 hjertelig velkommen til at f\u00e5 en forsmag p\u00e5 Funnys verden hos os.<\/p>\t\t\t\t\t\t\t\t<\/div>\n\t\t\t\t<\/div>\n\t\t\t\t<\/div>\n\t\t\t\t<\/div>\n\t\t<div class=\"elementor-element elementor-element-bb53ec2 e-con-full e-flex e-con e-parent\" data-id=\"bb53ec2\" data-element_type=\"container\" data-e-type=\"container\">\n\t\t<div class=\"elementor-element elementor-element-250a901 e-con-full animated-slow e-flex elementor-invisible e-con e-child\" data-id=\"250a901\" data-element_type=\"container\" data-e-type=\"container\" data-settings=\"{&quot;animation&quot;:&quot;fadeIn&quot;}\">\n\t\t\t\t<div class=\"elementor-element elementor-element-7ed7e1c elementor-widget elementor-widget-text-editor\" data-id=\"7ed7e1c\" data-element_type=\"widget\" data-e-type=\"widget\" data-widget_type=\"text-editor.default\">\n\t\t\t\t<div class=\"elementor-widget-container\">\n\t\t\t\t\t\t\t\t\t<p>FOR DIN SUNDHED<\/p>\t\t\t\t\t\t\t\t<\/div>\n\t\t\t\t<\/div>\n\t\t\t\t<div class=\"elementor-element elementor-element-0014f2b elementor-widget elementor-widget-heading\" data-id=\"0014f2b\" data-element_type=\"widget\" data-e-type=\"widget\" data-widget_type=\"heading.default\">\n\t\t\t\t<div class=\"elementor-widget-container\">\n\t\t\t\t\t<h2 class=\"elementor-heading-title elementor-size-default\">Motion og sauna\n<\/h2>\t\t\t\t<\/div>\n\t\t\t\t<\/div>\n\t\t\t\t<div class=\"elementor-element elementor-element-9e5e8bc elementor-widget elementor-widget-text-editor\" data-id=\"9e5e8bc\" data-element_type=\"widget\" data-e-type=\"widget\" data-widget_type=\"text-editor.default\">\n\t\t\t\t<div class=\"elementor-widget-container\">\n\t\t\t\t\t\t\t\t\t<p>Vores moderne fitnesscenter og vores saunaafdeling er p\u00e5 anden sal af hotellet. Alle g\u00e6ster har gratis adgang til disse. Der er ogs\u00e5 gode motionsspor i n\u00e6romr\u00e5det, hvis du vil l\u00f8be og fx hyggelige <strong><a href=\"https:\/\/hyllie.com\/\" target=\"_blank\" rel=\"noopener\">Hylliv\u00e5ngsparken<\/a><\/strong> en g\u00e5tur. Fem hundrede meter v\u00e6k ligger Hylliebadet, for dig, der vil benytte lejligheden til at bade, n\u00e5r du bor her.<\/p>\t\t\t\t\t\t\t\t<\/div>\n\t\t\t\t<\/div>\n\t\t\t\t<\/div>\n\t\t<div class=\"elementor-element elementor-element-d539f1c e-con-full animated-slow e-flex elementor-invisible e-con e-child\" data-id=\"d539f1c\" data-element_type=\"container\" data-e-type=\"container\" data-settings=\"{&quot;animation&quot;:&quot;fadeIn&quot;}\">\n\t\t\t\t<div class=\"elementor-element elementor-element-6a41ad7 elementor-widget elementor-widget-image\" data-id=\"6a41ad7\" data-element_type=\"widget\" data-e-type=\"widget\" data-widget_type=\"image.default\">\n\t\t\t\t<div class=\"elementor-widget-container\">\n\t\t\t\t\t\t\t\t\t\t\t\t\t\t\t<img loading=\"lazy\" decoding=\"async\" width=\"800\" height=\"441\" src=\"https:\/\/malmoarenahotel.com\/wp-content\/uploads\/2024\/03\/Gym_redigerad-1024x565.jpg\" class=\"attachment-large size-large wp-image-2093\" alt=\"\" srcset=\"https:\/\/malmoarenahotel.com\/wp-content\/uploads\/2024\/03\/Gym_redigerad-1024x565.jpg 1024w, https:\/\/malmoarenahotel.com\/wp-content\/uploads\/2024\/03\/Gym_redigerad-300x165.jpg 300w, https:\/\/malmoarenahotel.com\/wp-content\/uploads\/2024\/03\/Gym_redigerad-768x424.jpg 768w, https:\/\/malmoarenahotel.com\/wp-content\/uploads\/2024\/03\/Gym_redigerad-1536x847.jpg 1536w, https:\/\/malmoarenahotel.com\/wp-content\/uploads\/2024\/03\/Gym_redigerad-18x10.jpg 18w, https:\/\/malmoarenahotel.com\/wp-content\/uploads\/2024\/03\/Gym_redigerad.jpg 1920w\" sizes=\"(max-width: 800px) 100vw, 800px\" \/>\t\t\t\t\t\t\t\t\t\t\t\t\t\t\t<\/div>\n\t\t\t\t<\/div>\n\t\t\t\t<\/div>\n\t\t\t\t<\/div>\n\t\t\t\t<\/div>","protected":false},"excerpt":{"rendered":"<p>Praktisk information Tillg\u00e4nglighet Avst\u00e5nd och infrastruktur Malm\u00f6 Arena Hotel har ett v\u00e4ldigt bra l\u00e4ge och fantastisk tillg\u00e4nglighet som g\u00f6r det enkelt att ta sig hit vare sig du kommer med flyg, t\u00e5g, buss, bil eller cykel. Hotellet ligger endast 300 meter fr\u00e5n t\u00e5gstation Hyllie. D\u00e4r kan du till exempel ta t\u00e5get till centrala Malm\u00f6 p\u00e5 [&hellip;]<\/p>\n","protected":false},"author":2,"featured_media":0,"parent":0,"menu_order":0,"comment_status":"closed","ping_status":"closed","template":"","meta":{"_acf_changed":false,"footnotes":""},"class_list":["post-1492","page","type-page","status-publish","hentry"],"acf":[],"publishpress_future_workflow_manual_trigger":{"enabledWorkflows":[]},"_links":{"self":[{"href":"https:\/\/malmoarenahotel.com\/da\/wp-json\/wp\/v2\/pages\/1492","targetHints":{"allow":["GET"]}}],"collection":[{"href":"https:\/\/malmoarenahotel.com\/da\/wp-json\/wp\/v2\/pages"}],"about":[{"href":"https:\/\/malmoarenahotel.com\/da\/wp-json\/wp\/v2\/types\/page"}],"author":[{"embeddable":true,"href":"https:\/\/malmoarenahotel.com\/da\/wp-json\/wp\/v2\/users\/2"}],"replies":[{"embeddable":true,"href":"https:\/\/malmoarenahotel.com\/da\/wp-json\/wp\/v2\/comments?post=1492"}],"version-history":[{"count":0,"href":"https:\/\/malmoarenahotel.com\/da\/wp-json\/wp\/v2\/pages\/1492\/revisions"}],"wp:attachment":[{"href":"https:\/\/malmoarenahotel.com\/da\/wp-json\/wp\/v2\/media?parent=1492"}],"curies":[{"name":"wp","href":"https:\/\/api.w.org\/{rel}","templated":true}]}}