{"id":26,"date":"2024-01-24T08:10:09","date_gmt":"2024-01-24T08:10:09","guid":{"rendered":"https:\/\/malmoarenahotel.com\/?page_id=26"},"modified":"2025-09-16T12:33:31","modified_gmt":"2025-09-16T12:33:31","slug":"boka-nu","status":"publish","type":"page","link":"https:\/\/malmoarenahotel.com\/da\/book-nu\/","title":{"rendered":"Book nu"},"content":{"rendered":"<div data-elementor-type=\"wp-page\" data-elementor-id=\"26\" class=\"elementor elementor-26\" data-elementor-post-type=\"page\">\n\t\t\t\t<div data-dce-background-overlay-color=\"#000000\" data-dce-background-image-url=\"https:\/\/malmoarenahotel.com\/wp-content\/uploads\/2024\/02\/653A3723-scaled.jpg\" class=\"elementor-element elementor-element-fe8720e e-flex e-con-boxed e-con e-parent\" data-id=\"fe8720e\" data-element_type=\"container\" data-e-type=\"container\" data-settings=\"{&quot;background_background&quot;:&quot;classic&quot;}\">\n\t\t\t\t\t<div class=\"e-con-inner\">\n\t\t\t\t<div class=\"elementor-element elementor-element-55f2582 elementor-widget elementor-widget-heading\" data-id=\"55f2582\" data-element_type=\"widget\" data-e-type=\"widget\" data-widget_type=\"heading.default\">\n\t\t\t\t<div class=\"elementor-widget-container\">\n\t\t\t\t\t<h1 class=\"elementor-heading-title elementor-size-default\">Book nu<\/h1>\t\t\t\t<\/div>\n\t\t\t\t<\/div>\n\t\t\t\t<div class=\"elementor-element elementor-element-7e4a160 elementor-align-center elementor-widget elementor-widget-button\" data-id=\"7e4a160\" data-element_type=\"widget\" data-e-type=\"widget\" data-widget_type=\"button.default\">\n\t\t\t\t<div class=\"elementor-widget-container\">\n\t\t\t\t\t\t\t\t\t<div class=\"elementor-button-wrapper\">\n\t\t\t\t\t<a class=\"elementor-button elementor-button-link elementor-size-sm\" href=\"https:\/\/www.bestwestern.com\/en_US\/book\/hotel-details.88211.html?iata=&#038;sob=&#038;ssob=&#038;ratePlan=&#038;checkInDate=2024-02-22&#038;checkOutDate=2024-02-23&#038;numberOfRooms=1&#038;numAdults%5B0%5D=1&#038;numChild%5B0%5D=0&#038;numAdults%5B1%5D=0&#038;numChild%5B1%5D=0&#038;numAdults%5B2%5D=0&#038;numChild%5B2%5D=0&#038;corporateCode=&#038;promoCode=\" target=\"_blank\" rel=\"noopener\">\n\t\t\t\t\t\t<span class=\"elementor-button-content-wrapper\">\n\t\t\t\t\t\t\t\t\t<span class=\"elementor-button-text\">Book nu<\/span>\n\t\t\t\t\t<\/span>\n\t\t\t\t\t<\/a>\n\t\t\t\t<\/div>\n\t\t\t\t\t\t\t\t<\/div>\n\t\t\t\t<\/div>\n\t\t\t\t\t<\/div>\n\t\t\t\t<\/div>\n\t\t<div class=\"elementor-element elementor-element-c93657d e-con-full e-flex e-con e-parent\" data-id=\"c93657d\" data-element_type=\"container\" data-e-type=\"container\">\n\t\t<div class=\"elementor-element elementor-element-e156814 e-con-full animated-slow e-flex elementor-invisible e-con e-child\" data-id=\"e156814\" data-element_type=\"container\" data-e-type=\"container\" data-settings=\"{&quot;animation&quot;:&quot;fadeIn&quot;}\">\n\t\t\t\t<div class=\"elementor-element elementor-element-1e9f106 elementor-widget elementor-widget-heading\" data-id=\"1e9f106\" data-element_type=\"widget\" data-e-type=\"widget\" data-widget_type=\"heading.default\">\n\t\t\t\t<div class=\"elementor-widget-container\">\n\t\t\t\t\t<h2 class=\"elementor-heading-title elementor-size-default\">Bliv hos os<\/h2>\t\t\t\t<\/div>\n\t\t\t\t<\/div>\n\t\t\t\t<div class=\"elementor-element elementor-element-66d5df3 elementor-widget elementor-widget-heading\" data-id=\"66d5df3\" data-element_type=\"widget\" data-e-type=\"widget\" data-widget_type=\"heading.default\">\n\t\t\t\t<div class=\"elementor-widget-container\">\n\t\t\t\t\t<h2 class=\"elementor-heading-title elementor-size-default\">Plads til alle lejligheder<\/h2>\t\t\t\t<\/div>\n\t\t\t\t<\/div>\n\t\t\t\t<div class=\"elementor-element elementor-element-d9d5334 elementor-widget elementor-widget-text-editor\" data-id=\"d9d5334\" data-element_type=\"widget\" data-e-type=\"widget\" data-widget_type=\"text-editor.default\">\n\t\t\t\t<div class=\"elementor-widget-container\">\n\t\t\t\t\t\t\t\t\t<p>Hos os f\u00e5r du en god nats s\u00f8vn i et af vores 395 v\u00e6relser. V\u00e6lg mellem alt fra standard til premium eller suiter. Vi har v\u00e6relser til enhver smag! Malm\u00f6 Arena Hotel er et familieejet og farverigt destinationshotel med en f\u00f8rsteklasses beliggenhed i Malm\u00f6 Hyllie, kun 12 minutter fra K\u00f8benhavns Lufthavn. Med 395 v\u00e6relser er vi Malm\u00f8s n\u00e6stst\u00f8rste hotel. Hos os f\u00e5r du en god nats s\u00f8vn.<\/p>\t\t\t\t\t\t\t\t<\/div>\n\t\t\t\t<\/div>\n\t\t\t\t<\/div>\n\t\t<div class=\"elementor-element elementor-element-607c95b e-con-full animated-slow elementor-hidden-mobile e-flex elementor-invisible e-con e-child\" data-id=\"607c95b\" data-element_type=\"container\" data-e-type=\"container\" data-settings=\"{&quot;animation&quot;:&quot;fadeIn&quot;}\">\n\t\t\t\t<div class=\"elementor-element elementor-element-f299429 elementor-widget elementor-widget-image\" data-id=\"f299429\" data-element_type=\"widget\" data-e-type=\"widget\" data-widget_type=\"image.default\">\n\t\t\t\t<div class=\"elementor-widget-container\">\n\t\t\t\t\t\t\t\t\t\t\t\t\t\t\t<img fetchpriority=\"high\" decoding=\"async\" width=\"2560\" height=\"1707\" src=\"https:\/\/malmoarenahotel.com\/wp-content\/uploads\/2024\/02\/4G7A9996-scaled.jpg\" class=\"attachment-full size-full wp-image-2406\" alt=\"\" srcset=\"https:\/\/malmoarenahotel.com\/wp-content\/uploads\/2024\/02\/4G7A9996-scaled.jpg 2560w, https:\/\/malmoarenahotel.com\/wp-content\/uploads\/2024\/02\/4G7A9996-300x200.jpg 300w, https:\/\/malmoarenahotel.com\/wp-content\/uploads\/2024\/02\/4G7A9996-1024x683.jpg 1024w, https:\/\/malmoarenahotel.com\/wp-content\/uploads\/2024\/02\/4G7A9996-768x512.jpg 768w, https:\/\/malmoarenahotel.com\/wp-content\/uploads\/2024\/02\/4G7A9996-1536x1024.jpg 1536w, https:\/\/malmoarenahotel.com\/wp-content\/uploads\/2024\/02\/4G7A9996-2048x1366.jpg 2048w, https:\/\/malmoarenahotel.com\/wp-content\/uploads\/2024\/02\/4G7A9996-18x12.jpg 18w\" sizes=\"(max-width: 2560px) 100vw, 2560px\" \/>\t\t\t\t\t\t\t\t\t\t\t\t\t\t\t<\/div>\n\t\t\t\t<\/div>\n\t\t\t\t<\/div>\n\t\t\t\t<\/div>\n\t\t\t\t<\/div>","protected":false},"excerpt":{"rendered":"<p>Boka Bo hos oss Plats f\u00f6r alla tillf\u00e4llen Hos oss f\u00e5r du en god natts s\u00f6mn i ett av v\u00e5ra 395 rum. V\u00e4lj p\u00e5 allt fr\u00e5n standard till premium eller sviter. Vi har rum f\u00f6r alla! Malm\u00f6 Arena Hotel \u00e4r ett familje\u00e4gt och f\u00e4rgrikt destinationshotell p\u00e5 b\u00e4sta l\u00e4ge i Malm\u00f6 Hyllie, endast 12 minuter fr\u00e5n [&hellip;]<\/p>\n","protected":false},"author":1,"featured_media":0,"parent":0,"menu_order":0,"comment_status":"closed","ping_status":"closed","template":"","meta":{"_acf_changed":false,"footnotes":""},"class_list":["post-26","page","type-page","status-publish","hentry"],"acf":[],"publishpress_future_workflow_manual_trigger":{"enabledWorkflows":[]},"_links":{"self":[{"href":"https:\/\/malmoarenahotel.com\/da\/wp-json\/wp\/v2\/pages\/26","targetHints":{"allow":["GET"]}}],"collection":[{"href":"https:\/\/malmoarenahotel.com\/da\/wp-json\/wp\/v2\/pages"}],"about":[{"href":"https:\/\/malmoarenahotel.com\/da\/wp-json\/wp\/v2\/types\/page"}],"author":[{"embeddable":true,"href":"https:\/\/malmoarenahotel.com\/da\/wp-json\/wp\/v2\/users\/1"}],"replies":[{"embeddable":true,"href":"https:\/\/malmoarenahotel.com\/da\/wp-json\/wp\/v2\/comments?post=26"}],"version-history":[{"count":0,"href":"https:\/\/malmoarenahotel.com\/da\/wp-json\/wp\/v2\/pages\/26\/revisions"}],"wp:attachment":[{"href":"https:\/\/malmoarenahotel.com\/da\/wp-json\/wp\/v2\/media?parent=26"}],"curies":[{"name":"wp","href":"https:\/\/api.w.org\/{rel}","templated":true}]}}