{"id":5933,"date":"2025-06-25T09:12:11","date_gmt":"2025-06-25T09:12:11","guid":{"rendered":"https:\/\/malmoarenahotel.com\/?page_id=5933"},"modified":"2025-10-08T15:10:12","modified_gmt":"2025-10-08T15:10:12","slug":"magasin","status":"publish","type":"page","link":"https:\/\/malmoarenahotel.com\/da\/magasin\/","title":{"rendered":"Magasin"},"content":{"rendered":"<div data-elementor-type=\"wp-page\" data-elementor-id=\"5933\" class=\"elementor elementor-5933\" data-elementor-post-type=\"page\">\n\t\t\t\t<div class=\"elementor-element elementor-element-4f7a678 e-con-full e-flex e-con e-parent\" data-id=\"4f7a678\" data-element_type=\"container\" data-e-type=\"container\">\n\t\t<div class=\"elementor-element elementor-element-b29e8c5 e-con-full _magazine-hero e-flex e-con e-child\" data-id=\"b29e8c5\" data-element_type=\"container\" data-e-type=\"container\">\n\t\t<div data-dce-background-overlay-color=\"#DDA0AE\" class=\"elementor-element elementor-element-e5ea0d7 e-con-full e-flex e-con e-child\" data-id=\"e5ea0d7\" data-element_type=\"container\" data-e-type=\"container\" data-settings=\"{&quot;background_background&quot;:&quot;classic&quot;}\">\n\t\t<div class=\"elementor-element elementor-element-0be256e e-con-full e-flex e-con e-child\" data-id=\"0be256e\" data-element_type=\"container\" data-e-type=\"container\">\n\t\t\t\t<div data-dce-text-color=\"#50504B\" class=\"elementor-element elementor-element-02793b1 elementor-widget elementor-widget-text-editor\" data-id=\"02793b1\" data-element_type=\"widget\" data-e-type=\"widget\" data-widget_type=\"text-editor.default\">\n\t\t\t\t<div class=\"elementor-widget-container\">\n\t\t\t\t\t\t\t\t\t<iframe allowfullscreen=\"allowfullscreen\" allow=\"clipboard-write\" scrolling=\"no\" class=\"fp-iframe\" style=\"border: 1px solid lightgray; width: 100%; height: 400px;\" src=\"https:\/\/heyzine.com\/flip-book\/h\u00f6stvintermagasin2025.html\"><\/iframe>\t\t\t\t\t\t\t\t<\/div>\n\t\t\t\t<\/div>\n\t\t\t\t<\/div>\n\t\t\t\t<\/div>\n\t\t<div class=\"elementor-element elementor-element-34d9fdc e-con-full e-flex e-con e-child\" data-id=\"34d9fdc\" data-element_type=\"container\" data-e-type=\"container\">\n\t\t<div class=\"elementor-element elementor-element-2657ece e-con-full e-flex e-con e-child\" data-id=\"2657ece\" data-element_type=\"container\" data-e-type=\"container\">\n\t\t\t\t<div data-dce-text-color=\"#50504B\" class=\"elementor-element elementor-element-1f694d0 elementor-widget elementor-widget-text-editor\" data-id=\"1f694d0\" data-element_type=\"widget\" data-e-type=\"widget\" data-widget_type=\"text-editor.default\">\n\t\t\t\t<div class=\"elementor-widget-container\">\n\t\t\t\t\t\t\t\t\t<h1 class=\"_h1-magasin\" style=\"display: inline; line-height: 1em; font-size: 56px;\">Efter\u00e5rs- og vintermagasinet er her!<\/h1>\n&nbsp;\n<h5 style=\"line-height: 1.4em;\">I dette nummer vil vi inspirere til efter\u00e5rshygge, juleglans og vintereventyr med tips til mad, drikke og aktiviteter hos os og i Malm\u00f8. I \u00e5r bliver julestemningen ekstra dejlig \u2013 l\u00e6s mere i magasinet Julen n\u00e6rmer sig!<\/h5>\n<strong>I magasinet finder du blandt andet:<\/strong>\n<ul style=\"padding-left: 1.2em; list-style-type: disc;\">\n \t<li style=\"margin-bottom: 0.5em; font-size: 1rem;\"><strong>Morgenmad med omhu<\/strong> \u2013 lokalt producerede blomster pynter buffeten<\/li>\n \t<li style=\"margin-bottom: 0.5em; font-size: 1rem;\"><strong>Mad- og vintrends i Nilssons<\/strong> \u2013 oplev \u201cSmagselevatoren\u201d i vinbaren<\/li>\n \t<li style=\"margin-bottom: 0.5em; font-size: 1rem;\"><strong>Hermans bedste drikketips<\/strong> \u2013 efter\u00e5rets og vinterens bedste drikkevarer<\/li>\n \t<li style=\"margin-bottom: 0.5em; font-size: 1rem;\"><strong>Ishockeyens fremtid<\/strong> \u2013 flere piger p\u00e5 isen<\/li>\n \t<li style=\"margin-bottom: 0.5em; font-size: 1rem;\"><strong>Julen n\u00e6rmer sig<\/strong> \u2013 maksimer din julestemning med os<\/li>\n \t<li style=\"margin-bottom: 0.5em; font-size: 1rem;\"><strong>Premiere p\u00e5 vores nye julestue<\/strong> \u2013 hoppe i natt\u00f8jet og bare nyde det<\/li>\n \t<li style=\"margin-bottom: 0.5em; font-size: 1rem;\"><strong>Hvor m\u00f8der bliver til minder<\/strong> \u2013 konference med det lille ekstra<\/li>\n \t<li style=\"margin-bottom: 0.5em; font-size: 1rem;\"><strong>Tips til ros af personalet<\/strong> \u2013 de bedste tips til familien<\/li>\n \t<li style=\"margin-bottom: 0.5em; font-size: 1rem;\"><strong>Tilbud og events<\/strong> \u2013 aktuelt og sp\u00e6ndende<\/li>\n<\/ul>\t\t\t\t\t\t\t\t<\/div>\n\t\t\t\t<\/div>\n\t\t\t\t<\/div>\n\t\t<div class=\"elementor-element elementor-element-f1c0e15 e-con-full e-flex e-con e-child\" data-id=\"f1c0e15\" data-element_type=\"container\" data-e-type=\"container\">\n\t\t\t\t<div data-dce-title-color=\"#AC3C0C\" class=\"elementor-element elementor-element-98814d8 elementor-widget elementor-widget-heading\" data-id=\"98814d8\" data-element_type=\"widget\" data-e-type=\"widget\" data-widget_type=\"heading.default\">\n\t\t\t\t<div class=\"elementor-widget-container\">\n\t\t\t\t\t<p class=\"elementor-heading-title elementor-size-default\">L\u00e6s Malm\u00f6 Arena Hotels efter\u00e5rs- og vintermagasin her og bliv inspireret af alt, hvad vi har at tilbyde. Klik p\u00e5 magasinet.<\/p>\t\t\t\t<\/div>\n\t\t\t\t<\/div>\n\t\t\t\t<\/div>\n\t\t\t\t<\/div>\n\t\t\t\t<\/div>\n\t\t<div class=\"elementor-element elementor-element-cf0d601 e-con-full _magazine-hero  e-flex e-con e-child\" data-id=\"cf0d601\" data-element_type=\"container\" data-e-type=\"container\">\n\t\t\t\t<div class=\"elementor-element elementor-element-789d519 elementor-widget elementor-widget-heading\" data-id=\"789d519\" data-element_type=\"widget\" data-e-type=\"widget\" data-widget_type=\"heading.default\">\n\t\t\t\t<div class=\"elementor-widget-container\">\n\t\t\t\t\t<h2 class=\"elementor-heading-title elementor-size-default\">I tidligere magasiner<\/h2>\t\t\t\t<\/div>\n\t\t\t\t<\/div>\n\t\t\t\t<\/div>\n\t\t<div class=\"elementor-element elementor-element-4d7f159 e-con-full _magazine-hero  e-flex e-con e-child\" data-id=\"4d7f159\" data-element_type=\"container\" data-e-type=\"container\">\n\t\t<div class=\"elementor-element elementor-element-4115112 e-grid e-con-full _grid-magasine e-con e-child\" data-id=\"4115112\" data-element_type=\"container\" data-e-type=\"container\">\n\t\t<a class=\"elementor-element elementor-element-d267ca1 e-con-full e-flex e-con e-child\" data-id=\"d267ca1\" data-element_type=\"container\" data-e-type=\"container\" href=\"https:\/\/heyzine.com\/flip-book\/h%C3%B6stvintermagasin2025.html\" target=\"_blank\" rel=\"noopener\">\n\t\t<div data-dce-background-image-url=\"https:\/\/malmoarenahotel.com\/wp-content\/uploads\/2025\/10\/host-vintermagasin-tidigare-nummer.png\" class=\"elementor-element elementor-element-75736b9 e-con-full e-flex e-con e-child\" data-id=\"75736b9\" data-element_type=\"container\" data-e-type=\"container\" data-settings=\"{&quot;background_background&quot;:&quot;classic&quot;}\">\n\t\t\t\t<\/div>\n\t\t<div class=\"elementor-element elementor-element-baef1e9 e-con-full e-flex e-con e-child\" data-id=\"baef1e9\" data-element_type=\"container\" data-e-type=\"container\">\n\t\t\t\t<div class=\"elementor-element elementor-element-58ca655 elementor-widget elementor-widget-text-editor\" data-id=\"58ca655\" data-element_type=\"widget\" data-e-type=\"widget\" data-widget_type=\"text-editor.default\">\n\t\t\t\t<div class=\"elementor-widget-container\">\n\t\t\t\t\t\t\t\t\t<em>Udgivet oktober 2025<\/em>\t\t\t\t\t\t\t\t<\/div>\n\t\t\t\t<\/div>\n\t\t\t\t<\/div>\n\t\t<div class=\"elementor-element elementor-element-8f809c6 e-con-full e-flex e-con e-child\" data-id=\"8f809c6\" data-element_type=\"container\" data-e-type=\"container\">\n\t\t\t\t<div data-dce-text-color=\"#50504B\" class=\"elementor-element elementor-element-188ede6 elementor-widget elementor-widget-text-editor\" data-id=\"188ede6\" data-element_type=\"widget\" data-e-type=\"widget\" data-widget_type=\"text-editor.default\">\n\t\t\t\t<div class=\"elementor-widget-container\">\n\t\t\t\t\t\t\t\t\t<p>Malm\u00f6 Arena Hotels magasin nummer 2 handler om efter\u00e5rshygge, julepragt, vintereventyr og aktiviteter hos os og i Malm\u00f6.<\/p>\t\t\t\t\t\t\t\t<\/div>\n\t\t\t\t<\/div>\n\t\t\t\t<\/div>\n\t\t\t\t<\/a>\n\t\t<a class=\"elementor-element elementor-element-2f74333 e-con-full e-flex e-con e-child\" data-id=\"2f74333\" data-element_type=\"container\" data-e-type=\"container\" href=\"https:\/\/heyzine.com\/flip-book\/f2ff9ee0a6.html\" target=\"_blank\" rel=\"noopener\">\n\t\t<div data-dce-background-image-url=\"https:\/\/malmoarenahotel.com\/wp-content\/uploads\/2025\/06\/magasin-nummer-1.png\" class=\"elementor-element elementor-element-1a41ad9 e-con-full e-flex e-con e-child\" data-id=\"1a41ad9\" data-element_type=\"container\" data-e-type=\"container\" data-settings=\"{&quot;background_background&quot;:&quot;classic&quot;}\">\n\t\t\t\t<\/div>\n\t\t<div class=\"elementor-element elementor-element-ee4d19b e-con-full e-flex e-con e-child\" data-id=\"ee4d19b\" data-element_type=\"container\" data-e-type=\"container\">\n\t\t\t\t<div class=\"elementor-element elementor-element-93c246c elementor-widget elementor-widget-text-editor\" data-id=\"93c246c\" data-element_type=\"widget\" data-e-type=\"widget\" data-widget_type=\"text-editor.default\">\n\t\t\t\t<div class=\"elementor-widget-container\">\n\t\t\t\t\t\t\t\t\t<em>Udgivet juni 2025<\/em>\t\t\t\t\t\t\t\t<\/div>\n\t\t\t\t<\/div>\n\t\t\t\t<\/div>\n\t\t<div class=\"elementor-element elementor-element-32b4da9 e-con-full e-flex e-con e-child\" data-id=\"32b4da9\" data-element_type=\"container\" data-e-type=\"container\">\n\t\t\t\t<div data-dce-text-color=\"#50504B\" class=\"elementor-element elementor-element-56721de elementor-widget elementor-widget-text-editor\" data-id=\"56721de\" data-element_type=\"widget\" data-e-type=\"widget\" data-widget_type=\"text-editor.default\">\n\t\t\t\t<div class=\"elementor-widget-container\">\n\t\t\t\t\t\t\t\t\tMalm\u00f6 Arena Hotels magasin nummer 1 handler om sommeren p\u00e5 hotellet og tips og inspiration til alt, hvad du kan lave, mens du er her.\t\t\t\t\t\t\t\t<\/div>\n\t\t\t\t<\/div>\n\t\t\t\t<\/div>\n\t\t\t\t<\/a>\n\t\t\t\t<\/div>\n\t\t\t\t<\/div>\n\t\t\t\t<div class=\"elementor-element elementor-element-5c6bd33 elementor-widget elementor-widget-html\" data-id=\"5c6bd33\" data-element_type=\"widget\" data-e-type=\"widget\" data-widget_type=\"html.default\">\n\t\t\t\t<div class=\"elementor-widget-container\">\n\t\t\t\t\t<script>\n    document.body.classList.add('_bodyMagasine');\n<\/script>\t\t\t\t<\/div>\n\t\t\t\t<\/div>\n\t\t\t\t<\/div>\n\t\t\t\t<\/div>","protected":false},"excerpt":{"rendered":"<p>H\u00f6st &amp; vintermagasinet \u00e4r h\u00e4r! &nbsp; I detta nummer vill vi inspirera till h\u00f6stmys, julglans och vinter\u00e4ventyr med tips p\u00e5 mat, dryck och aktiviteter hos oss och i Malm\u00f6. I \u00e5r blir julst\u00e4mningen extra h\u00e4rlig \u2013 l\u00e4s mer i magasinet Christmas is coming! I magasinet hittar du bland annat: Frukost med omtanke \u2013 n\u00e4rproducerade blommor [&hellip;]<\/p>\n","protected":false},"author":2,"featured_media":0,"parent":0,"menu_order":0,"comment_status":"closed","ping_status":"closed","template":"","meta":{"_acf_changed":false,"footnotes":""},"class_list":["post-5933","page","type-page","status-publish","hentry"],"acf":[],"publishpress_future_workflow_manual_trigger":{"enabledWorkflows":[]},"_links":{"self":[{"href":"https:\/\/malmoarenahotel.com\/da\/wp-json\/wp\/v2\/pages\/5933","targetHints":{"allow":["GET"]}}],"collection":[{"href":"https:\/\/malmoarenahotel.com\/da\/wp-json\/wp\/v2\/pages"}],"about":[{"href":"https:\/\/malmoarenahotel.com\/da\/wp-json\/wp\/v2\/types\/page"}],"author":[{"embeddable":true,"href":"https:\/\/malmoarenahotel.com\/da\/wp-json\/wp\/v2\/users\/2"}],"replies":[{"embeddable":true,"href":"https:\/\/malmoarenahotel.com\/da\/wp-json\/wp\/v2\/comments?post=5933"}],"version-history":[{"count":0,"href":"https:\/\/malmoarenahotel.com\/da\/wp-json\/wp\/v2\/pages\/5933\/revisions"}],"wp:attachment":[{"href":"https:\/\/malmoarenahotel.com\/da\/wp-json\/wp\/v2\/media?parent=5933"}],"curies":[{"name":"wp","href":"https:\/\/api.w.org\/{rel}","templated":true}]}}