{"id":1492,"date":"2024-02-21T10:44:24","date_gmt":"2024-02-21T10:44:24","guid":{"rendered":"https:\/\/malmoarenahotel.com\/?page_id=1492"},"modified":"2026-05-07T09:57:44","modified_gmt":"2026-05-07T09:57:44","slug":"praktisk-information","status":"publish","type":"page","link":"https:\/\/malmoarenahotel.com\/de\/praktische-information\/","title":{"rendered":"Praktische Information"},"content":{"rendered":"<div data-elementor-type=\"wp-page\" data-elementor-id=\"1492\" class=\"elementor elementor-1492\" data-elementor-post-type=\"page\">\n\t\t\t\t<div data-dce-background-overlay-color=\"#000000\" data-dce-background-image-url=\"https:\/\/malmoarenahotel.com\/wp-content\/uploads\/2024\/04\/Praktisk-info-header--scaled.jpg\" class=\"elementor-element elementor-element-5e3cfc3 e-flex e-con-boxed e-con e-parent\" data-id=\"5e3cfc3\" data-element_type=\"container\" data-e-type=\"container\" data-settings=\"{&quot;background_background&quot;:&quot;classic&quot;}\">\n\t\t\t\t\t<div class=\"e-con-inner\">\n\t\t\t\t<div class=\"elementor-element elementor-element-1e99217 elementor-widget elementor-widget-heading\" data-id=\"1e99217\" data-element_type=\"widget\" data-e-type=\"widget\" data-widget_type=\"heading.default\">\n\t\t\t\t<div class=\"elementor-widget-container\">\n\t\t\t\t\t<h1 class=\"elementor-heading-title elementor-size-default\">Praktische Information<\/h1>\t\t\t\t<\/div>\n\t\t\t\t<\/div>\n\t\t\t\t\t<\/div>\n\t\t\t\t<\/div>\n\t\t<div class=\"elementor-element elementor-element-01252e0 e-con-full e-flex e-con e-parent\" data-id=\"01252e0\" data-element_type=\"container\" data-e-type=\"container\">\n\t\t<div class=\"elementor-element elementor-element-e9601de e-con-full animated-slow e-flex elementor-invisible e-con e-child\" data-id=\"e9601de\" data-element_type=\"container\" data-e-type=\"container\" data-settings=\"{&quot;animation&quot;:&quot;fadeIn&quot;}\">\n\t\t\t\t<div class=\"elementor-element elementor-element-8b504ac elementor-widget elementor-widget-text-editor\" data-id=\"8b504ac\" data-element_type=\"widget\" data-e-type=\"widget\" data-widget_type=\"text-editor.default\">\n\t\t\t\t<div class=\"elementor-widget-container\">\n\t\t\t\t\t\t\t\t\t<p>Verf\u00fcgbarkeit<\/p>\t\t\t\t\t\t\t\t<\/div>\n\t\t\t\t<\/div>\n\t\t\t\t<div class=\"elementor-element elementor-element-363fc6a elementor-widget elementor-widget-heading\" data-id=\"363fc6a\" data-element_type=\"widget\" data-e-type=\"widget\" data-widget_type=\"heading.default\">\n\t\t\t\t<div class=\"elementor-widget-container\">\n\t\t\t\t\t<h2 class=\"elementor-heading-title elementor-size-default\">Entfernung und Infrastruktur\n<\/h2>\t\t\t\t<\/div>\n\t\t\t\t<\/div>\n\t\t\t\t<div class=\"elementor-element elementor-element-f0e2b29 elementor-widget elementor-widget-text-editor\" data-id=\"f0e2b29\" data-element_type=\"widget\" data-e-type=\"widget\" data-widget_type=\"text-editor.default\">\n\t\t\t\t<div class=\"elementor-widget-container\">\n\t\t\t\t\t\t\t\t\t<p>Das Malm\u00f6 Arena Hotel verf\u00fcgt \u00fcber eine sehr gute Lage und eine hervorragende Erreichbarkeit, sodass Sie problemlos hierher gelangen, egal ob Sie mit dem Flugzeug, dem Zug, dem Bus, dem Auto oder dem Fahrrad anreisen. Das Hotel liegt nur 300 Meter vom Bahnhof Hyllie entfernt. Von dort k\u00f6nnen Sie beispielsweise in wenigen Minuten mit dem Zug ins Zentrum von Malm\u00f6 fahren. Vom selben Bahnhof aus k\u00f6nnen Sie auch in 12 Minuten zum Flughafen Kopenhagen und in nur 25 Minuten nach Kopenhagen C fahren.<\/p><p>Malm\u00f6 Arena im selben Geb\u00e4ude \u2022 Malm\u00f6m\u00e4ssan 50 m \u2022 Bahnhof Hyllie 300 m \u2022 Emporia K\u00f6pcentrum 300 m \u2022 Malm\u00f6 C 7 Min. mit dem Zug \u2022 Kastrup (CPH) 12 Min. mit dem Zug \u2022 Kopenhagen C 25 Min. mit dem Zug \u2022 Sturup 30 Min. mit dem Auto<br \/>Hier finden Sie alle Informationen zu Z\u00fcgen und Bussen (einschlie\u00dflich Z\u00fcgen nach Kastrup und Kopenhagen): <a href=\"http:\/\/www.skanetrafiken.se\" target=\"_blank\" rel=\"noopener\"><span style=\"text-decoration: underline;\"><strong>www.skanetrafiken.se<\/strong><\/span><\/a><\/p><p>Adresse: <span style=\"text-decoration: underline;\"><a href=\"https:\/\/goo.gl\/maps\/ibKjtKE677XeP9K67\" target=\"_blank\" rel=\"noopener\"><strong>Malm\u00f6 Arena Hotel, Hyllie Boulevard 12, 215 32 Malm\u00f6<\/strong><\/a><\/span><\/p>\t\t\t\t\t\t\t\t<\/div>\n\t\t\t\t<\/div>\n\t\t\t\t<\/div>\n\t\t<div class=\"elementor-element elementor-element-fd31aef e-con-full animated-slow e-flex elementor-invisible e-con e-child\" data-id=\"fd31aef\" data-element_type=\"container\" data-e-type=\"container\" data-settings=\"{&quot;animation&quot;:&quot;fadeIn&quot;}\">\n\t\t\t\t<div class=\"elementor-element elementor-element-cbd4bd6 elementor-widget elementor-widget-image\" data-id=\"cbd4bd6\" data-element_type=\"widget\" data-e-type=\"widget\" data-widget_type=\"image.default\">\n\t\t\t\t<div class=\"elementor-widget-container\">\n\t\t\t\t\t\t\t\t\t\t\t\t\t\t\t<img fetchpriority=\"high\" decoding=\"async\" width=\"800\" height=\"525\" src=\"https:\/\/malmoarenahotel.com\/wp-content\/uploads\/2024\/04\/hyllie-station-1-1024x672.jpg\" class=\"attachment-large size-large wp-image-3478\" alt=\"\" srcset=\"https:\/\/malmoarenahotel.com\/wp-content\/uploads\/2024\/04\/hyllie-station-1-1024x672.jpg 1024w, https:\/\/malmoarenahotel.com\/wp-content\/uploads\/2024\/04\/hyllie-station-1-300x197.jpg 300w, https:\/\/malmoarenahotel.com\/wp-content\/uploads\/2024\/04\/hyllie-station-1-768x504.jpg 768w, https:\/\/malmoarenahotel.com\/wp-content\/uploads\/2024\/04\/hyllie-station-1-1536x1008.jpg 1536w, https:\/\/malmoarenahotel.com\/wp-content\/uploads\/2024\/04\/hyllie-station-1-2048x1343.jpg 2048w, https:\/\/malmoarenahotel.com\/wp-content\/uploads\/2024\/04\/hyllie-station-1-18x12.jpg 18w\" sizes=\"(max-width: 800px) 100vw, 800px\" \/>\t\t\t\t\t\t\t\t\t\t\t\t\t\t\t<\/div>\n\t\t\t\t<\/div>\n\t\t\t\t<\/div>\n\t\t\t\t<\/div>\n\t\t<div class=\"elementor-element elementor-element-46634bf e-con-full e-flex e-con e-parent\" data-id=\"46634bf\" data-element_type=\"container\" data-e-type=\"container\">\n\t\t<div class=\"elementor-element elementor-element-4caf5e5 e-con-full e-flex e-con e-child\" data-id=\"4caf5e5\" data-element_type=\"container\" data-e-type=\"container\">\n\t\t<div class=\"elementor-element elementor-element-f5909df animated-slow e-flex e-con-boxed elementor-invisible e-con e-child\" data-id=\"f5909df\" data-element_type=\"container\" data-e-type=\"container\" data-settings=\"{&quot;animation&quot;:&quot;fadeIn&quot;}\">\n\t\t\t\t\t<div class=\"e-con-inner\">\n\t\t<div class=\"elementor-element elementor-element-c15cf0f animated-slow e-flex e-con-boxed elementor-invisible e-con e-child\" data-id=\"c15cf0f\" data-element_type=\"container\" data-e-type=\"container\" data-settings=\"{&quot;animation&quot;:&quot;fadeIn&quot;}\">\n\t\t\t\t\t<div class=\"e-con-inner\">\n\t\t\t\t<div class=\"elementor-element elementor-element-001c115 elementor-widget elementor-widget-image\" data-id=\"001c115\" data-element_type=\"widget\" data-e-type=\"widget\" data-widget_type=\"image.default\">\n\t\t\t\t<div class=\"elementor-widget-container\">\n\t\t\t\t\t\t\t\t\t\t\t\t\t\t\t<img decoding=\"async\" width=\"800\" height=\"802\" src=\"https:\/\/malmoarenahotel.com\/wp-content\/uploads\/2024\/04\/praktiskt-info-hund-scaled-kopiera-1022x1024.jpg\" class=\"attachment-large size-large wp-image-3487\" alt=\"\" srcset=\"https:\/\/malmoarenahotel.com\/wp-content\/uploads\/2024\/04\/praktiskt-info-hund-scaled-kopiera-1022x1024.jpg 1022w, https:\/\/malmoarenahotel.com\/wp-content\/uploads\/2024\/04\/praktiskt-info-hund-scaled-kopiera-300x300.jpg 300w, https:\/\/malmoarenahotel.com\/wp-content\/uploads\/2024\/04\/praktiskt-info-hund-scaled-kopiera-150x150.jpg 150w, https:\/\/malmoarenahotel.com\/wp-content\/uploads\/2024\/04\/praktiskt-info-hund-scaled-kopiera-768x770.jpg 768w, https:\/\/malmoarenahotel.com\/wp-content\/uploads\/2024\/04\/praktiskt-info-hund-scaled-kopiera-1533x1536.jpg 1533w, https:\/\/malmoarenahotel.com\/wp-content\/uploads\/2024\/04\/praktiskt-info-hund-scaled-kopiera-12x12.jpg 12w, https:\/\/malmoarenahotel.com\/wp-content\/uploads\/2024\/04\/praktiskt-info-hund-scaled-kopiera.jpg 1920w\" sizes=\"(max-width: 800px) 100vw, 800px\" \/>\t\t\t\t\t\t\t\t\t\t\t\t\t\t\t<\/div>\n\t\t\t\t<\/div>\n\t\t\t\t\t<\/div>\n\t\t\t\t<\/div>\n\t\t\t\t\t<\/div>\n\t\t\t\t<\/div>\n\t\t\t\t<\/div>\n\t\t<div class=\"elementor-element elementor-element-ee409fa e-con-full animated-slow e-flex elementor-invisible e-con e-child\" data-id=\"ee409fa\" data-element_type=\"container\" data-e-type=\"container\" data-settings=\"{&quot;animation&quot;:&quot;fadeIn&quot;}\">\n\t\t\t\t<div class=\"elementor-element elementor-element-ef5963f elementor-widget elementor-widget-text-editor\" data-id=\"ef5963f\" data-element_type=\"widget\" data-e-type=\"widget\" data-widget_type=\"text-editor.default\">\n\t\t\t\t<div class=\"elementor-widget-container\">\n\t\t\t\t\t\t\t\t\t<p>Kasse<\/p>\t\t\t\t\t\t\t\t<\/div>\n\t\t\t\t<\/div>\n\t\t\t\t<div class=\"elementor-element elementor-element-68d66ed elementor-widget elementor-widget-heading\" data-id=\"68d66ed\" data-element_type=\"widget\" data-e-type=\"widget\" data-widget_type=\"heading.default\">\n\t\t\t\t<div class=\"elementor-widget-container\">\n\t\t\t\t\t<h2 class=\"elementor-heading-title elementor-size-default\">Check-in und Check-out und vieles mehr\n<\/h2>\t\t\t\t<\/div>\n\t\t\t\t<\/div>\n\t\t\t\t<div class=\"elementor-element elementor-element-e016c4c elementor-widget elementor-widget-text-editor\" data-id=\"e016c4c\" data-element_type=\"widget\" data-e-type=\"widget\" data-widget_type=\"text-editor.default\">\n\t\t\t\t<div class=\"elementor-widget-container\">\n\t\t\t\t\t\t\t\t\t<p>Wir von der Rezeption sind rund um die Uhr f\u00fcr Sie da. Hier beantworten wir gerne Ihre Fragen und helfen Ihnen bei allem, von der Tischreservierung \u00fcber die Ermittlung der Zugfahrzeiten bis hin zu Tipps zu Sehensw\u00fcrdigkeiten und vielem mehr. Dar\u00fcber hinaus gibt es in unserem Mini-Store noch ein paar Leckereien zu kaufen.<\/p><p>Der Check-in ist ab 15:00 Uhr und der Check-out bis sp\u00e4testens 11:00 Uhr m\u00f6glich.<\/p><p>Telefonnummer: <span style=\"text-decoration: underline;\"><strong><a href=\"Telefon: +46 40 642 04 00\">+46 40 642 04 00<\/a><\/strong><\/span><\/p><p>Email: <span style=\"text-decoration: underline;\"><strong><a href=\"mailto:info@malmoarenahotel.com\">info@malmoarenahotel.com<\/a><\/strong><\/span><\/p>\t\t\t\t\t\t\t\t<\/div>\n\t\t\t\t<\/div>\n\t\t\t\t<\/div>\n\t\t\t\t<\/div>\n\t\t<div class=\"elementor-element elementor-element-3f62b34 e-con-full e-flex e-con e-parent\" data-id=\"3f62b34\" data-element_type=\"container\" data-e-type=\"container\">\n\t\t<div class=\"elementor-element elementor-element-bcaf983 e-con-full animated-slow e-flex elementor-invisible e-con e-child\" data-id=\"bcaf983\" data-element_type=\"container\" data-e-type=\"container\" data-settings=\"{&quot;animation&quot;:&quot;fadeIn&quot;}\">\n\t\t\t\t<div class=\"elementor-element elementor-element-caebc09 elementor-widget elementor-widget-text-editor\" data-id=\"caebc09\" data-element_type=\"widget\" data-e-type=\"widget\" data-widget_type=\"text-editor.default\">\n\t\t\t\t<div class=\"elementor-widget-container\">\n\t\t\t\t\t\t\t\t\t<p>MIT DEM AUTO ZU UNS<\/p>\t\t\t\t\t\t\t\t<\/div>\n\t\t\t\t<\/div>\n\t\t\t\t<div class=\"elementor-element elementor-element-9a216fd elementor-widget elementor-widget-heading\" data-id=\"9a216fd\" data-element_type=\"widget\" data-e-type=\"widget\" data-widget_type=\"heading.default\">\n\t\t\t\t<div class=\"elementor-widget-container\">\n\t\t\t\t\t<h2 class=\"elementor-heading-title elementor-size-default\">Parken<\/h2>\t\t\t\t<\/div>\n\t\t\t\t<\/div>\n\t\t\t\t<div class=\"elementor-element elementor-element-21b54ee elementor-widget elementor-widget-text-editor\" data-id=\"21b54ee\" data-element_type=\"widget\" data-e-type=\"widget\" data-widget_type=\"text-editor.default\">\n\t\t\t\t<div class=\"elementor-widget-container\">\n\t\t\t\t\t\t\t\t\t<p>F\u00fcr unsere G\u00e4ste, die mit dem Auto anreisen, k\u00f6nnen wir je nach Verf\u00fcgbarkeit beim Check-in im Hotel eine Garage oder einen Parkplatz im oder in der N\u00e4he des Hotels anbieten.<\/p><p>Garage 275:-\/natt<br \/>F\u00f6rbokad parkering 350:-<\/p><p>Elplats: 675 kr (275 kr plats + 400 kr laddning)<br \/>F\u00f6rbokning elplats: 750 kr (350 kr plats + 400 kr laddning)<\/p><p>In unserer Garage im Malm\u00f6 Arena Tower gibt es auch Ladestationen zum Laden von Elektroautos mit der Ladekarte von Eway oder \u00fcber die Parkster-App (Zonencode 80906, w\u00e4hlen Sie eine Steckdose in der Dropdown-Liste aus).<\/p><p>Auch Parkpl\u00e4tze sind in unmittelbarer N\u00e4he ausreichend vorhanden.<\/p>\t\t\t\t\t\t\t\t<\/div>\n\t\t\t\t<\/div>\n\t\t\t\t<\/div>\n\t\t<div class=\"elementor-element elementor-element-e0102eb animated-slow e-flex e-con-boxed elementor-invisible e-con e-child\" data-id=\"e0102eb\" data-element_type=\"container\" data-e-type=\"container\" data-settings=\"{&quot;animation&quot;:&quot;fadeIn&quot;}\">\n\t\t\t\t\t<div class=\"e-con-inner\">\n\t\t\t\t<div class=\"elementor-element elementor-element-496ef11 elementor-widget elementor-widget-image\" data-id=\"496ef11\" data-element_type=\"widget\" data-e-type=\"widget\" data-widget_type=\"image.default\">\n\t\t\t\t<div class=\"elementor-widget-container\">\n\t\t\t\t\t\t\t\t\t\t\t\t\t\t\t<img decoding=\"async\" width=\"800\" height=\"818\" src=\"https:\/\/malmoarenahotel.com\/wp-content\/uploads\/2024\/04\/garage-mah-1536x2048-2-1002x1024.jpg\" class=\"attachment-large size-large wp-image-3867\" alt=\"\" srcset=\"https:\/\/malmoarenahotel.com\/wp-content\/uploads\/2024\/04\/garage-mah-1536x2048-2-1002x1024.jpg 1002w, https:\/\/malmoarenahotel.com\/wp-content\/uploads\/2024\/04\/garage-mah-1536x2048-2-294x300.jpg 294w, https:\/\/malmoarenahotel.com\/wp-content\/uploads\/2024\/04\/garage-mah-1536x2048-2-768x785.jpg 768w, https:\/\/malmoarenahotel.com\/wp-content\/uploads\/2024\/04\/garage-mah-1536x2048-2-1503x1536.jpg 1503w, https:\/\/malmoarenahotel.com\/wp-content\/uploads\/2024\/04\/garage-mah-1536x2048-2-12x12.jpg 12w, https:\/\/malmoarenahotel.com\/wp-content\/uploads\/2024\/04\/garage-mah-1536x2048-2.jpg 1536w\" sizes=\"(max-width: 800px) 100vw, 800px\" \/>\t\t\t\t\t\t\t\t\t\t\t\t\t\t\t<\/div>\n\t\t\t\t<\/div>\n\t\t\t\t\t<\/div>\n\t\t\t\t<\/div>\n\t\t\t\t<\/div>\n\t\t<div class=\"elementor-element elementor-element-45ae7d4 e-con-full e-flex e-con e-parent\" data-id=\"45ae7d4\" data-element_type=\"container\" data-e-type=\"container\">\n\t\t<div class=\"elementor-element elementor-element-f89b4dc e-con-full e-flex e-con e-child\" data-id=\"f89b4dc\" data-element_type=\"container\" data-e-type=\"container\">\n\t\t<div class=\"elementor-element elementor-element-815c487 e-flex e-con-boxed e-con e-child\" data-id=\"815c487\" data-element_type=\"container\" data-e-type=\"container\" data-settings=\"{&quot;background_background&quot;:&quot;classic&quot;}\">\n\t\t\t\t\t<div class=\"e-con-inner\">\n\t\t<div class=\"elementor-element elementor-element-427c7e7 animated-slow e-flex e-con-boxed elementor-invisible e-con e-child\" data-id=\"427c7e7\" data-element_type=\"container\" data-e-type=\"container\" data-settings=\"{&quot;animation&quot;:&quot;fadeIn&quot;}\">\n\t\t\t\t\t<div class=\"e-con-inner\">\n\t\t\t\t<div class=\"elementor-element elementor-element-aca41ad elementor-widget elementor-widget-image\" data-id=\"aca41ad\" data-element_type=\"widget\" data-e-type=\"widget\" data-widget_type=\"image.default\">\n\t\t\t\t<div class=\"elementor-widget-container\">\n\t\t\t\t\t\t\t\t\t\t\t\t\t\t\t<img loading=\"lazy\" decoding=\"async\" width=\"2560\" height=\"1708\" src=\"https:\/\/malmoarenahotel.com\/wp-content\/uploads\/2024\/03\/Lekrum1-scaled.jpg\" class=\"attachment-full size-full wp-image-2094\" alt=\"\" srcset=\"https:\/\/malmoarenahotel.com\/wp-content\/uploads\/2024\/03\/Lekrum1-scaled.jpg 2560w, https:\/\/malmoarenahotel.com\/wp-content\/uploads\/2024\/03\/Lekrum1-300x200.jpg 300w, https:\/\/malmoarenahotel.com\/wp-content\/uploads\/2024\/03\/Lekrum1-1024x683.jpg 1024w, https:\/\/malmoarenahotel.com\/wp-content\/uploads\/2024\/03\/Lekrum1-768x512.jpg 768w, https:\/\/malmoarenahotel.com\/wp-content\/uploads\/2024\/03\/Lekrum1-1536x1025.jpg 1536w, https:\/\/malmoarenahotel.com\/wp-content\/uploads\/2024\/03\/Lekrum1-2048x1366.jpg 2048w, https:\/\/malmoarenahotel.com\/wp-content\/uploads\/2024\/03\/Lekrum1-18x12.jpg 18w\" sizes=\"(max-width: 2560px) 100vw, 2560px\" \/>\t\t\t\t\t\t\t\t\t\t\t\t\t\t\t<\/div>\n\t\t\t\t<\/div>\n\t\t\t\t\t<\/div>\n\t\t\t\t<\/div>\n\t\t\t\t\t<\/div>\n\t\t\t\t<\/div>\n\t\t\t\t<\/div>\n\t\t<div class=\"elementor-element elementor-element-7610a13 e-con-full animated-slow e-flex elementor-invisible e-con e-child\" data-id=\"7610a13\" data-element_type=\"container\" data-e-type=\"container\" data-settings=\"{&quot;animation&quot;:&quot;fadeIn&quot;}\">\n\t\t\t\t<div class=\"elementor-element elementor-element-74ad575 elementor-widget elementor-widget-text-editor\" data-id=\"74ad575\" data-element_type=\"widget\" data-e-type=\"widget\" data-widget_type=\"text-editor.default\">\n\t\t\t\t<div class=\"elementor-widget-container\">\n\t\t\t\t\t\t\t\t\t<p>EIN ORT F\u00dcR DIE KLEINEN<\/p>\t\t\t\t\t\t\t\t<\/div>\n\t\t\t\t<\/div>\n\t\t\t\t<div class=\"elementor-element elementor-element-bbd6257 elementor-widget elementor-widget-heading\" data-id=\"bbd6257\" data-element_type=\"widget\" data-e-type=\"widget\" data-widget_type=\"heading.default\">\n\t\t\t\t<div class=\"elementor-widget-container\">\n\t\t\t\t\t<h2 class=\"elementor-heading-title elementor-size-default\">Das Spielzimmer<\/h2>\t\t\t\t<\/div>\n\t\t\t\t<\/div>\n\t\t\t\t<div class=\"elementor-element elementor-element-2115edd elementor-widget elementor-widget-text-editor\" data-id=\"2115edd\" data-element_type=\"widget\" data-e-type=\"widget\" data-widget_type=\"text-editor.default\">\n\t\t\t\t<div class=\"elementor-widget-container\">\n\t\t\t\t\t\t\t\t\t<p>Entdecken Sie bei uns unser fantasievolles Spielzimmer, das direkt aus der Welt von Funny dekoriert ist! Hier k\u00f6nnen die Kinder zeichnen, spielen, lesen und basteln.<\/p><p>Viele kennen wahrscheinlich Junibacken in Stockholm, ein sehr beliebtes Kulturzentrum f\u00fcr Kinder, in dem unter anderem Astrid Lindgrens M\u00e4rchen in einem M\u00e4rchenzug erz\u00e4hlt werden. Im Herbst 2020 er\u00f6ffneten Staffan G\u00f6testam &amp; Co. ein \u00e4hnliches Kulturzentrum in Malm\u00f6, n\u00e4mlich Funny&#039;s Adventure! Das Malm\u00f6 Arena Hotel ist einer der Gr\u00fcnder und exklusiver Hotelpartner, wor\u00fcber wir uns sehr freuen. Gerne k\u00f6nnen auch Sie bei uns in die Welt von Funny hineinschnuppern.<\/p>\t\t\t\t\t\t\t\t<\/div>\n\t\t\t\t<\/div>\n\t\t\t\t<\/div>\n\t\t\t\t<\/div>\n\t\t<div class=\"elementor-element elementor-element-bb53ec2 e-con-full e-flex e-con e-parent\" data-id=\"bb53ec2\" data-element_type=\"container\" data-e-type=\"container\">\n\t\t<div class=\"elementor-element elementor-element-250a901 e-con-full animated-slow e-flex elementor-invisible e-con e-child\" data-id=\"250a901\" data-element_type=\"container\" data-e-type=\"container\" data-settings=\"{&quot;animation&quot;:&quot;fadeIn&quot;}\">\n\t\t\t\t<div class=\"elementor-element elementor-element-7ed7e1c elementor-widget elementor-widget-text-editor\" data-id=\"7ed7e1c\" data-element_type=\"widget\" data-e-type=\"widget\" data-widget_type=\"text-editor.default\">\n\t\t\t\t<div class=\"elementor-widget-container\">\n\t\t\t\t\t\t\t\t\t<p>F\u00dcR DEINE GESUNDHEIT<\/p>\t\t\t\t\t\t\t\t<\/div>\n\t\t\t\t<\/div>\n\t\t\t\t<div class=\"elementor-element elementor-element-0014f2b elementor-widget elementor-widget-heading\" data-id=\"0014f2b\" data-element_type=\"widget\" data-e-type=\"widget\" data-widget_type=\"heading.default\">\n\t\t\t\t<div class=\"elementor-widget-container\">\n\t\t\t\t\t<h2 class=\"elementor-heading-title elementor-size-default\">Bewegung und Sauna\n<\/h2>\t\t\t\t<\/div>\n\t\t\t\t<\/div>\n\t\t\t\t<div class=\"elementor-element elementor-element-9e5e8bc elementor-widget elementor-widget-text-editor\" data-id=\"9e5e8bc\" data-element_type=\"widget\" data-e-type=\"widget\" data-widget_type=\"text-editor.default\">\n\t\t\t\t<div class=\"elementor-widget-container\">\n\t\t\t\t\t\t\t\t\t<p>Unser moderner Fitnessraum und unser Saunabereich befinden sich im zweiten Stock des Hotels. Zu diesen haben alle G\u00e4ste freien Eintritt. Wenn Sie laufen m\u00f6chten, gibt es in der unmittelbaren Umgebung auch gute \u00dcbungsstrecken und zum Beispiel sch\u00f6ne <strong><a href=\"https:\/\/hyllie.com\/\" target=\"_blank\" rel=\"noopener\">Hylliv\u00e5ngsparken<\/a><\/strong> f\u00fcr einen Spaziergang. F\u00fcnfhundert Meter entfernt liegt Hylliebadet, f\u00fcr diejenigen unter Ihnen, die die Gelegenheit zum Schwimmen nutzen m\u00f6chten, wenn Sie hier wohnen.<\/p>\t\t\t\t\t\t\t\t<\/div>\n\t\t\t\t<\/div>\n\t\t\t\t<\/div>\n\t\t<div class=\"elementor-element elementor-element-d539f1c e-con-full animated-slow e-flex elementor-invisible e-con e-child\" data-id=\"d539f1c\" data-element_type=\"container\" data-e-type=\"container\" data-settings=\"{&quot;animation&quot;:&quot;fadeIn&quot;}\">\n\t\t\t\t<div class=\"elementor-element elementor-element-6a41ad7 elementor-widget elementor-widget-image\" data-id=\"6a41ad7\" data-element_type=\"widget\" data-e-type=\"widget\" data-widget_type=\"image.default\">\n\t\t\t\t<div class=\"elementor-widget-container\">\n\t\t\t\t\t\t\t\t\t\t\t\t\t\t\t<img loading=\"lazy\" decoding=\"async\" width=\"800\" height=\"441\" src=\"https:\/\/malmoarenahotel.com\/wp-content\/uploads\/2024\/03\/Gym_redigerad-1024x565.jpg\" class=\"attachment-large size-large wp-image-2093\" alt=\"\" srcset=\"https:\/\/malmoarenahotel.com\/wp-content\/uploads\/2024\/03\/Gym_redigerad-1024x565.jpg 1024w, https:\/\/malmoarenahotel.com\/wp-content\/uploads\/2024\/03\/Gym_redigerad-300x165.jpg 300w, https:\/\/malmoarenahotel.com\/wp-content\/uploads\/2024\/03\/Gym_redigerad-768x424.jpg 768w, https:\/\/malmoarenahotel.com\/wp-content\/uploads\/2024\/03\/Gym_redigerad-1536x847.jpg 1536w, https:\/\/malmoarenahotel.com\/wp-content\/uploads\/2024\/03\/Gym_redigerad-18x10.jpg 18w, https:\/\/malmoarenahotel.com\/wp-content\/uploads\/2024\/03\/Gym_redigerad.jpg 1920w\" sizes=\"(max-width: 800px) 100vw, 800px\" \/>\t\t\t\t\t\t\t\t\t\t\t\t\t\t\t<\/div>\n\t\t\t\t<\/div>\n\t\t\t\t<\/div>\n\t\t\t\t<\/div>\n\t\t\t\t<\/div>","protected":false},"excerpt":{"rendered":"<p>Praktisk information Tillg\u00e4nglighet Avst\u00e5nd och infrastruktur Malm\u00f6 Arena Hotel har ett v\u00e4ldigt bra l\u00e4ge och fantastisk tillg\u00e4nglighet som g\u00f6r det enkelt att ta sig hit vare sig du kommer med flyg, t\u00e5g, buss, bil eller cykel. Hotellet ligger endast 300 meter fr\u00e5n t\u00e5gstation Hyllie. D\u00e4r kan du till exempel ta t\u00e5get till centrala Malm\u00f6 p\u00e5 [&hellip;]<\/p>\n","protected":false},"author":2,"featured_media":0,"parent":0,"menu_order":0,"comment_status":"closed","ping_status":"closed","template":"","meta":{"_acf_changed":false,"footnotes":""},"class_list":["post-1492","page","type-page","status-publish","hentry"],"acf":[],"publishpress_future_workflow_manual_trigger":{"enabledWorkflows":[]},"_links":{"self":[{"href":"https:\/\/malmoarenahotel.com\/de\/wp-json\/wp\/v2\/pages\/1492","targetHints":{"allow":["GET"]}}],"collection":[{"href":"https:\/\/malmoarenahotel.com\/de\/wp-json\/wp\/v2\/pages"}],"about":[{"href":"https:\/\/malmoarenahotel.com\/de\/wp-json\/wp\/v2\/types\/page"}],"author":[{"embeddable":true,"href":"https:\/\/malmoarenahotel.com\/de\/wp-json\/wp\/v2\/users\/2"}],"replies":[{"embeddable":true,"href":"https:\/\/malmoarenahotel.com\/de\/wp-json\/wp\/v2\/comments?post=1492"}],"version-history":[{"count":3,"href":"https:\/\/malmoarenahotel.com\/de\/wp-json\/wp\/v2\/pages\/1492\/revisions"}],"predecessor-version":[{"id":7550,"href":"https:\/\/malmoarenahotel.com\/de\/wp-json\/wp\/v2\/pages\/1492\/revisions\/7550"}],"wp:attachment":[{"href":"https:\/\/malmoarenahotel.com\/de\/wp-json\/wp\/v2\/media?parent=1492"}],"curies":[{"name":"wp","href":"https:\/\/api.w.org\/{rel}","templated":true}]}}