{"id":1519,"date":"2024-02-21T15:02:28","date_gmt":"2024-02-21T15:02:28","guid":{"rendered":"https:\/\/malmoarenahotel.com\/?page_id=1519"},"modified":"2024-04-25T08:25:54","modified_gmt":"2024-04-25T08:25:54","slug":"besoksmal","status":"publish","type":"page","link":"https:\/\/malmoarenahotel.com\/de\/heimsuchung\/","title":{"rendered":"Reiseziele"},"content":{"rendered":"<div data-elementor-type=\"wp-page\" data-elementor-id=\"1519\" class=\"elementor elementor-1519\" data-elementor-post-type=\"page\">\n\t\t\t\t<div data-dce-background-overlay-color=\"#000000\" data-dce-background-image-url=\"https:\/\/malmoarenahotel.com\/wp-content\/uploads\/2024\/02\/DSC9134-MT_photo_Werner_Nystrand-e1624023394749.jpg\" class=\"elementor-element elementor-element-2729c5f e-flex e-con-boxed e-con e-parent\" data-id=\"2729c5f\" data-element_type=\"container\" data-e-type=\"container\" data-settings=\"{&quot;background_background&quot;:&quot;classic&quot;}\">\n\t\t\t\t\t<div class=\"e-con-inner\">\n\t\t\t\t<div class=\"elementor-element elementor-element-da9a4a6 elementor-widget elementor-widget-heading\" data-id=\"da9a4a6\" data-element_type=\"widget\" data-e-type=\"widget\" data-widget_type=\"heading.default\">\n\t\t\t\t<div class=\"elementor-widget-container\">\n\t\t\t\t\t<h1 class=\"elementor-heading-title elementor-size-default\">Reiseziele<\/h1>\t\t\t\t<\/div>\n\t\t\t\t<\/div>\n\t\t\t\t\t<\/div>\n\t\t\t\t<\/div>\n\t\t<div class=\"elementor-element elementor-element-220a335 e-flex e-con-boxed e-con e-parent\" data-id=\"220a335\" data-element_type=\"container\" data-e-type=\"container\">\n\t\t\t\t\t<div class=\"e-con-inner\">\n\t\t\t\t<div class=\"elementor-element elementor-element-2c9412a dce-col-3 dce-col-tablet-2 dce-posts-layout-default dce-col-mobile-1 dce-align-left elementor-widget elementor-widget-dce-dynamicposts-v2\" data-id=\"2c9412a\" data-element_type=\"widget\" data-e-type=\"widget\" data-settings=\"{&quot;templatemode_linkable&quot;:&quot;yes&quot;,&quot;style_items&quot;:&quot;default&quot;,&quot;grid_grid_type&quot;:&quot;flex&quot;}\" data-widget_type=\"dce-dynamicposts-v2.grid\">\n\t\t\t\t<div class=\"elementor-widget-container\">\n\t\t\t\t\t\n\t\t<div class=\"dce-fix-background-loop dce-posts-container dce-posts dce-dynamic-posts-collection  dce-skin-grid dce-skin-grid-flex\">\n\t\t\t\t\t\t<div class=\"dce-posts-wrapper dce-wrapper-grid\">\n\t\t\t\n\t\t<article class=\"post-5921 besokmal type-besokmal status-publish has-post-thumbnail hentry tag_erbjudanden-naromradet dce-post dce-post-item dce-item-grid\" data-dce-post-id=\"5921\" data-dce-post-index=\"0\" data-post-link=\"https:\/\/malmoarenahotel.com\/de\/besokmal\/mitarbeitertipps-in-malmo-fur-die-familie-2\/\">\n\t\t\t<div class=\"dce-post-block\">\n\t\t<div class=\"dce-item dce-item_image elementor-repeater-item-bf8c94f\"><a class=\"dce-post-image\" href=\"https:\/\/malmoarenahotel.com\/de\/besokmal\/mitarbeitertipps-in-malmo-fur-die-familie-2\/\"><figure data-image-ratio=\"1\" class=\"dce-img\"><img fetchpriority=\"high\" decoding=\"async\" width=\"2560\" height=\"1707\" src=\"https:\/\/malmoarenahotel.com\/wp-content\/uploads\/2024\/04\/653A3687-scaled.jpg\" class=\"\" alt=\"Die besten Tipps des Personals in Malm\u00f6 f\u00fcr die Familie!\" srcset=\"https:\/\/malmoarenahotel.com\/wp-content\/uploads\/2024\/04\/653A3687-scaled.jpg 2560w, https:\/\/malmoarenahotel.com\/wp-content\/uploads\/2024\/04\/653A3687-300x200.jpg 300w, https:\/\/malmoarenahotel.com\/wp-content\/uploads\/2024\/04\/653A3687-1024x683.jpg 1024w, https:\/\/malmoarenahotel.com\/wp-content\/uploads\/2024\/04\/653A3687-768x512.jpg 768w, https:\/\/malmoarenahotel.com\/wp-content\/uploads\/2024\/04\/653A3687-1536x1024.jpg 1536w, https:\/\/malmoarenahotel.com\/wp-content\/uploads\/2024\/04\/653A3687-2048x1366.jpg 2048w, https:\/\/malmoarenahotel.com\/wp-content\/uploads\/2024\/04\/653A3687-18x12.jpg 18w\" sizes=\"(max-width: 2560px) 100vw, 2560px\" \/><\/figure><\/a><\/div><div class=\"dce-item dce-item_termstaxonomy elementor-repeater-item-6aa50e2\"><div class=\"dce-post-terms\"><ul class=\"dce-terms-list dce-taxonomy-tag_erbjudanden\"><li class=\"dce-term-item\"><span class=\"dce-term dce-term-24\" data-dce-order=\"\"><a href=\"https:\/\/malmoarenahotel.com\/de\/tag_erbjudanden\/die-unmittelbare-umgebung\/\">Die unmittelbare Umgebung<\/a><\/span><\/li><\/ul><\/div><\/div><div class=\"dce-item dce-item_title elementor-repeater-item-d2c0e52\"><h3 class=\"dce-post-title\"><a href=\"https:\/\/malmoarenahotel.com\/de\/besokmal\/mitarbeitertipps-in-malmo-fur-die-familie-2\/\">Die besten Tipps des Personals in Malm\u00f6 f\u00fcr die Familie!<\/a><\/h3><\/div><div class=\"dce-item dce-item_content elementor-repeater-item-0f373c9\"><div class=\"dce-post-content\">Einzigartige Ausflugsziele, die perfekt in H\u2026 passen<\/div><\/div><div class=\"dce-item dce-item_readmore elementor-repeater-item-b1299a6\">\t\t<div class=\"dce-post-button\">\n\t\t\t<a href=\"https:\/\/malmoarenahotel.com\/de\/besokmal\/mitarbeitertipps-in-malmo-fur-die-familie-2\/\" class=\"elementor-button-link elementor-button dce-button elementor-size-sm\" role=\"button\" >\n\t\t\tMehr lesen\t\t\t<\/a>\n\t\t<\/div>\n\t\t<\/div>\t\t\t<\/div>\n\t\t<\/article>\n\t\t\n\t\t<article class=\"post-6465 besokmal type-besokmal status-publish has-post-thumbnail hentry tag_erbjudanden-naromradet dce-post dce-post-item dce-item-grid\" data-dce-post-id=\"6465\" data-dce-post-index=\"1\" data-post-link=\"https:\/\/malmoarenahotel.com\/de\/besokmal\/die-besten-tipps-des-personals-in-malmo-fur-2\/\">\n\t\t\t<div class=\"dce-post-block\">\n\t\t<div class=\"dce-item dce-item_image elementor-repeater-item-bf8c94f\"><a class=\"dce-post-image\" href=\"https:\/\/malmoarenahotel.com\/de\/besokmal\/die-besten-tipps-des-personals-in-malmo-fur-2\/\"><figure data-image-ratio=\"1\" class=\"dce-img\"><img decoding=\"async\" width=\"2560\" height=\"1708\" src=\"https:\/\/malmoarenahotel.com\/wp-content\/uploads\/2024\/04\/653A5263-scaled.jpg\" class=\"\" alt=\"Die besten Tipps des Personals in Malm\u00f6 f\u00fcr 2!\" srcset=\"https:\/\/malmoarenahotel.com\/wp-content\/uploads\/2024\/04\/653A5263-scaled.jpg 2560w, https:\/\/malmoarenahotel.com\/wp-content\/uploads\/2024\/04\/653A5263-300x200.jpg 300w, https:\/\/malmoarenahotel.com\/wp-content\/uploads\/2024\/04\/653A5263-1024x683.jpg 1024w, https:\/\/malmoarenahotel.com\/wp-content\/uploads\/2024\/04\/653A5263-768x512.jpg 768w, https:\/\/malmoarenahotel.com\/wp-content\/uploads\/2024\/04\/653A5263-1536x1025.jpg 1536w, https:\/\/malmoarenahotel.com\/wp-content\/uploads\/2024\/04\/653A5263-2048x1366.jpg 2048w, https:\/\/malmoarenahotel.com\/wp-content\/uploads\/2024\/04\/653A5263-18x12.jpg 18w\" sizes=\"(max-width: 2560px) 100vw, 2560px\" \/><\/figure><\/a><\/div><div class=\"dce-item dce-item_termstaxonomy elementor-repeater-item-6aa50e2\"><div class=\"dce-post-terms\"><ul class=\"dce-terms-list dce-taxonomy-tag_erbjudanden\"><li class=\"dce-term-item\"><span class=\"dce-term dce-term-24\" data-dce-order=\"\"><a href=\"https:\/\/malmoarenahotel.com\/de\/tag_erbjudanden\/die-unmittelbare-umgebung\/\">Die unmittelbare Umgebung<\/a><\/span><\/li><\/ul><\/div><\/div><div class=\"dce-item dce-item_title elementor-repeater-item-d2c0e52\"><h3 class=\"dce-post-title\"><a href=\"https:\/\/malmoarenahotel.com\/de\/besokmal\/die-besten-tipps-des-personals-in-malmo-fur-2\/\">Die besten Tipps des Personals in Malm\u00f6 f\u00fcr 2!<\/a><\/h3><\/div><div class=\"dce-item dce-item_content elementor-repeater-item-0f373c9\"><div class=\"dce-post-content\">Einzigartige Ausflugsziele, die perfekt in H\u2026 passen<\/div><\/div><div class=\"dce-item dce-item_readmore elementor-repeater-item-b1299a6\">\t\t<div class=\"dce-post-button\">\n\t\t\t<a href=\"https:\/\/malmoarenahotel.com\/de\/besokmal\/die-besten-tipps-des-personals-in-malmo-fur-2\/\" class=\"elementor-button-link elementor-button dce-button elementor-size-sm\" role=\"button\" >\n\t\t\tMehr lesen\t\t\t<\/a>\n\t\t<\/div>\n\t\t<\/div>\t\t\t<\/div>\n\t\t<\/article>\n\t\t\n\t\t<article class=\"post-1530 besokmal type-besokmal status-publish has-post-thumbnail hentry tag_erbjudanden-naromradet dce-post dce-post-item dce-item-grid\" data-dce-post-id=\"1530\" data-dce-post-index=\"2\" data-post-link=\"https:\/\/malmoarenahotel.com\/de\/besokmal\/der-kinderstrang\/\">\n\t\t\t<div class=\"dce-post-block\">\n\t\t<div class=\"dce-item dce-item_image elementor-repeater-item-bf8c94f\"><a class=\"dce-post-image\" href=\"https:\/\/malmoarenahotel.com\/de\/besokmal\/der-kinderstrang\/\"><figure data-image-ratio=\"1\" class=\"dce-img\"><img decoding=\"async\" width=\"1240\" height=\"502\" src=\"https:\/\/malmoarenahotel.com\/wp-content\/uploads\/2024\/02\/Hotellpaket-familj-rum.jpg\" class=\"\" alt=\"Scania f\u00fcr Kinder\" srcset=\"https:\/\/malmoarenahotel.com\/wp-content\/uploads\/2024\/02\/Hotellpaket-familj-rum.jpg 1240w, https:\/\/malmoarenahotel.com\/wp-content\/uploads\/2024\/02\/Hotellpaket-familj-rum-300x121.jpg 300w, https:\/\/malmoarenahotel.com\/wp-content\/uploads\/2024\/02\/Hotellpaket-familj-rum-1024x415.jpg 1024w, https:\/\/malmoarenahotel.com\/wp-content\/uploads\/2024\/02\/Hotellpaket-familj-rum-768x311.jpg 768w\" sizes=\"(max-width: 1240px) 100vw, 1240px\" \/><\/figure><\/a><\/div><div class=\"dce-item dce-item_termstaxonomy elementor-repeater-item-6aa50e2\"><div class=\"dce-post-terms\"><ul class=\"dce-terms-list dce-taxonomy-tag_erbjudanden\"><li class=\"dce-term-item\"><span class=\"dce-term dce-term-24\" data-dce-order=\"\"><a href=\"https:\/\/malmoarenahotel.com\/de\/tag_erbjudanden\/die-unmittelbare-umgebung\/\">Die unmittelbare Umgebung<\/a><\/span><\/li><\/ul><\/div><\/div><div class=\"dce-item dce-item_title elementor-repeater-item-d2c0e52\"><h3 class=\"dce-post-title\"><a href=\"https:\/\/malmoarenahotel.com\/de\/besokmal\/der-kinderstrang\/\">Scania f\u00fcr Kinder<\/a><\/h3><\/div><div class=\"dce-item dce-item_content elementor-repeater-item-0f373c9\"><div class=\"dce-post-content\">Top-Liste der Ausflugsziele f\u00fcr Familien mit Kindern\u2026<\/div><\/div><div class=\"dce-item dce-item_readmore elementor-repeater-item-b1299a6\">\t\t<div class=\"dce-post-button\">\n\t\t\t<a href=\"https:\/\/malmoarenahotel.com\/de\/besokmal\/der-kinderstrang\/\" class=\"elementor-button-link elementor-button dce-button elementor-size-sm\" role=\"button\" >\n\t\t\tMehr lesen\t\t\t<\/a>\n\t\t<\/div>\n\t\t<\/div>\t\t\t<\/div>\n\t\t<\/article>\n\t\t\n\t\t<article class=\"post-1528 besokmal type-besokmal status-publish has-post-thumbnail hentry tag_erbjudanden-naromradet dce-post dce-post-item dce-item-grid\" data-dce-post-id=\"1528\" data-dce-post-index=\"3\" data-post-link=\"https:\/\/malmoarenahotel.com\/de\/besokmal\/badekarte-in-und-um-malmo\/\">\n\t\t\t<div class=\"dce-post-block\">\n\t\t<div class=\"dce-item dce-item_image elementor-repeater-item-bf8c94f\"><a class=\"dce-post-image\" href=\"https:\/\/malmoarenahotel.com\/de\/besokmal\/badekarte-in-und-um-malmo\/\"><figure data-image-ratio=\"1\" class=\"dce-img\"><img loading=\"lazy\" decoding=\"async\" width=\"1240\" height=\"345\" src=\"https:\/\/malmoarenahotel.com\/wp-content\/uploads\/2024\/02\/Badkarta_Malmo_Arena_Hotel-low.jpg\" class=\"\" alt=\"Badekarte in und um Malm\u00f6\" srcset=\"https:\/\/malmoarenahotel.com\/wp-content\/uploads\/2024\/02\/Badkarta_Malmo_Arena_Hotel-low.jpg 1240w, https:\/\/malmoarenahotel.com\/wp-content\/uploads\/2024\/02\/Badkarta_Malmo_Arena_Hotel-low-300x83.jpg 300w, https:\/\/malmoarenahotel.com\/wp-content\/uploads\/2024\/02\/Badkarta_Malmo_Arena_Hotel-low-1024x285.jpg 1024w, https:\/\/malmoarenahotel.com\/wp-content\/uploads\/2024\/02\/Badkarta_Malmo_Arena_Hotel-low-768x214.jpg 768w, https:\/\/malmoarenahotel.com\/wp-content\/uploads\/2024\/02\/Badkarta_Malmo_Arena_Hotel-low-18x5.jpg 18w\" sizes=\"(max-width: 1240px) 100vw, 1240px\" \/><\/figure><\/a><\/div><div class=\"dce-item dce-item_termstaxonomy elementor-repeater-item-6aa50e2\"><div class=\"dce-post-terms\"><ul class=\"dce-terms-list dce-taxonomy-tag_erbjudanden\"><li class=\"dce-term-item\"><span class=\"dce-term dce-term-24\" data-dce-order=\"\"><a href=\"https:\/\/malmoarenahotel.com\/de\/tag_erbjudanden\/die-unmittelbare-umgebung\/\">Die unmittelbare Umgebung<\/a><\/span><\/li><\/ul><\/div><\/div><div class=\"dce-item dce-item_title elementor-repeater-item-d2c0e52\"><h3 class=\"dce-post-title\"><a href=\"https:\/\/malmoarenahotel.com\/de\/besokmal\/badekarte-in-und-um-malmo\/\">Badekarte in und um Malm\u00f6<\/a><\/h3><\/div><div class=\"dce-item dce-item_content elementor-repeater-item-0f373c9\"><div class=\"dce-post-content\">Badekarte mit Badestellen in und um Malm\u00f6...<\/div><\/div><div class=\"dce-item dce-item_readmore elementor-repeater-item-b1299a6\">\t\t<div class=\"dce-post-button\">\n\t\t\t<a href=\"https:\/\/malmoarenahotel.com\/de\/besokmal\/badekarte-in-und-um-malmo\/\" class=\"elementor-button-link elementor-button dce-button elementor-size-sm\" role=\"button\" >\n\t\t\tMehr lesen\t\t\t<\/a>\n\t\t<\/div>\n\t\t<\/div>\t\t\t<\/div>\n\t\t<\/article>\n\t\t\n\t\t<article class=\"post-1527 besokmal type-besokmal status-publish has-post-thumbnail hentry tag_erbjudanden-naromradet dce-post dce-post-item dce-item-grid\" data-dce-post-id=\"1527\" data-dce-post-index=\"4\" data-post-link=\"https:\/\/malmoarenahotel.com\/de\/besokmal\/gutes-leben-auf-dem-land\/\">\n\t\t\t<div class=\"dce-post-block\">\n\t\t<div class=\"dce-item dce-item_image elementor-repeater-item-bf8c94f\"><a class=\"dce-post-image\" href=\"https:\/\/malmoarenahotel.com\/de\/besokmal\/gutes-leben-auf-dem-land\/\"><figure data-image-ratio=\"1\" class=\"dce-img\"><img loading=\"lazy\" decoding=\"async\" width=\"1440\" height=\"1440\" src=\"https:\/\/malmoarenahotel.com\/wp-content\/uploads\/2024\/04\/Goda_livet_pa_landet_profil.jpg\" class=\"\" alt=\"Gutes Landleben\" srcset=\"https:\/\/malmoarenahotel.com\/wp-content\/uploads\/2024\/04\/Goda_livet_pa_landet_profil.jpg 1440w, https:\/\/malmoarenahotel.com\/wp-content\/uploads\/2024\/04\/Goda_livet_pa_landet_profil-300x300.jpg 300w, https:\/\/malmoarenahotel.com\/wp-content\/uploads\/2024\/04\/Goda_livet_pa_landet_profil-1024x1024.jpg 1024w, https:\/\/malmoarenahotel.com\/wp-content\/uploads\/2024\/04\/Goda_livet_pa_landet_profil-150x150.jpg 150w, https:\/\/malmoarenahotel.com\/wp-content\/uploads\/2024\/04\/Goda_livet_pa_landet_profil-768x768.jpg 768w, https:\/\/malmoarenahotel.com\/wp-content\/uploads\/2024\/04\/Goda_livet_pa_landet_profil-12x12.jpg 12w\" sizes=\"(max-width: 1440px) 100vw, 1440px\" \/><\/figure><\/a><\/div><div class=\"dce-item dce-item_termstaxonomy elementor-repeater-item-6aa50e2\"><div class=\"dce-post-terms\"><ul class=\"dce-terms-list dce-taxonomy-tag_erbjudanden\"><li class=\"dce-term-item\"><span class=\"dce-term dce-term-24\" data-dce-order=\"\"><a href=\"https:\/\/malmoarenahotel.com\/de\/tag_erbjudanden\/die-unmittelbare-umgebung\/\">Die unmittelbare Umgebung<\/a><\/span><\/li><\/ul><\/div><\/div><div class=\"dce-item dce-item_title elementor-repeater-item-d2c0e52\"><h3 class=\"dce-post-title\"><a href=\"https:\/\/malmoarenahotel.com\/de\/besokmal\/gutes-leben-auf-dem-land\/\">Gutes Landleben<\/a><\/h3><\/div><div class=\"dce-item dce-item_content elementor-repeater-item-0f373c9\"><div class=\"dce-post-content\">Willkommen im guten Leben auf dem Land \u2013 ch\u2026<\/div><\/div><div class=\"dce-item dce-item_readmore elementor-repeater-item-b1299a6\">\t\t<div class=\"dce-post-button\">\n\t\t\t<a href=\"https:\/\/malmoarenahotel.com\/de\/besokmal\/gutes-leben-auf-dem-land\/\" class=\"elementor-button-link elementor-button dce-button elementor-size-sm\" role=\"button\" >\n\t\t\tMehr lesen\t\t\t<\/a>\n\t\t<\/div>\n\t\t<\/div>\t\t\t<\/div>\n\t\t<\/article>\n\t\t\n\t\t<article class=\"post-1526 besokmal type-besokmal status-publish has-post-thumbnail hentry tag_erbjudanden-naromradet dce-post dce-post-item dce-item-grid\" data-dce-post-id=\"1526\" data-dce-post-index=\"5\" data-post-link=\"https:\/\/malmoarenahotel.com\/de\/besokmal\/willkommen-malmo\/\">\n\t\t\t<div class=\"dce-post-block\">\n\t\t<div class=\"dce-item dce-item_image elementor-repeater-item-bf8c94f\"><a class=\"dce-post-image\" href=\"https:\/\/malmoarenahotel.com\/de\/besokmal\/willkommen-malmo\/\"><figure data-image-ratio=\"1\" class=\"dce-img\"><img loading=\"lazy\" decoding=\"async\" width=\"1240\" height=\"595\" src=\"https:\/\/malmoarenahotel.com\/wp-content\/uploads\/2024\/02\/DSC9134-MT_photo_Werner_Nystrand-e1624023394749.jpg\" class=\"\" alt=\"Urlaub Scwheden - Entdecken Sie Malm\u00f6\" srcset=\"https:\/\/malmoarenahotel.com\/wp-content\/uploads\/2024\/02\/DSC9134-MT_photo_Werner_Nystrand-e1624023394749.jpg 1240w, https:\/\/malmoarenahotel.com\/wp-content\/uploads\/2024\/02\/DSC9134-MT_photo_Werner_Nystrand-e1624023394749-300x144.jpg 300w, https:\/\/malmoarenahotel.com\/wp-content\/uploads\/2024\/02\/DSC9134-MT_photo_Werner_Nystrand-e1624023394749-1024x491.jpg 1024w, https:\/\/malmoarenahotel.com\/wp-content\/uploads\/2024\/02\/DSC9134-MT_photo_Werner_Nystrand-e1624023394749-768x369.jpg 768w, https:\/\/malmoarenahotel.com\/wp-content\/uploads\/2024\/02\/DSC9134-MT_photo_Werner_Nystrand-e1624023394749-18x9.jpg 18w\" sizes=\"(max-width: 1240px) 100vw, 1240px\" \/><\/figure><\/a><\/div><div class=\"dce-item dce-item_termstaxonomy elementor-repeater-item-6aa50e2\"><div class=\"dce-post-terms\"><ul class=\"dce-terms-list dce-taxonomy-tag_erbjudanden\"><li class=\"dce-term-item\"><span class=\"dce-term dce-term-24\" data-dce-order=\"\"><a href=\"https:\/\/malmoarenahotel.com\/de\/tag_erbjudanden\/die-unmittelbare-umgebung\/\">Die unmittelbare Umgebung<\/a><\/span><\/li><\/ul><\/div><\/div><div class=\"dce-item dce-item_title elementor-repeater-item-d2c0e52\"><h3 class=\"dce-post-title\"><a href=\"https:\/\/malmoarenahotel.com\/de\/besokmal\/willkommen-malmo\/\">Urlaub Scwheden - Entdecken Sie Malm\u00f6<\/a><\/h3><\/div><div class=\"dce-item dce-item_content elementor-repeater-item-0f373c9\"><div class=\"dce-post-content\">In Malm\u00f6, der drittgr\u00f6\u00dften Stadt Schwedens, \u2026<\/div><\/div><div class=\"dce-item dce-item_readmore elementor-repeater-item-b1299a6\">\t\t<div class=\"dce-post-button\">\n\t\t\t<a href=\"https:\/\/malmoarenahotel.com\/de\/besokmal\/willkommen-malmo\/\" class=\"elementor-button-link elementor-button dce-button elementor-size-sm\" role=\"button\" >\n\t\t\tMehr lesen\t\t\t<\/a>\n\t\t<\/div>\n\t\t<\/div>\t\t\t<\/div>\n\t\t<\/article>\n\t\t\n\t\t<article class=\"post-1085 besokmal type-besokmal status-publish has-post-thumbnail hentry tag_erbjudanden-naromradet dce-post dce-post-item dce-item-grid\" data-dce-post-id=\"1085\" data-dce-post-index=\"6\" data-post-link=\"https:\/\/malmoarenahotel.com\/de\/besokmal\/kopenhagen\/\">\n\t\t\t<div class=\"dce-post-block\">\n\t\t<div class=\"dce-item dce-item_image elementor-repeater-item-bf8c94f\"><a class=\"dce-post-image\" href=\"https:\/\/malmoarenahotel.com\/de\/besokmal\/kopenhagen\/\"><figure data-image-ratio=\"1\" class=\"dce-img\"><img loading=\"lazy\" decoding=\"async\" width=\"1920\" height=\"1280\" src=\"https:\/\/malmoarenahotel.com\/wp-content\/uploads\/2024\/01\/bilder-_Sida_06.jpg\" class=\"\" alt=\"Kopenhagen\" srcset=\"https:\/\/malmoarenahotel.com\/wp-content\/uploads\/2024\/01\/bilder-_Sida_06.jpg 1920w, https:\/\/malmoarenahotel.com\/wp-content\/uploads\/2024\/01\/bilder-_Sida_06-300x200.jpg 300w, https:\/\/malmoarenahotel.com\/wp-content\/uploads\/2024\/01\/bilder-_Sida_06-1024x683.jpg 1024w, https:\/\/malmoarenahotel.com\/wp-content\/uploads\/2024\/01\/bilder-_Sida_06-768x512.jpg 768w, https:\/\/malmoarenahotel.com\/wp-content\/uploads\/2024\/01\/bilder-_Sida_06-1536x1024.jpg 1536w\" sizes=\"(max-width: 1920px) 100vw, 1920px\" \/><\/figure><\/a><\/div><div class=\"dce-item dce-item_termstaxonomy elementor-repeater-item-6aa50e2\"><div class=\"dce-post-terms\"><ul class=\"dce-terms-list dce-taxonomy-tag_erbjudanden\"><li class=\"dce-term-item\"><span class=\"dce-term dce-term-24\" data-dce-order=\"\"><a href=\"https:\/\/malmoarenahotel.com\/de\/tag_erbjudanden\/die-unmittelbare-umgebung\/\">Die unmittelbare Umgebung<\/a><\/span><\/li><\/ul><\/div><\/div><div class=\"dce-item dce-item_title elementor-repeater-item-d2c0e52\"><h3 class=\"dce-post-title\"><a href=\"https:\/\/malmoarenahotel.com\/de\/besokmal\/kopenhagen\/\">Kopenhagen<\/a><\/h3><\/div><div class=\"dce-item dce-item_content elementor-repeater-item-0f373c9\"><div class=\"dce-post-content\">Steigen Sie am Bahnhof Hyllie in den Zug und\u2026<\/div><\/div><div class=\"dce-item dce-item_readmore elementor-repeater-item-b1299a6\">\t\t<div class=\"dce-post-button\">\n\t\t\t<a href=\"https:\/\/malmoarenahotel.com\/de\/besokmal\/kopenhagen\/\" class=\"elementor-button-link elementor-button dce-button elementor-size-sm\" role=\"button\" >\n\t\t\tMehr lesen\t\t\t<\/a>\n\t\t<\/div>\n\t\t<\/div>\t\t\t<\/div>\n\t\t<\/article>\n\t\t\t\t\t<\/div>\n\t\t\t\t\t<\/div>\n\t\t\t\t\t\t<\/div>\n\t\t\t\t<\/div>\n\t\t\t\t\t<\/div>\n\t\t\t\t<\/div>\n\t\t\t\t<\/div>","protected":false},"excerpt":{"rendered":"<p>N\u00e4romr\u00e5det Personalens sommartips i Malm\u00f6 f\u00f6r tv\u00e5! Unika utflyktsm\u00e5l som passar perfekt i S&hellip; L\u00e4s mer N\u00e4romr\u00e5det Personalens sommartips i Malm\u00f6 f\u00f6r familjen! Unika utflyktsm\u00e5l som passar perfekt f\u00f6r&hellip; L\u00e4s mer N\u00e4romr\u00e5det Barnens Sk\u00e5ne Topplista med utflyktsm\u00e5l f\u00f6r barnfamilj&hellip; L\u00e4s mer N\u00e4romr\u00e5det Badkarta i och runt Malm\u00f6 Badkarta med badplatser i och runt Malm\u00f6&hellip; L\u00e4s [&hellip;]<\/p>\n","protected":false},"author":2,"featured_media":0,"parent":0,"menu_order":0,"comment_status":"closed","ping_status":"closed","template":"","meta":{"_acf_changed":false,"footnotes":""},"class_list":["post-1519","page","type-page","status-publish","hentry"],"acf":[],"publishpress_future_workflow_manual_trigger":{"enabledWorkflows":[]},"_links":{"self":[{"href":"https:\/\/malmoarenahotel.com\/de\/wp-json\/wp\/v2\/pages\/1519","targetHints":{"allow":["GET"]}}],"collection":[{"href":"https:\/\/malmoarenahotel.com\/de\/wp-json\/wp\/v2\/pages"}],"about":[{"href":"https:\/\/malmoarenahotel.com\/de\/wp-json\/wp\/v2\/types\/page"}],"author":[{"embeddable":true,"href":"https:\/\/malmoarenahotel.com\/de\/wp-json\/wp\/v2\/users\/2"}],"replies":[{"embeddable":true,"href":"https:\/\/malmoarenahotel.com\/de\/wp-json\/wp\/v2\/comments?post=1519"}],"version-history":[{"count":0,"href":"https:\/\/malmoarenahotel.com\/de\/wp-json\/wp\/v2\/pages\/1519\/revisions"}],"wp:attachment":[{"href":"https:\/\/malmoarenahotel.com\/de\/wp-json\/wp\/v2\/media?parent=1519"}],"curies":[{"name":"wp","href":"https:\/\/api.w.org\/{rel}","templated":true}]}}