{"id":2866,"date":"2024-03-20T08:45:11","date_gmt":"2024-03-20T08:45:11","guid":{"rendered":"https:\/\/malmoarenahotel.com\/?page_id=2866"},"modified":"2025-12-16T15:04:06","modified_gmt":"2025-12-16T15:04:06","slug":"sportgrupper","status":"publish","type":"page","link":"https:\/\/malmoarenahotel.com\/de\/sportgruppen\/","title":{"rendered":"Sportgruppen"},"content":{"rendered":"<div data-elementor-type=\"wp-page\" data-elementor-id=\"2866\" class=\"elementor elementor-2866\" data-elementor-post-type=\"page\">\n\t\t\t\t<div data-dce-background-overlay-color=\"#000000\" data-dce-background-image-url=\"https:\/\/malmoarenahotel.com\/wp-content\/uploads\/2024\/04\/Bannerbild-sportgrupper.png\" class=\"elementor-element elementor-element-5b653cb e-flex e-con-boxed e-con e-parent\" data-id=\"5b653cb\" data-element_type=\"container\" data-e-type=\"container\" data-settings=\"{&quot;background_background&quot;:&quot;classic&quot;}\">\n\t\t\t\t\t<div class=\"e-con-inner\">\n\t\t\t\t<div class=\"elementor-element elementor-element-5c2cd3e elementor-widget elementor-widget-heading\" data-id=\"5c2cd3e\" data-element_type=\"widget\" data-e-type=\"widget\" data-widget_type=\"heading.default\">\n\t\t\t\t<div class=\"elementor-widget-container\">\n\t\t\t\t\t<h1 class=\"elementor-heading-title elementor-size-default\">Sportgruppen<\/h1>\t\t\t\t<\/div>\n\t\t\t\t<\/div>\n\t\t\t\t\t<\/div>\n\t\t\t\t<\/div>\n\t\t<div class=\"elementor-element elementor-element-cfc6bc6 e-con-full e-flex e-con e-parent\" data-id=\"cfc6bc6\" data-element_type=\"container\" data-e-type=\"container\">\n\t\t<div class=\"elementor-element elementor-element-4a0b35c e-con-full animated-slow e-flex elementor-invisible e-con e-child\" data-id=\"4a0b35c\" data-element_type=\"container\" data-e-type=\"container\" data-settings=\"{&quot;animation&quot;:&quot;fadeIn&quot;}\">\n\t\t\t\t<div class=\"elementor-element elementor-element-ed649ad elementor-widget elementor-widget-text-editor\" data-id=\"ed649ad\" data-element_type=\"widget\" data-e-type=\"widget\" data-widget_type=\"text-editor.default\">\n\t\t\t\t<div class=\"elementor-widget-container\">\n\t\t\t\t\t\t\t\t\t<p>Sportgruppen<\/p>\t\t\t\t\t\t\t\t<\/div>\n\t\t\t\t<\/div>\n\t\t\t\t<div class=\"elementor-element elementor-element-4a8f27d elementor-widget elementor-widget-heading\" data-id=\"4a8f27d\" data-element_type=\"widget\" data-e-type=\"widget\" data-widget_type=\"heading.default\">\n\t\t\t\t<div class=\"elementor-widget-container\">\n\t\t\t\t\t<h2 class=\"elementor-heading-title elementor-size-default\">Wir lieben Sport!<\/h2>\t\t\t\t<\/div>\n\t\t\t\t<\/div>\n\t\t\t\t<div class=\"elementor-element elementor-element-71adfba elementor-widget elementor-widget-text-editor\" data-id=\"71adfba\" data-element_type=\"widget\" data-e-type=\"widget\" data-widget_type=\"text-editor.default\">\n\t\t\t\t<div class=\"elementor-widget-container\">\n\t\t\t\t\t\t\t\t\t<p>Sport f\u00fchrt Sie an neue Orte, l\u00e4sst Sie neue Menschen kennenlernen und schafft Erlebnisse und Erinnerungen. Deshalb wollen wir den Sport f\u00f6rdern. In Teams oder einzeln. Ob zum Spa\u00df oder im Ernst.\u00a0<\/p><p>P\u00e5 Malm\u00f6 Arena Hotel kan ditt lag eller trupp bo bekv\u00e4mt till f\u00f6rm\u00e5nliga priser. H\u00e4r bor du bokstavligen granne med Malm\u00f6 Arena, perfekt f\u00f6r m\u00e5nga sportsammanhang.<\/p><p>Tanken Sie neue Energie vor dem Turnier oder Trainingslager mit einem bequemen Hotelbett und einem gro\u00dfen Fr\u00fchst\u00fccksbuffet.<\/p><h3>Angebote f\u00fcr Teams<\/h3><ul><li><p>Sehr preisg\u00fcnstige Unterkunft in Doppel- bis Vierbettzimmern.\u00a0<\/p><\/li><li><p>Fr\u00fchst\u00fccksbuffet inklusive.<\/p><\/li><li><p>M\u00f6glichkeit, Mahlzeiten zu g\u00fcnstigen Preisen zu bestellen. Nahrhaftes und gesundes Essen.<\/p><\/li><li><p>Gratis Wifi.<\/p><\/li><li><p>Zugang zum Fitnessstudio und zur Sauna.<\/p><\/li><\/ul><p>Wenn Sie mit dem Bus anreisen, k\u00f6nnen Sie mit dem Bus direkt vor dem Eingang aus- und einsteigen. Um die Ecke befindet sich ein gro\u00dfz\u00fcgiger Busparkplatz f\u00fcr l\u00e4ngere Aufenthalte.<\/p><p>Egal wie das Spiel verl\u00e4uft, wir sorgen daf\u00fcr, dass sich die Mannschaft immer gut f\u00fchlt!<\/p><p>Kontaktieren Sie uns gerne mit Ihrem Anliegen: <a href=\"mailto:reservation@malmoarenahotel.com\" target=\"_blank\" rel=\"noopener\">reservation@malmoarenahotel.com<\/a><\/p>\t\t\t\t\t\t\t\t<\/div>\n\t\t\t\t<\/div>\n\t\t\t\t<\/div>\n\t\t<div class=\"elementor-element elementor-element-0c66428 e-con-full animated-slow e-flex elementor-invisible e-con e-child\" data-id=\"0c66428\" data-element_type=\"container\" data-e-type=\"container\" data-settings=\"{&quot;animation&quot;:&quot;fadeIn&quot;}\">\n\t\t\t\t<div class=\"elementor-element elementor-element-8ecfa9b elementor-pagination-position-outside elementor-widget elementor-widget-image-carousel\" data-id=\"8ecfa9b\" data-element_type=\"widget\" data-e-type=\"widget\" data-settings=\"{&quot;slides_to_show&quot;:&quot;1&quot;,&quot;navigation&quot;:&quot;dots&quot;,&quot;autoplay&quot;:&quot;yes&quot;,&quot;pause_on_hover&quot;:&quot;yes&quot;,&quot;pause_on_interaction&quot;:&quot;yes&quot;,&quot;autoplay_speed&quot;:5000,&quot;infinite&quot;:&quot;yes&quot;,&quot;effect&quot;:&quot;slide&quot;,&quot;speed&quot;:500}\" data-widget_type=\"image-carousel.default\">\n\t\t\t\t<div class=\"elementor-widget-container\">\n\t\t\t\t\t\t\t<div class=\"elementor-image-carousel-wrapper swiper\" role=\"region\" aria-roledescription=\"carousel\" aria-label=\"Bilderkarussell\" dir=\"ltr\">\n\t\t\t<div class=\"elementor-image-carousel swiper-wrapper\" aria-live=\"off\">\n\t\t\t\t\t\t\t\t<div class=\"swiper-slide\" role=\"group\" aria-roledescription=\"slide\" aria-label=\"1 of 1\" data-no-translation-aria-label=\"\"><figure class=\"swiper-slide-inner\"><img decoding=\"async\" class=\"swiper-slide-image\" src=\"https:\/\/malmoarenahotel.com\/wp-content\/uploads\/2024\/04\/Sportgrupper.png\" alt=\"Sportgruppen\" \/><\/figure><\/div>\t\t\t<\/div>\n\t\t\t\t\t<\/div>\n\t\t\t\t\t\t<\/div>\n\t\t\t\t<\/div>\n\t\t\t\t<\/div>\n\t\t\t\t<\/div>\n\t\t\t\t<\/div>","protected":false},"excerpt":{"rendered":"<p>Sportgrupper Sportgrupper Vi \u00e4lskar sport! Sport tar dig till nya platser, l\u00e5ter dig tr\u00e4ffa nya m\u00e4nniskor samt skapar upplevelser och minnen. D\u00e4rf\u00f6r vill vi uppmuntra sportande. I lag eller individuellt. P\u00e5 skoj eller p\u00e5 allvar.\u00a0 P\u00e5 Malm\u00f6 Arena Hotel kan ditt lag eller trupp bo bekv\u00e4mt till f\u00f6rm\u00e5nliga priser. H\u00e4r bor du bokstavligen granne med [&hellip;]<\/p>\n","protected":false},"author":2,"featured_media":0,"parent":0,"menu_order":0,"comment_status":"closed","ping_status":"closed","template":"","meta":{"_acf_changed":false,"footnotes":""},"class_list":["post-2866","page","type-page","status-publish","hentry"],"acf":[],"publishpress_future_workflow_manual_trigger":{"enabledWorkflows":[]},"_links":{"self":[{"href":"https:\/\/malmoarenahotel.com\/de\/wp-json\/wp\/v2\/pages\/2866","targetHints":{"allow":["GET"]}}],"collection":[{"href":"https:\/\/malmoarenahotel.com\/de\/wp-json\/wp\/v2\/pages"}],"about":[{"href":"https:\/\/malmoarenahotel.com\/de\/wp-json\/wp\/v2\/types\/page"}],"author":[{"embeddable":true,"href":"https:\/\/malmoarenahotel.com\/de\/wp-json\/wp\/v2\/users\/2"}],"replies":[{"embeddable":true,"href":"https:\/\/malmoarenahotel.com\/de\/wp-json\/wp\/v2\/comments?post=2866"}],"version-history":[{"count":0,"href":"https:\/\/malmoarenahotel.com\/de\/wp-json\/wp\/v2\/pages\/2866\/revisions"}],"wp:attachment":[{"href":"https:\/\/malmoarenahotel.com\/de\/wp-json\/wp\/v2\/media?parent=2866"}],"curies":[{"name":"wp","href":"https:\/\/api.w.org\/{rel}","templated":true}]}}