{"id":2962,"date":"2024-03-25T10:36:04","date_gmt":"2024-03-25T10:36:04","guid":{"rendered":"https:\/\/malmoarenahotel.com\/?page_id=2962"},"modified":"2024-04-23T13:13:02","modified_gmt":"2024-04-23T13:13:02","slug":"att-gora-i-malmo","status":"publish","type":"page","link":"https:\/\/malmoarenahotel.com\/de\/nach-gora-in-malmo\/","title":{"rendered":"Aktivit\u00e4ten in Malm\u00f6"},"content":{"rendered":"<div data-elementor-type=\"wp-page\" data-elementor-id=\"2962\" class=\"elementor elementor-2962\" data-elementor-post-type=\"page\">\n\t\t\t\t<div data-dce-background-overlay-color=\"#000000\" data-dce-background-image-url=\"https:\/\/malmoarenahotel.com\/wp-content\/uploads\/2024\/04\/140520_1341_Malmo-scaled.jpg\" class=\"elementor-element elementor-element-9cfa2b7 e-flex e-con-boxed e-con e-parent\" data-id=\"9cfa2b7\" data-element_type=\"container\" data-e-type=\"container\" data-settings=\"{&quot;background_background&quot;:&quot;classic&quot;}\">\n\t\t\t\t\t<div class=\"e-con-inner\">\n\t\t\t\t<div class=\"elementor-element elementor-element-b6f2a0b elementor-widget elementor-widget-heading\" data-id=\"b6f2a0b\" data-element_type=\"widget\" data-e-type=\"widget\" data-widget_type=\"heading.default\">\n\t\t\t\t<div class=\"elementor-widget-container\">\n\t\t\t\t\t<h1 class=\"elementor-heading-title elementor-size-default\">Aktivit\u00e4ten in Malm\u00f6<\/h1>\t\t\t\t<\/div>\n\t\t\t\t<\/div>\n\t\t\t\t\t<\/div>\n\t\t\t\t<\/div>\n\t\t<div class=\"elementor-element elementor-element-e1be499 e-flex e-con-boxed e-con e-parent\" data-id=\"e1be499\" data-element_type=\"container\" data-e-type=\"container\">\n\t\t\t\t\t<div class=\"e-con-inner\">\n\t\t\t\t<div class=\"elementor-element elementor-element-ab7443a dce-col-3 dce-col-tablet-2 dce-posts-layout-default dce-col-mobile-1 dce-align-left elementor-widget elementor-widget-dce-dynamicposts-v2\" data-id=\"ab7443a\" data-element_type=\"widget\" data-e-type=\"widget\" data-settings=\"{&quot;templatemode_linkable&quot;:&quot;yes&quot;,&quot;grid_match_height&quot;:&quot;yes&quot;,&quot;style_items&quot;:&quot;default&quot;,&quot;grid_grid_type&quot;:&quot;flex&quot;}\" data-widget_type=\"dce-dynamicposts-v2.grid\">\n\t\t\t\t<div class=\"elementor-widget-container\">\n\t\t\t\t\t\n\t\t<div class=\"dce-fix-background-loop dce-posts-container dce-posts dce-dynamic-posts-collection  dce-skin-grid dce-skin-grid-flex\">\n\t\t\t\t\t\t<div class=\"dce-posts-wrapper dce-wrapper-grid\">\n\t\t\t\n\t\t<article class=\"post-7455 besokmal type-besokmal status-publish has-post-thumbnail hentry tag_erbjudanden-naromradet dce-post dce-post-item dce-item-grid\" data-dce-post-id=\"7455\" data-dce-post-index=\"0\" data-post-link=\"https:\/\/malmoarenahotel.com\/de\/besokmal\/personalens-sommartips-i-malmo-for-2\/\">\n\t\t\t<div class=\"dce-post-block\">\n\t\t<div class=\"dce-item dce-item_image elementor-repeater-item-bf8c94f\"><a class=\"dce-post-image\" href=\"https:\/\/malmoarenahotel.com\/de\/besokmal\/personalens-sommartips-i-malmo-for-2\/\"><figure data-image-ratio=\"1\" class=\"dce-img\"><img fetchpriority=\"high\" decoding=\"async\" width=\"1080\" height=\"1080\" src=\"https:\/\/malmoarenahotel.com\/wp-content\/uploads\/2026\/04\/Namnlos-design-1.png\" class=\"\" alt=\"Personalens b\u00e4sta sommartips i Malm\u00f6 f\u00f6r 2!\" srcset=\"https:\/\/malmoarenahotel.com\/wp-content\/uploads\/2026\/04\/Namnlos-design-1.png 1080w, https:\/\/malmoarenahotel.com\/wp-content\/uploads\/2026\/04\/Namnlos-design-1-300x300.png 300w, https:\/\/malmoarenahotel.com\/wp-content\/uploads\/2026\/04\/Namnlos-design-1-1024x1024.png 1024w, https:\/\/malmoarenahotel.com\/wp-content\/uploads\/2026\/04\/Namnlos-design-1-150x150.png 150w, https:\/\/malmoarenahotel.com\/wp-content\/uploads\/2026\/04\/Namnlos-design-1-768x768.png 768w, https:\/\/malmoarenahotel.com\/wp-content\/uploads\/2026\/04\/Namnlos-design-1-12x12.png 12w\" sizes=\"(max-width: 1080px) 100vw, 1080px\" \/><\/figure><\/a><\/div><div class=\"dce-item dce-item_termstaxonomy elementor-repeater-item-6aa50e2\"><div class=\"dce-post-terms\"><ul class=\"dce-terms-list dce-taxonomy-tag_erbjudanden\"><li class=\"dce-term-item\"><span class=\"dce-term dce-term-24\" data-dce-order=\"\"><a href=\"https:\/\/malmoarenahotel.com\/de\/tag_erbjudanden\/die-unmittelbare-umgebung\/\">Die unmittelbare Umgebung<\/a><\/span><\/li><\/ul><\/div><\/div><div class=\"dce-item dce-item_title elementor-repeater-item-d2c0e52\"><h3 class=\"dce-post-title\"><a href=\"https:\/\/malmoarenahotel.com\/de\/besokmal\/personalens-sommartips-i-malmo-for-2\/\">Personalens b\u00e4sta sommartips i Malm\u00f6 f\u00f6r 2!<\/a><\/h3><\/div><div class=\"dce-item dce-item_content elementor-repeater-item-0f373c9\"><div class=\"dce-post-content\">Einzigartige Ausflugsziele, die sich perfekt f\u00fcr\u2026<\/div><\/div><div class=\"dce-item dce-item_readmore elementor-repeater-item-b1299a6\">\t\t<div class=\"dce-post-button\">\n\t\t\t<a href=\"https:\/\/malmoarenahotel.com\/de\/besokmal\/personalens-sommartips-i-malmo-for-2\/\" class=\"elementor-button-link elementor-button dce-button elementor-size-sm\" role=\"button\" >\n\t\t\tMehr lesen\t\t\t<\/a>\n\t\t<\/div>\n\t\t<\/div>\t\t\t<\/div>\n\t\t<\/article>\n\t\t\n\t\t<article class=\"post-7493 besokmal type-besokmal status-publish has-post-thumbnail hentry tag_erbjudanden-naromradet dce-post dce-post-item dce-item-grid\" data-dce-post-id=\"7493\" data-dce-post-index=\"1\" data-post-link=\"https:\/\/malmoarenahotel.com\/de\/besokmal\/personalens-tips-familjeaktiviteter\/\">\n\t\t\t<div class=\"dce-post-block\">\n\t\t<div class=\"dce-item dce-item_image elementor-repeater-item-bf8c94f\"><a class=\"dce-post-image\" href=\"https:\/\/malmoarenahotel.com\/de\/besokmal\/personalens-tips-familjeaktiviteter\/\"><figure data-image-ratio=\"1\" class=\"dce-img\"><img decoding=\"async\" width=\"2560\" height=\"1707\" src=\"https:\/\/malmoarenahotel.com\/wp-content\/uploads\/2024\/04\/653A3687-scaled.jpg\" class=\"\" alt=\"Personalens 17 b\u00e4sta tips f\u00f6r familjeaktiviteter i Malm\u00f6!\" srcset=\"https:\/\/malmoarenahotel.com\/wp-content\/uploads\/2024\/04\/653A3687-scaled.jpg 2560w, https:\/\/malmoarenahotel.com\/wp-content\/uploads\/2024\/04\/653A3687-300x200.jpg 300w, https:\/\/malmoarenahotel.com\/wp-content\/uploads\/2024\/04\/653A3687-1024x683.jpg 1024w, https:\/\/malmoarenahotel.com\/wp-content\/uploads\/2024\/04\/653A3687-768x512.jpg 768w, https:\/\/malmoarenahotel.com\/wp-content\/uploads\/2024\/04\/653A3687-1536x1024.jpg 1536w, https:\/\/malmoarenahotel.com\/wp-content\/uploads\/2024\/04\/653A3687-2048x1366.jpg 2048w, https:\/\/malmoarenahotel.com\/wp-content\/uploads\/2024\/04\/653A3687-18x12.jpg 18w\" sizes=\"(max-width: 2560px) 100vw, 2560px\" \/><\/figure><\/a><\/div><div class=\"dce-item dce-item_termstaxonomy elementor-repeater-item-6aa50e2\"><div class=\"dce-post-terms\"><ul class=\"dce-terms-list dce-taxonomy-tag_erbjudanden\"><li class=\"dce-term-item\"><span class=\"dce-term dce-term-24\" data-dce-order=\"\"><a href=\"https:\/\/malmoarenahotel.com\/de\/tag_erbjudanden\/die-unmittelbare-umgebung\/\">Die unmittelbare Umgebung<\/a><\/span><\/li><\/ul><\/div><\/div><div class=\"dce-item dce-item_title elementor-repeater-item-d2c0e52\"><h3 class=\"dce-post-title\"><a href=\"https:\/\/malmoarenahotel.com\/de\/besokmal\/personalens-tips-familjeaktiviteter\/\">Personalens 17 b\u00e4sta tips f\u00f6r familjeaktiviteter i Malm\u00f6!<\/a><\/h3><\/div><div class=\"dce-item dce-item_content elementor-repeater-item-0f373c9\"><div class=\"dce-post-content\">Skojiga och somriga familjeaktiviteter i&hellip;<\/div><\/div><div class=\"dce-item dce-item_readmore elementor-repeater-item-b1299a6\">\t\t<div class=\"dce-post-button\">\n\t\t\t<a href=\"https:\/\/malmoarenahotel.com\/de\/besokmal\/personalens-tips-familjeaktiviteter\/\" class=\"elementor-button-link elementor-button dce-button elementor-size-sm\" role=\"button\" >\n\t\t\tMehr lesen\t\t\t<\/a>\n\t\t<\/div>\n\t\t<\/div>\t\t\t<\/div>\n\t\t<\/article>\n\t\t\n\t\t<article class=\"post-7508 besokmal type-besokmal status-publish has-post-thumbnail hentry tag_erbjudanden-naromradet dce-post dce-post-item dce-item-grid\" data-dce-post-id=\"7508\" data-dce-post-index=\"2\" data-post-link=\"https:\/\/malmoarenahotel.com\/de\/besokmal\/en-dag-i-kopenhamn\/\">\n\t\t\t<div class=\"dce-post-block\">\n\t\t<div class=\"dce-item dce-item_image elementor-repeater-item-bf8c94f\"><a class=\"dce-post-image\" href=\"https:\/\/malmoarenahotel.com\/de\/besokmal\/en-dag-i-kopenhamn\/\"><figure data-image-ratio=\"1\" class=\"dce-img\"><img decoding=\"async\" width=\"1920\" height=\"1280\" src=\"https:\/\/malmoarenahotel.com\/wp-content\/uploads\/2026\/04\/bilder-_Sida_06.jpg\" class=\"\" alt=\"V\u00e5ra b\u00e4sta tips f\u00f6r en dag i K\u00f6penhamn &#8211; 2 st\u00e4der i 1!\" srcset=\"https:\/\/malmoarenahotel.com\/wp-content\/uploads\/2026\/04\/bilder-_Sida_06.jpg 1920w, https:\/\/malmoarenahotel.com\/wp-content\/uploads\/2026\/04\/bilder-_Sida_06-300x200.jpg 300w, https:\/\/malmoarenahotel.com\/wp-content\/uploads\/2026\/04\/bilder-_Sida_06-1024x683.jpg 1024w, https:\/\/malmoarenahotel.com\/wp-content\/uploads\/2026\/04\/bilder-_Sida_06-768x512.jpg 768w, https:\/\/malmoarenahotel.com\/wp-content\/uploads\/2026\/04\/bilder-_Sida_06-1536x1024.jpg 1536w, https:\/\/malmoarenahotel.com\/wp-content\/uploads\/2026\/04\/bilder-_Sida_06-18x12.jpg 18w\" sizes=\"(max-width: 1920px) 100vw, 1920px\" \/><\/figure><\/a><\/div><div class=\"dce-item dce-item_termstaxonomy elementor-repeater-item-6aa50e2\"><div class=\"dce-post-terms\"><ul class=\"dce-terms-list dce-taxonomy-tag_erbjudanden\"><li class=\"dce-term-item\"><span class=\"dce-term dce-term-24\" data-dce-order=\"\"><a href=\"https:\/\/malmoarenahotel.com\/de\/tag_erbjudanden\/die-unmittelbare-umgebung\/\">Die unmittelbare Umgebung<\/a><\/span><\/li><\/ul><\/div><\/div><div class=\"dce-item dce-item_title elementor-repeater-item-d2c0e52\"><h3 class=\"dce-post-title\"><a href=\"https:\/\/malmoarenahotel.com\/de\/besokmal\/en-dag-i-kopenhamn\/\">V\u00e5ra b\u00e4sta tips f\u00f6r en dag i K\u00f6penhamn &#8211; 2 st\u00e4der i 1!<\/a><\/h3><\/div><div class=\"dce-item dce-item_content elementor-repeater-item-0f373c9\"><div class=\"dce-post-content\">Tv\u00e5 st\u00e4der i en resa\n\n\n\nN\u00e4r du bor hos o&hellip;<\/div><\/div><div class=\"dce-item dce-item_readmore elementor-repeater-item-b1299a6\">\t\t<div class=\"dce-post-button\">\n\t\t\t<a href=\"https:\/\/malmoarenahotel.com\/de\/besokmal\/en-dag-i-kopenhamn\/\" class=\"elementor-button-link elementor-button dce-button elementor-size-sm\" role=\"button\" >\n\t\t\tMehr lesen\t\t\t<\/a>\n\t\t<\/div>\n\t\t<\/div>\t\t\t<\/div>\n\t\t<\/article>\n\t\t\n\t\t<article class=\"post-1530 besokmal type-besokmal status-publish has-post-thumbnail hentry tag_erbjudanden-naromradet dce-post dce-post-item dce-item-grid\" data-dce-post-id=\"1530\" data-dce-post-index=\"3\" data-post-link=\"https:\/\/malmoarenahotel.com\/de\/besokmal\/der-kinderstrang\/\">\n\t\t\t<div class=\"dce-post-block\">\n\t\t<div class=\"dce-item dce-item_image elementor-repeater-item-bf8c94f\"><a class=\"dce-post-image\" href=\"https:\/\/malmoarenahotel.com\/de\/besokmal\/der-kinderstrang\/\"><figure data-image-ratio=\"1\" class=\"dce-img\"><img loading=\"lazy\" decoding=\"async\" width=\"1240\" height=\"502\" src=\"https:\/\/malmoarenahotel.com\/wp-content\/uploads\/2024\/02\/Hotellpaket-familj-rum.jpg\" class=\"\" alt=\"Scania f\u00fcr Kinder\" srcset=\"https:\/\/malmoarenahotel.com\/wp-content\/uploads\/2024\/02\/Hotellpaket-familj-rum.jpg 1240w, https:\/\/malmoarenahotel.com\/wp-content\/uploads\/2024\/02\/Hotellpaket-familj-rum-300x121.jpg 300w, https:\/\/malmoarenahotel.com\/wp-content\/uploads\/2024\/02\/Hotellpaket-familj-rum-1024x415.jpg 1024w, https:\/\/malmoarenahotel.com\/wp-content\/uploads\/2024\/02\/Hotellpaket-familj-rum-768x311.jpg 768w\" sizes=\"(max-width: 1240px) 100vw, 1240px\" \/><\/figure><\/a><\/div><div class=\"dce-item dce-item_termstaxonomy elementor-repeater-item-6aa50e2\"><div class=\"dce-post-terms\"><ul class=\"dce-terms-list dce-taxonomy-tag_erbjudanden\"><li class=\"dce-term-item\"><span class=\"dce-term dce-term-24\" data-dce-order=\"\"><a href=\"https:\/\/malmoarenahotel.com\/de\/tag_erbjudanden\/die-unmittelbare-umgebung\/\">Die unmittelbare Umgebung<\/a><\/span><\/li><\/ul><\/div><\/div><div class=\"dce-item dce-item_title elementor-repeater-item-d2c0e52\"><h3 class=\"dce-post-title\"><a href=\"https:\/\/malmoarenahotel.com\/de\/besokmal\/der-kinderstrang\/\">Scania f\u00fcr Kinder<\/a><\/h3><\/div><div class=\"dce-item dce-item_content elementor-repeater-item-0f373c9\"><div class=\"dce-post-content\">Top-Liste der Ausflugsziele f\u00fcr Familien mit Kindern\u2026<\/div><\/div><div class=\"dce-item dce-item_readmore elementor-repeater-item-b1299a6\">\t\t<div class=\"dce-post-button\">\n\t\t\t<a href=\"https:\/\/malmoarenahotel.com\/de\/besokmal\/der-kinderstrang\/\" class=\"elementor-button-link elementor-button dce-button elementor-size-sm\" role=\"button\" >\n\t\t\tMehr lesen\t\t\t<\/a>\n\t\t<\/div>\n\t\t<\/div>\t\t\t<\/div>\n\t\t<\/article>\n\t\t\n\t\t<article class=\"post-1528 besokmal type-besokmal status-publish has-post-thumbnail hentry tag_erbjudanden-naromradet dce-post dce-post-item dce-item-grid\" data-dce-post-id=\"1528\" data-dce-post-index=\"4\" data-post-link=\"https:\/\/malmoarenahotel.com\/de\/besokmal\/badekarte-in-und-um-malmo\/\">\n\t\t\t<div class=\"dce-post-block\">\n\t\t<div class=\"dce-item dce-item_image elementor-repeater-item-bf8c94f\"><a class=\"dce-post-image\" href=\"https:\/\/malmoarenahotel.com\/de\/besokmal\/badekarte-in-und-um-malmo\/\"><figure data-image-ratio=\"1\" class=\"dce-img\"><img loading=\"lazy\" decoding=\"async\" width=\"1240\" height=\"345\" src=\"https:\/\/malmoarenahotel.com\/wp-content\/uploads\/2024\/02\/Badkarta_Malmo_Arena_Hotel-low.jpg\" class=\"\" alt=\"Badekarte in und um Malm\u00f6\" srcset=\"https:\/\/malmoarenahotel.com\/wp-content\/uploads\/2024\/02\/Badkarta_Malmo_Arena_Hotel-low.jpg 1240w, https:\/\/malmoarenahotel.com\/wp-content\/uploads\/2024\/02\/Badkarta_Malmo_Arena_Hotel-low-300x83.jpg 300w, https:\/\/malmoarenahotel.com\/wp-content\/uploads\/2024\/02\/Badkarta_Malmo_Arena_Hotel-low-1024x285.jpg 1024w, https:\/\/malmoarenahotel.com\/wp-content\/uploads\/2024\/02\/Badkarta_Malmo_Arena_Hotel-low-768x214.jpg 768w, https:\/\/malmoarenahotel.com\/wp-content\/uploads\/2024\/02\/Badkarta_Malmo_Arena_Hotel-low-18x5.jpg 18w\" sizes=\"(max-width: 1240px) 100vw, 1240px\" \/><\/figure><\/a><\/div><div class=\"dce-item dce-item_termstaxonomy elementor-repeater-item-6aa50e2\"><div class=\"dce-post-terms\"><ul class=\"dce-terms-list dce-taxonomy-tag_erbjudanden\"><li class=\"dce-term-item\"><span class=\"dce-term dce-term-24\" data-dce-order=\"\"><a href=\"https:\/\/malmoarenahotel.com\/de\/tag_erbjudanden\/die-unmittelbare-umgebung\/\">Die unmittelbare Umgebung<\/a><\/span><\/li><\/ul><\/div><\/div><div class=\"dce-item dce-item_title elementor-repeater-item-d2c0e52\"><h3 class=\"dce-post-title\"><a href=\"https:\/\/malmoarenahotel.com\/de\/besokmal\/badekarte-in-und-um-malmo\/\">Badekarte in und um Malm\u00f6<\/a><\/h3><\/div><div class=\"dce-item dce-item_content elementor-repeater-item-0f373c9\"><div class=\"dce-post-content\">Badekarte mit Badestellen in und um Malm\u00f6...<\/div><\/div><div class=\"dce-item dce-item_readmore elementor-repeater-item-b1299a6\">\t\t<div class=\"dce-post-button\">\n\t\t\t<a href=\"https:\/\/malmoarenahotel.com\/de\/besokmal\/badekarte-in-und-um-malmo\/\" class=\"elementor-button-link elementor-button dce-button elementor-size-sm\" role=\"button\" >\n\t\t\tMehr lesen\t\t\t<\/a>\n\t\t<\/div>\n\t\t<\/div>\t\t\t<\/div>\n\t\t<\/article>\n\t\t\n\t\t<article class=\"post-1527 besokmal type-besokmal status-publish has-post-thumbnail hentry tag_erbjudanden-naromradet dce-post dce-post-item dce-item-grid\" data-dce-post-id=\"1527\" data-dce-post-index=\"5\" data-post-link=\"https:\/\/malmoarenahotel.com\/de\/besokmal\/gutes-leben-auf-dem-land\/\">\n\t\t\t<div class=\"dce-post-block\">\n\t\t<div class=\"dce-item dce-item_image elementor-repeater-item-bf8c94f\"><a class=\"dce-post-image\" href=\"https:\/\/malmoarenahotel.com\/de\/besokmal\/gutes-leben-auf-dem-land\/\"><figure data-image-ratio=\"1\" class=\"dce-img\"><img loading=\"lazy\" decoding=\"async\" width=\"1440\" height=\"1440\" src=\"https:\/\/malmoarenahotel.com\/wp-content\/uploads\/2024\/04\/Goda_livet_pa_landet_profil.jpg\" class=\"\" alt=\"Gutes Landleben\" srcset=\"https:\/\/malmoarenahotel.com\/wp-content\/uploads\/2024\/04\/Goda_livet_pa_landet_profil.jpg 1440w, https:\/\/malmoarenahotel.com\/wp-content\/uploads\/2024\/04\/Goda_livet_pa_landet_profil-300x300.jpg 300w, https:\/\/malmoarenahotel.com\/wp-content\/uploads\/2024\/04\/Goda_livet_pa_landet_profil-1024x1024.jpg 1024w, https:\/\/malmoarenahotel.com\/wp-content\/uploads\/2024\/04\/Goda_livet_pa_landet_profil-150x150.jpg 150w, https:\/\/malmoarenahotel.com\/wp-content\/uploads\/2024\/04\/Goda_livet_pa_landet_profil-768x768.jpg 768w, https:\/\/malmoarenahotel.com\/wp-content\/uploads\/2024\/04\/Goda_livet_pa_landet_profil-12x12.jpg 12w\" sizes=\"(max-width: 1440px) 100vw, 1440px\" \/><\/figure><\/a><\/div><div class=\"dce-item dce-item_termstaxonomy elementor-repeater-item-6aa50e2\"><div class=\"dce-post-terms\"><ul class=\"dce-terms-list dce-taxonomy-tag_erbjudanden\"><li class=\"dce-term-item\"><span class=\"dce-term dce-term-24\" data-dce-order=\"\"><a href=\"https:\/\/malmoarenahotel.com\/de\/tag_erbjudanden\/die-unmittelbare-umgebung\/\">Die unmittelbare Umgebung<\/a><\/span><\/li><\/ul><\/div><\/div><div class=\"dce-item dce-item_title elementor-repeater-item-d2c0e52\"><h3 class=\"dce-post-title\"><a href=\"https:\/\/malmoarenahotel.com\/de\/besokmal\/gutes-leben-auf-dem-land\/\">Gutes Landleben<\/a><\/h3><\/div><div class=\"dce-item dce-item_content elementor-repeater-item-0f373c9\"><div class=\"dce-post-content\">Willkommen im guten Leben auf dem Land \u2013 ch\u2026<\/div><\/div><div class=\"dce-item dce-item_readmore elementor-repeater-item-b1299a6\">\t\t<div class=\"dce-post-button\">\n\t\t\t<a href=\"https:\/\/malmoarenahotel.com\/de\/besokmal\/gutes-leben-auf-dem-land\/\" class=\"elementor-button-link elementor-button dce-button elementor-size-sm\" role=\"button\" >\n\t\t\tMehr lesen\t\t\t<\/a>\n\t\t<\/div>\n\t\t<\/div>\t\t\t<\/div>\n\t\t<\/article>\n\t\t\t\t\t<\/div>\n\t\t\t\t\t<\/div>\n\t\t\t\t\t\t<\/div>\n\t\t\t\t<\/div>\n\t\t\t\t\t<\/div>\n\t\t\t\t<\/div>\n\t\t\t\t<\/div>","protected":false},"excerpt":{"rendered":"<p>Att g\u00f6ra i Malm\u00f6 Personalens sommartips i Malm\u00f6 f\u00f6r tv\u00e5! Unika utflyktsm\u00e5l som passar perfekt i S&hellip; L\u00e4s mer Personalens sommartips i Malm\u00f6 f\u00f6r familjen! Unika utflyktsm\u00e5l som passar perfekt f\u00f6r&hellip; L\u00e4s mer N\u00e4romr\u00e5det Barnens Sk\u00e5ne Topplista med utflyktsm\u00e5l f\u00f6r barnfamilj&hellip; L\u00e4s mer N\u00e4romr\u00e5det Badkarta i och runt Malm\u00f6 Badkarta med badplatser i och runt [&hellip;]<\/p>\n","protected":false},"author":2,"featured_media":0,"parent":0,"menu_order":0,"comment_status":"closed","ping_status":"closed","template":"","meta":{"_acf_changed":false,"footnotes":""},"class_list":["post-2962","page","type-page","status-publish","hentry"],"acf":[],"publishpress_future_workflow_manual_trigger":{"enabledWorkflows":[]},"_links":{"self":[{"href":"https:\/\/malmoarenahotel.com\/de\/wp-json\/wp\/v2\/pages\/2962","targetHints":{"allow":["GET"]}}],"collection":[{"href":"https:\/\/malmoarenahotel.com\/de\/wp-json\/wp\/v2\/pages"}],"about":[{"href":"https:\/\/malmoarenahotel.com\/de\/wp-json\/wp\/v2\/types\/page"}],"author":[{"embeddable":true,"href":"https:\/\/malmoarenahotel.com\/de\/wp-json\/wp\/v2\/users\/2"}],"replies":[{"embeddable":true,"href":"https:\/\/malmoarenahotel.com\/de\/wp-json\/wp\/v2\/comments?post=2962"}],"version-history":[{"count":0,"href":"https:\/\/malmoarenahotel.com\/de\/wp-json\/wp\/v2\/pages\/2962\/revisions"}],"wp:attachment":[{"href":"https:\/\/malmoarenahotel.com\/de\/wp-json\/wp\/v2\/media?parent=2962"}],"curies":[{"name":"wp","href":"https:\/\/api.w.org\/{rel}","templated":true}]}}