{"id":32,"date":"2024-01-24T08:20:25","date_gmt":"2024-01-24T08:20:25","guid":{"rendered":"https:\/\/malmoarenahotel.com\/?page_id=32"},"modified":"2024-04-26T12:23:16","modified_gmt":"2024-04-26T12:23:16","slug":"karriar","status":"publish","type":"page","link":"https:\/\/malmoarenahotel.com\/de\/karriere\/","title":{"rendered":"Karriere"},"content":{"rendered":"<div data-elementor-type=\"wp-page\" data-elementor-id=\"32\" class=\"elementor elementor-32\" data-elementor-post-type=\"page\">\n\t\t\t\t<div data-dce-background-overlay-color=\"#000000\" data-dce-background-image-url=\"https:\/\/malmoarenahotel.com\/wp-content\/uploads\/2024\/04\/karriar-banner.jpg\" class=\"elementor-element elementor-element-136704e e-flex e-con-boxed e-con e-parent\" data-id=\"136704e\" data-element_type=\"container\" data-e-type=\"container\" data-settings=\"{&quot;background_background&quot;:&quot;classic&quot;}\">\n\t\t\t\t\t<div class=\"e-con-inner\">\n\t\t\t\t<div class=\"elementor-element elementor-element-6515a84 elementor-widget elementor-widget-heading\" data-id=\"6515a84\" data-element_type=\"widget\" data-e-type=\"widget\" data-widget_type=\"heading.default\">\n\t\t\t\t<div class=\"elementor-widget-container\">\n\t\t\t\t\t<h1 class=\"elementor-heading-title elementor-size-default\">Karriere<\/h1>\t\t\t\t<\/div>\n\t\t\t\t<\/div>\n\t\t\t\t\t<\/div>\n\t\t\t\t<\/div>\n\t\t<div class=\"elementor-element elementor-element-c796a44 e-flex e-con-boxed e-con e-parent\" data-id=\"c796a44\" data-element_type=\"container\" data-e-type=\"container\">\n\t\t\t\t\t<div class=\"e-con-inner\">\n\t\t\t\t<div class=\"elementor-element elementor-element-3bb6918 elementor-widget elementor-widget-heading\" data-id=\"3bb6918\" data-element_type=\"widget\" data-e-type=\"widget\" data-widget_type=\"heading.default\">\n\t\t\t\t<div class=\"elementor-widget-container\">\n\t\t\t\t\t<h2 class=\"elementor-heading-title elementor-size-default\">Werden Sie Teil unserer Familie<\/h2>\t\t\t\t<\/div>\n\t\t\t\t<\/div>\n\t\t\t\t<div class=\"elementor-element elementor-element-b511a11 elementor-widget elementor-widget-heading\" data-id=\"b511a11\" data-element_type=\"widget\" data-e-type=\"widget\" data-widget_type=\"heading.default\">\n\t\t\t\t<div class=\"elementor-widget-container\">\n\t\t\t\t\t<h2 class=\"elementor-heading-title elementor-size-default\">Eine Welt einzigartiger Erlebnisse!<\/h2>\t\t\t\t<\/div>\n\t\t\t\t<\/div>\n\t\t\t\t<div class=\"elementor-element elementor-element-92aa79a elementor-widget elementor-widget-text-editor\" data-id=\"92aa79a\" data-element_type=\"widget\" data-e-type=\"widget\" data-widget_type=\"text-editor.default\">\n\t\t\t\t<div class=\"elementor-widget-container\">\n\t\t\t\t\t\t\t\t\t<p>M\u00f6chten Sie Teil des Malm\u00f6 Arena Hotels sein und dazu beitragen, unseren G\u00e4sten einen erstklassigen Service zu bieten? Verf\u00fcgen Sie \u00fcber einen guten Service und m\u00f6chten die Erwartungen Ihrer G\u00e4ste mit Leidenschaft \u00fcbertreffen? Dann werden Sie einer von uns!<\/p><p>Als Mitarbeiter werden Sie Teil unserer spannenden Welt einzigartiger Erlebnisse. Wir sind ein Unternehmen, das st\u00e4ndig in Bewegung ist \u2013 von gro\u00dfen internationalen Veranstaltungen und Konferenzen bis hin zu \u00dcbernachtungsg\u00e4sten aus der ganzen Welt, Besuchern, die gutes Essen genie\u00dfen und nicht zuletzt Malm\u00f6s gr\u00f6\u00dfter Skybar mit einer hervorragenden Aussicht.<\/p><p>Wir haben marktgerechte Konditionen und bieten eine Reihe von Vorteilen, die Sie nutzen k\u00f6nnen.\u00a0<\/p><p>Willkommen in einem spannenden und nachhaltigen Arbeitsumfeld zusammen mit fantastischen Kollegen!\u00a0<\/p>\t\t\t\t\t\t\t\t<\/div>\n\t\t\t\t<\/div>\n\t\t\t\t\t<\/div>\n\t\t\t\t<\/div>\n\t\t<div class=\"elementor-element elementor-element-3b9c0e3 e-con-full e-flex e-con e-parent\" data-id=\"3b9c0e3\" data-element_type=\"container\" data-e-type=\"container\">\n\t\t<div class=\"elementor-element elementor-element-790d47f e-con-full animated-slow e-flex elementor-invisible e-con e-child\" data-id=\"790d47f\" data-element_type=\"container\" data-e-type=\"container\" data-settings=\"{&quot;animation&quot;:&quot;fadeIn&quot;}\">\n\t\t\t\t<div class=\"elementor-element elementor-element-096cd9f elementor-widget elementor-widget-heading\" data-id=\"096cd9f\" data-element_type=\"widget\" data-e-type=\"widget\" data-widget_type=\"heading.default\">\n\t\t\t\t<div class=\"elementor-widget-container\">\n\t\t\t\t\t<h2 class=\"elementor-heading-title elementor-size-default\">Freude &amp; Engagement<\/h2>\t\t\t\t<\/div>\n\t\t\t\t<\/div>\n\t\t\t\t<div class=\"elementor-element elementor-element-9e3b7fb elementor-widget elementor-widget-heading\" data-id=\"9e3b7fb\" data-element_type=\"widget\" data-e-type=\"widget\" data-widget_type=\"heading.default\">\n\t\t\t\t<div class=\"elementor-widget-container\">\n\t\t\t\t\t<h2 class=\"elementor-heading-title elementor-size-default\">Sch\u00f6n, zur Arbeit zu gehen<\/h2>\t\t\t\t<\/div>\n\t\t\t\t<\/div>\n\t\t\t\t<div class=\"elementor-element elementor-element-de25e27 elementor-widget elementor-widget-text-editor\" data-id=\"de25e27\" data-element_type=\"widget\" data-e-type=\"widget\" data-widget_type=\"text-editor.default\">\n\t\t\t\t<div class=\"elementor-widget-container\">\n\t\t\t\t\t\t\t\t\t<p>Wir sind ein eingespieltes Team aus vielen unterschiedlichen Berufsfeldern hier im Haus. In unserer aktuellen Mitarbeiterbefragung haben wir unter anderem eines gemeinsam: Es macht uns Spa\u00df, zur Arbeit zu kommen. Darauf sind wir sehr stolz! Mit Freude und Engagement arbeiten wir eng zusammen, um allen G\u00e4sten das ganze Jahr \u00fcber den besten Service zu bieten.<\/p><p>Wir alle wissen, dass Gesundheit von innen kommt. Wenn Sie sich gut f\u00fchlen, leisten Sie gute Leistungen. Neben Tarifvertr\u00e4gen, Krankenversicherungszusch\u00fcssen und anderen Absicherungsl\u00f6sungen bieten wir Ihnen auch die M\u00f6glichkeit, auf weitere Weise zu profitieren. Wenn Sie hier arbeiten, k\u00f6nnen Sie beispielsweise einen Hotelaufenthalt in unserem Haus sowie in anderen Best Western Hotels mit einem Personalrabatt genie\u00dfen.<\/p>\t\t\t\t\t\t\t\t<\/div>\n\t\t\t\t<\/div>\n\t\t\t\t<\/div>\n\t\t<div class=\"elementor-element elementor-element-c2692f4 e-con-full animated-slow e-flex elementor-invisible e-con e-child\" data-id=\"c2692f4\" data-element_type=\"container\" data-e-type=\"container\" data-settings=\"{&quot;animation&quot;:&quot;fadeIn&quot;}\">\n\t\t\t\t<div class=\"elementor-element elementor-element-e88b352 elementor-pagination-position-outside elementor-widget elementor-widget-image-carousel\" data-id=\"e88b352\" data-element_type=\"widget\" data-e-type=\"widget\" data-settings=\"{&quot;slides_to_show&quot;:&quot;1&quot;,&quot;navigation&quot;:&quot;dots&quot;,&quot;autoplay&quot;:&quot;no&quot;,&quot;infinite&quot;:&quot;yes&quot;,&quot;effect&quot;:&quot;slide&quot;,&quot;speed&quot;:500}\" data-widget_type=\"image-carousel.default\">\n\t\t\t\t<div class=\"elementor-widget-container\">\n\t\t\t\t\t\t\t<div class=\"elementor-image-carousel-wrapper swiper\" role=\"region\" aria-roledescription=\"carousel\" aria-label=\"Bilderkarussell\" dir=\"ltr\">\n\t\t\t<div class=\"elementor-image-carousel swiper-wrapper\" aria-live=\"polite\">\n\t\t\t\t\t\t\t\t<div class=\"swiper-slide\" role=\"group\" aria-roledescription=\"slide\" aria-label=\"1 av 1\"><figure class=\"swiper-slide-inner\"><img decoding=\"async\" class=\"swiper-slide-image\" src=\"https:\/\/malmoarenahotel.com\/wp-content\/uploads\/2024\/03\/Karriar_kulpajobbb.png\" alt=\"Career_cool jobb\" \/><\/figure><\/div>\t\t\t<\/div>\n\t\t\t\t\t<\/div>\n\t\t\t\t\t\t<\/div>\n\t\t\t\t<\/div>\n\t\t\t\t<\/div>\n\t\t\t\t<\/div>\n\t\t<div class=\"elementor-element elementor-element-a3f43cd e-flex e-con-boxed e-con e-parent\" data-id=\"a3f43cd\" data-element_type=\"container\" data-e-type=\"container\" data-settings=\"{&quot;background_background&quot;:&quot;classic&quot;}\">\n\t\t\t\t\t<div class=\"e-con-inner\">\n\t\t<div class=\"elementor-element elementor-element-7fd32b1 e-con-full e-flex e-con e-child\" data-id=\"7fd32b1\" data-element_type=\"container\" data-e-type=\"container\">\n\t\t\t\t<div class=\"elementor-element elementor-element-bb01f96 elementor-widget elementor-widget-heading\" data-id=\"bb01f96\" data-element_type=\"widget\" data-e-type=\"widget\" data-widget_type=\"heading.default\">\n\t\t\t\t<div class=\"elementor-widget-container\">\n\t\t\t\t\t<h3 class=\"elementor-heading-title elementor-size-default\">FAMILIE<\/h3>\t\t\t\t<\/div>\n\t\t\t\t<\/div>\n\t\t\t\t<div class=\"elementor-element elementor-element-942f6a1 elementor-widget elementor-widget-text-editor\" data-id=\"942f6a1\" data-element_type=\"widget\" data-e-type=\"widget\" data-widget_type=\"text-editor.default\">\n\t\t\t\t<div class=\"elementor-widget-container\">\n\t\t\t\t\t\t\t\t\t<p>Bei uns herrscht Teamgeist, wir begegnen einander mit Respekt, wir pflegen ein prestigefreies Miteinander und wir sp\u00fcren Gemeinschaft und Freude an der Arbeit.<\/p>\t\t\t\t\t\t\t\t<\/div>\n\t\t\t\t<\/div>\n\t\t\t\t<\/div>\n\t\t<div class=\"elementor-element elementor-element-4032bba e-con-full e-flex e-con e-child\" data-id=\"4032bba\" data-element_type=\"container\" data-e-type=\"container\">\n\t\t\t\t<div class=\"elementor-element elementor-element-b2437cc elementor-widget elementor-widget-heading\" data-id=\"b2437cc\" data-element_type=\"widget\" data-e-type=\"widget\" data-widget_type=\"heading.default\">\n\t\t\t\t<div class=\"elementor-widget-container\">\n\t\t\t\t\t<h3 class=\"elementor-heading-title elementor-size-default\">ENGAGIERT<\/h3>\t\t\t\t<\/div>\n\t\t\t\t<\/div>\n\t\t\t\t<div class=\"elementor-element elementor-element-33e8db8 elementor-widget elementor-widget-text-editor\" data-id=\"33e8db8\" data-element_type=\"widget\" data-e-type=\"widget\" data-widget_type=\"text-editor.default\">\n\t\t\t\t<div class=\"elementor-widget-container\">\n\t\t\t\t\t\t\t\t\t<p>Wir sind ehrgeizig, haben ein hohes Serviceniveau, wir denken und arbeiten flexibel, wir sind l\u00f6sungsorientiert und liefern \u00fcber den Erwartungen, wir entwickeln uns in die richtige Richtung f\u00fcr eine stabile Rentabilit\u00e4t.<\/p>\t\t\t\t\t\t\t\t<\/div>\n\t\t\t\t<\/div>\n\t\t\t\t<\/div>\n\t\t<div class=\"elementor-element elementor-element-e3b03ab e-con-full e-flex e-con e-child\" data-id=\"e3b03ab\" data-element_type=\"container\" data-e-type=\"container\">\n\t\t\t\t<div class=\"elementor-element elementor-element-2802de8 elementor-widget elementor-widget-heading\" data-id=\"2802de8\" data-element_type=\"widget\" data-e-type=\"widget\" data-widget_type=\"heading.default\">\n\t\t\t\t<div class=\"elementor-widget-container\">\n\t\t\t\t\t<h3 class=\"elementor-heading-title elementor-size-default\">GESPR\u00c4CHIG<\/h3>\t\t\t\t<\/div>\n\t\t\t\t<\/div>\n\t\t\t\t<div class=\"elementor-element elementor-element-d80b8e2 elementor-widget elementor-widget-text-editor\" data-id=\"d80b8e2\" data-element_type=\"widget\" data-e-type=\"widget\" data-widget_type=\"text-editor.default\">\n\t\t\t\t<div class=\"elementor-widget-container\">\n\t\t\t\t\t\t\t\t\t<p>Wir geben und nehmen Feedback, wir haben klare Richtlinien und Verfahren und befolgen diese, wir kennen unsere Mandate und leben diese, wir sind informativ.<\/p>\t\t\t\t\t\t\t\t<\/div>\n\t\t\t\t<\/div>\n\t\t\t\t<\/div>\n\t\t<div class=\"elementor-element elementor-element-f2c0084 e-con-full e-flex e-con e-child\" data-id=\"f2c0084\" data-element_type=\"container\" data-e-type=\"container\">\n\t\t\t\t<div class=\"elementor-element elementor-element-e165e03 elementor-widget elementor-widget-heading\" data-id=\"e165e03\" data-element_type=\"widget\" data-e-type=\"widget\" data-widget_type=\"heading.default\">\n\t\t\t\t<div class=\"elementor-widget-container\">\n\t\t\t\t\t<h3 class=\"elementor-heading-title elementor-size-default\">FAIR PLAY<\/h3>\t\t\t\t<\/div>\n\t\t\t\t<\/div>\n\t\t\t\t<div class=\"elementor-element elementor-element-7738c0c elementor-widget elementor-widget-text-editor\" data-id=\"7738c0c\" data-element_type=\"widget\" data-e-type=\"widget\" data-widget_type=\"text-editor.default\">\n\t\t\t\t<div class=\"elementor-widget-container\">\n\t\t\t\t\t\t\t\t\t<p>Wir sind ehrlich zueinander, wir haben Fairplay, wir arbeiten und handeln nachhaltig, wir halten uns an Regeln und Vereinbarungen, wir distanzieren uns von Mobbing, Verst\u00f6\u00dfen und Bel\u00e4stigungen.<\/p>\t\t\t\t\t\t\t\t<\/div>\n\t\t\t\t<\/div>\n\t\t\t\t<\/div>\n\t\t\t\t\t<\/div>\n\t\t\t\t<\/div>\n\t\t<div class=\"elementor-element elementor-element-8cff05c e-con-full e-flex e-con e-parent\" data-id=\"8cff05c\" data-element_type=\"container\" data-e-type=\"container\">\n\t\t<div class=\"elementor-element elementor-element-4eaac3b e-con-full animated-slow e-flex elementor-invisible e-con e-child\" data-id=\"4eaac3b\" data-element_type=\"container\" data-e-type=\"container\" data-settings=\"{&quot;animation&quot;:&quot;fadeIn&quot;}\">\n\t\t\t\t<div class=\"elementor-element elementor-element-9ec8a51 elementor-pagination-position-outside elementor-widget elementor-widget-image-carousel\" data-id=\"9ec8a51\" data-element_type=\"widget\" data-e-type=\"widget\" data-settings=\"{&quot;slides_to_show&quot;:&quot;1&quot;,&quot;navigation&quot;:&quot;dots&quot;,&quot;autoplay&quot;:&quot;no&quot;,&quot;infinite&quot;:&quot;yes&quot;,&quot;effect&quot;:&quot;slide&quot;,&quot;speed&quot;:500}\" data-widget_type=\"image-carousel.default\">\n\t\t\t\t<div class=\"elementor-widget-container\">\n\t\t\t\t\t\t\t<div class=\"elementor-image-carousel-wrapper swiper\" role=\"region\" aria-roledescription=\"carousel\" aria-label=\"Bilderkarussell\" dir=\"ltr\">\n\t\t\t<div class=\"elementor-image-carousel swiper-wrapper\" aria-live=\"polite\">\n\t\t\t\t\t\t\t\t<div class=\"swiper-slide\" role=\"group\" aria-roledescription=\"slide\" aria-label=\"1 av 1\"><figure class=\"swiper-slide-inner\"><img decoding=\"async\" class=\"swiper-slide-image\" src=\"https:\/\/malmoarenahotel.com\/wp-content\/uploads\/2024\/03\/Karriar_om-malmoarenahotel.png\" alt=\"Karriere_\u00fcber Malmoarenahotel\" \/><\/figure><\/div>\t\t\t<\/div>\n\t\t\t\t\t<\/div>\n\t\t\t\t\t\t<\/div>\n\t\t\t\t<\/div>\n\t\t\t\t<\/div>\n\t\t<div class=\"elementor-element elementor-element-0ea3879 e-con-full animated-slow e-flex elementor-invisible e-con e-child\" data-id=\"0ea3879\" data-element_type=\"container\" data-e-type=\"container\" data-settings=\"{&quot;animation&quot;:&quot;fadeIn&quot;}\">\n\t\t\t\t<div class=\"elementor-element elementor-element-761b08d elementor-widget elementor-widget-heading\" data-id=\"761b08d\" data-element_type=\"widget\" data-e-type=\"widget\" data-widget_type=\"heading.default\">\n\t\t\t\t<div class=\"elementor-widget-container\">\n\t\t\t\t\t<h2 class=\"elementor-heading-title elementor-size-default\">Wer sind wir?<\/h2>\t\t\t\t<\/div>\n\t\t\t\t<\/div>\n\t\t\t\t<div class=\"elementor-element elementor-element-31048b4 elementor-widget elementor-widget-heading\" data-id=\"31048b4\" data-element_type=\"widget\" data-e-type=\"widget\" data-widget_type=\"heading.default\">\n\t\t\t\t<div class=\"elementor-widget-container\">\n\t\t\t\t\t<h2 class=\"elementor-heading-title elementor-size-default\">\u00dcber das Malm\u00f6 Arena Hotel<\/h2>\t\t\t\t<\/div>\n\t\t\t\t<\/div>\n\t\t\t\t<div class=\"elementor-element elementor-element-f0d96b9 elementor-widget elementor-widget-text-editor\" data-id=\"f0d96b9\" data-element_type=\"widget\" data-e-type=\"widget\" data-widget_type=\"text-editor.default\">\n\t\t\t\t<div class=\"elementor-widget-container\">\n\t\t\t\t\t\t\t\t\t<p>Das Malm\u00f6 Arena Hotel ist ein familiengef\u00fchrtes und farbenfrohes Veranstaltungshotel in bester Lage in Malm\u00f6 Hyllie, nur 12 Minuten vom Flughafen Kopenhagen entfernt. Mit 395 Zimmern sind wir Malm\u00f6s zweitgr\u00f6\u00dftes Hotel. Bei uns genie\u00dfen unsere G\u00e4ste erholsamen Schlaf, echtes K\u00fcchenhandwerk und den einzigartigen Ausblick in der Skybar.<\/p><p>Das Hotel liegt in Hyllie, Malm\u00f6s nachhaltigstem Viertel und einem der dynamischsten Veranstaltungsgebiete Skandinaviens. Dank unserer einzigartigen Position als f\u00fchrender Treffpunkt der Region k\u00f6nnen wir unseren G\u00e4sten einzigartige Erlebnisse und denjenigen von uns, die hier arbeiten, einen abwechslungsreichen Alltag bieten. Mit klaren Richtlinien und Routinen ist dies gleichzeitig ein sicherer Arbeitsplatz.<\/p>\t\t\t\t\t\t\t\t<\/div>\n\t\t\t\t<\/div>\n\t\t\t\t<\/div>\n\t\t\t\t<\/div>\n\t\t<div class=\"elementor-element elementor-element-4630c34 e-flex e-con-boxed e-con e-parent\" data-id=\"4630c34\" data-element_type=\"container\" data-e-type=\"container\" data-settings=\"{&quot;background_background&quot;:&quot;classic&quot;}\">\n\t\t\t\t\t<div class=\"e-con-inner\">\n\t\t\t\t<div class=\"elementor-element elementor-element-4ac3bfc elementor-position-left elementor-vertical-align-middle elementor-widget elementor-widget-image-box\" data-id=\"4ac3bfc\" data-element_type=\"widget\" data-e-type=\"widget\" data-widget_type=\"image-box.default\">\n\t\t\t\t<div class=\"elementor-widget-container\">\n\t\t\t\t\t<div class=\"elementor-image-box-wrapper\"><figure class=\"elementor-image-box-img\"><img fetchpriority=\"high\" decoding=\"async\" width=\"2363\" height=\"2363\" src=\"https:\/\/malmoarenahotel.com\/wp-content\/uploads\/2024\/03\/Ikon_hallbarhet-3.png\" class=\"attachment-full size-full wp-image-2455\" alt=\"\" srcset=\"https:\/\/malmoarenahotel.com\/wp-content\/uploads\/2024\/03\/Ikon_hallbarhet-3.png 2363w, https:\/\/malmoarenahotel.com\/wp-content\/uploads\/2024\/03\/Ikon_hallbarhet-3-300x300.png 300w, https:\/\/malmoarenahotel.com\/wp-content\/uploads\/2024\/03\/Ikon_hallbarhet-3-1024x1024.png 1024w, https:\/\/malmoarenahotel.com\/wp-content\/uploads\/2024\/03\/Ikon_hallbarhet-3-150x150.png 150w, https:\/\/malmoarenahotel.com\/wp-content\/uploads\/2024\/03\/Ikon_hallbarhet-3-768x768.png 768w, https:\/\/malmoarenahotel.com\/wp-content\/uploads\/2024\/03\/Ikon_hallbarhet-3-1536x1536.png 1536w, https:\/\/malmoarenahotel.com\/wp-content\/uploads\/2024\/03\/Ikon_hallbarhet-3-2048x2048.png 2048w, https:\/\/malmoarenahotel.com\/wp-content\/uploads\/2024\/03\/Ikon_hallbarhet-3-12x12.png 12w\" sizes=\"(max-width: 2363px) 100vw, 2363px\" \/><\/figure><div class=\"elementor-image-box-content\"><h2 class=\"elementor-image-box-title\">Ihr nachhaltiger Arbeitsplatz<\/h2><p class=\"elementor-image-box-description\">Wenn Sie mit uns zusammenarbeiten, ist es einfach, nachhaltig zu leben. Der Bahnhof Hyllie ist nur 300 Meter entfernt und Sie k\u00f6nnen von den meisten Orten in der Region aus problemlos mit \u00f6ffentlichen Verkehrsmitteln hierher pendeln, sogar von Kopenhagen, das nur 25 Minuten entfernt ist. An Ihrem Arbeitsplatz sind wir durch Swedish Certification nach den Kriterien ISO14001 umweltzertifiziert und konzentrieren uns unter anderem auf die Reduzierung von Lebensmittelverschwendung und die Verwendung nachhaltiger Rohstoffe sowie den Verbrauch von Wasser und Strom. Wir arbeiten auch daran, die lokale Gemeinschaft durch verschiedene Kooperationen zu st\u00e4rken.<\/p><\/div><\/div>\t\t\t\t<\/div>\n\t\t\t\t<\/div>\n\t\t\t\t<div data-dce-background-color=\"#FFFFFF00\" class=\"elementor-element elementor-element-d22b436 elementor-align-center elementor-widget elementor-widget-button\" data-id=\"d22b436\" data-element_type=\"widget\" data-e-type=\"widget\" data-widget_type=\"button.default\">\n\t\t\t\t<div class=\"elementor-widget-container\">\n\t\t\t\t\t\t\t\t\t<div class=\"elementor-button-wrapper\">\n\t\t\t\t\t<a class=\"elementor-button elementor-button-link elementor-size-sm\" href=\"https:\/\/malmoarenahotel.com\/de\/wartbarkeit\/\">\n\t\t\t\t\t\t<span class=\"elementor-button-content-wrapper\">\n\t\t\t\t\t\t<span class=\"elementor-button-icon\">\n\t\t\t\t<i aria-hidden=\"true\" class=\"fal fa-long-arrow-right\"><\/i>\t\t\t<\/span>\n\t\t\t\t\t\t\t\t\t<span class=\"elementor-button-text\">Mehr lesen<\/span>\n\t\t\t\t\t<\/span>\n\t\t\t\t\t<\/a>\n\t\t\t\t<\/div>\n\t\t\t\t\t\t\t\t<\/div>\n\t\t\t\t<\/div>\n\t\t\t\t\t<\/div>\n\t\t\t\t<\/div>\n\t\t<div class=\"elementor-element elementor-element-aabfbe1 e-flex e-con-boxed e-con e-parent\" data-id=\"aabfbe1\" data-element_type=\"container\" data-e-type=\"container\">\n\t\t\t\t\t<div class=\"e-con-inner\">\n\t\t\t\t<div class=\"elementor-element elementor-element-7185808 elementor-widget elementor-widget-heading\" data-id=\"7185808\" data-element_type=\"widget\" data-e-type=\"widget\" data-widget_type=\"heading.default\">\n\t\t\t\t<div class=\"elementor-widget-container\">\n\t\t\t\t\t<h2 class=\"elementor-heading-title elementor-size-default\">Verf\u00fcgbare Positionen<\/h2>\t\t\t\t<\/div>\n\t\t\t\t<\/div>\n\t\t\t\t<div class=\"elementor-element elementor-element-d872b60 elementor-widget elementor-widget-heading\" data-id=\"d872b60\" data-element_type=\"widget\" data-e-type=\"widget\" data-widget_type=\"heading.default\">\n\t\t\t\t<div class=\"elementor-widget-container\">\n\t\t\t\t\t<h2 class=\"elementor-heading-title elementor-size-default\">Werden Sie Teil unseres Teams!<\/h2>\t\t\t\t<\/div>\n\t\t\t\t<\/div>\n\t\t\t\t<div class=\"elementor-element elementor-element-583bc3e elementor-widget elementor-widget-text-editor\" data-id=\"583bc3e\" data-element_type=\"widget\" data-e-type=\"widget\" data-widget_type=\"text-editor.default\">\n\t\t\t\t<div class=\"elementor-widget-container\">\n\t\t\t\t\t\t\t\t\t<p>Nutzen Sie die Chance, mit einem gro\u00dfartigen Team an einem Arbeitsplatz zu arbeiten, an dem kein Tag dem anderen gleicht! Nachfolgend finden Sie unsere offenen Stellen. Wenn Sie auf die jeweilige Stelle klicken, erhalten Sie dort Informationen zum Inhalt der Stelle. Zur Arena-Familie geh\u00f6rt auch die Malm\u00f6 Arena, deren freie Stellen Sie hier ebenfalls sehen k\u00f6nnen!<\/p><p>Wenn Sie keine interessante Stelle finden, k\u00f6nnen Sie jederzeit Interesse anmelden und wir wissen, dass Sie daran interessiert sind, einer von uns zu werden! Sie k\u00f6nnen auch Stellenangebote abonnieren, damit Sie nichts verpassen, was wir ver\u00f6ffentlichen! Tsch\u00fcss!<\/p>\t\t\t\t\t\t\t\t<\/div>\n\t\t\t\t<\/div>\n\t\t\t\t<div data-dce-background-color=\"#FFFFFF00\" class=\"elementor-element elementor-element-3824c33 elementor-align-center elementor-widget elementor-widget-button\" data-id=\"3824c33\" data-element_type=\"widget\" data-e-type=\"widget\" data-widget_type=\"button.default\">\n\t\t\t\t<div class=\"elementor-widget-container\">\n\t\t\t\t\t\t\t\t\t<div class=\"elementor-button-wrapper\">\n\t\t\t\t\t<a class=\"elementor-button elementor-button-link elementor-size-sm\" href=\"https:\/\/malmoarena-hotel.attract.reachmee.com\/\" target=\"_blank\" rel=\"noopener\">\n\t\t\t\t\t\t<span class=\"elementor-button-content-wrapper\">\n\t\t\t\t\t\t<span class=\"elementor-button-icon\">\n\t\t\t\t<i aria-hidden=\"true\" class=\"fal fa-long-arrow-right\"><\/i>\t\t\t<\/span>\n\t\t\t\t\t\t\t\t\t<span class=\"elementor-button-text\">Verf\u00fcgbare Positionen<\/span>\n\t\t\t\t\t<\/span>\n\t\t\t\t\t<\/a>\n\t\t\t\t<\/div>\n\t\t\t\t\t\t\t\t<\/div>\n\t\t\t\t<\/div>\n\t\t\t\t\t<\/div>\n\t\t\t\t<\/div>\n\t\t\t\t<\/div>","protected":false},"excerpt":{"rendered":"<p>Karri\u00e4r Bli en del av v\u00e5r familj En v\u00e4rld av unika upplevelser! Vill du vara en del av Malm\u00f6 Arena Hotel och bidra till att leverera en f\u00f6rstklassig service till v\u00e5ra g\u00e4ster? Har du service ut i fingerspetsarna och brinner f\u00f6r att \u00f6vertr\u00e4ffa g\u00e4stens f\u00f6rv\u00e4ntningar? D\u00e5 ska du bli en av oss! Som medarbetare blir [&hellip;]<\/p>\n","protected":false},"author":1,"featured_media":0,"parent":0,"menu_order":0,"comment_status":"closed","ping_status":"closed","template":"","meta":{"_acf_changed":false,"footnotes":""},"class_list":["post-32","page","type-page","status-publish","hentry"],"acf":[],"publishpress_future_workflow_manual_trigger":{"enabledWorkflows":[]},"_links":{"self":[{"href":"https:\/\/malmoarenahotel.com\/de\/wp-json\/wp\/v2\/pages\/32","targetHints":{"allow":["GET"]}}],"collection":[{"href":"https:\/\/malmoarenahotel.com\/de\/wp-json\/wp\/v2\/pages"}],"about":[{"href":"https:\/\/malmoarenahotel.com\/de\/wp-json\/wp\/v2\/types\/page"}],"author":[{"embeddable":true,"href":"https:\/\/malmoarenahotel.com\/de\/wp-json\/wp\/v2\/users\/1"}],"replies":[{"embeddable":true,"href":"https:\/\/malmoarenahotel.com\/de\/wp-json\/wp\/v2\/comments?post=32"}],"version-history":[{"count":0,"href":"https:\/\/malmoarenahotel.com\/de\/wp-json\/wp\/v2\/pages\/32\/revisions"}],"wp:attachment":[{"href":"https:\/\/malmoarenahotel.com\/de\/wp-json\/wp\/v2\/media?parent=32"}],"curies":[{"name":"wp","href":"https:\/\/api.w.org\/{rel}","templated":true}]}}