{"id":1492,"date":"2024-02-21T10:44:24","date_gmt":"2024-02-21T10:44:24","guid":{"rendered":"https:\/\/malmoarenahotel.com\/?page_id=1492"},"modified":"2025-08-04T11:56:07","modified_gmt":"2025-08-04T11:56:07","slug":"praktisk-information","status":"publish","type":"page","link":"https:\/\/malmoarenahotel.com\/en\/practical-information\/","title":{"rendered":"Practical information"},"content":{"rendered":"<div data-elementor-type=\"wp-page\" data-elementor-id=\"1492\" class=\"elementor elementor-1492\" data-elementor-post-type=\"page\">\n\t\t\t\t<div data-dce-background-overlay-color=\"#000000\" data-dce-background-image-url=\"https:\/\/malmoarenahotel.com\/wp-content\/uploads\/2024\/04\/Praktisk-info-header--scaled.jpg\" class=\"elementor-element elementor-element-5e3cfc3 e-flex e-con-boxed e-con e-parent\" data-id=\"5e3cfc3\" data-element_type=\"container\" data-e-type=\"container\" data-settings=\"{&quot;background_background&quot;:&quot;classic&quot;}\">\n\t\t\t\t\t<div class=\"e-con-inner\">\n\t\t\t\t<div class=\"elementor-element elementor-element-1e99217 elementor-widget elementor-widget-heading\" data-id=\"1e99217\" data-element_type=\"widget\" data-e-type=\"widget\" data-widget_type=\"heading.default\">\n\t\t\t\t<div class=\"elementor-widget-container\">\n\t\t\t\t\t<h1 class=\"elementor-heading-title elementor-size-default\">Practical information<\/h1>\t\t\t\t<\/div>\n\t\t\t\t<\/div>\n\t\t\t\t\t<\/div>\n\t\t\t\t<\/div>\n\t\t<div class=\"elementor-element elementor-element-01252e0 e-con-full e-flex e-con e-parent\" data-id=\"01252e0\" data-element_type=\"container\" data-e-type=\"container\">\n\t\t<div class=\"elementor-element elementor-element-e9601de e-con-full animated-slow e-flex elementor-invisible e-con e-child\" data-id=\"e9601de\" data-element_type=\"container\" data-e-type=\"container\" data-settings=\"{&quot;animation&quot;:&quot;fadeIn&quot;}\">\n\t\t\t\t<div class=\"elementor-element elementor-element-8b504ac elementor-widget elementor-widget-text-editor\" data-id=\"8b504ac\" data-element_type=\"widget\" data-e-type=\"widget\" data-widget_type=\"text-editor.default\">\n\t\t\t\t<div class=\"elementor-widget-container\">\n\t\t\t\t\t\t\t\t\t<p>Availability<\/p>\t\t\t\t\t\t\t\t<\/div>\n\t\t\t\t<\/div>\n\t\t\t\t<div class=\"elementor-element elementor-element-363fc6a elementor-widget elementor-widget-heading\" data-id=\"363fc6a\" data-element_type=\"widget\" data-e-type=\"widget\" data-widget_type=\"heading.default\">\n\t\t\t\t<div class=\"elementor-widget-container\">\n\t\t\t\t\t<h2 class=\"elementor-heading-title elementor-size-default\">Distance and infrastructure\n<\/h2>\t\t\t\t<\/div>\n\t\t\t\t<\/div>\n\t\t\t\t<div class=\"elementor-element elementor-element-f0e2b29 elementor-widget elementor-widget-text-editor\" data-id=\"f0e2b29\" data-element_type=\"widget\" data-e-type=\"widget\" data-widget_type=\"text-editor.default\">\n\t\t\t\t<div class=\"elementor-widget-container\">\n\t\t\t\t\t\t\t\t\t<p>Malm\u00f6 Arena Hotel has a very good location and fantastic accessibility, which makes it easy to get here whether you come by plane, train, bus, car or bicycle. The hotel is only 300 meters from Hyllie train station. There you can, for example, take the train to central Malm\u00f6 in just a few minutes. From the same train station, you can also go to Copenhagen Airport in 12 minutes and Copenhagen C in only 25 minutes.<\/p><p>Malm\u00f6 Arena in the same building \u2022 Malm\u00f6m\u00e4ssan 50 m \u2022 Hyllie station 300 m \u2022 Emporia K\u00f6pcentrum 300 m \u2022 Malm\u00f6 C 7 min by train \u2022 Kastrup (CPH) 12 min by train \u2022 Copenhagen C 25 min by train \u2022 Sturup 30 min by car<br \/>Here you will find all the information about trains and buses (including trains to Kastrup and Copenhagen): <a href=\"http:\/\/www.skanetrafiken.se\" target=\"_blank\" rel=\"noopener\"><span style=\"text-decoration: underline;\"><strong>www.skanetrafiken.se<\/strong><\/span><\/a><\/p><p>Address: <span style=\"text-decoration: underline;\"><a href=\"https:\/\/goo.gl\/maps\/ibKjtKE677XeP9K67\" target=\"_blank\" rel=\"noopener\"><strong>Malm\u00f6 Arena Hotel, Hyllie Boulevard 12, 215 32 Malm\u00f6<\/strong><\/a><\/span><\/p>\t\t\t\t\t\t\t\t<\/div>\n\t\t\t\t<\/div>\n\t\t\t\t<\/div>\n\t\t<div class=\"elementor-element elementor-element-fd31aef e-con-full animated-slow e-flex elementor-invisible e-con e-child\" data-id=\"fd31aef\" data-element_type=\"container\" data-e-type=\"container\" data-settings=\"{&quot;animation&quot;:&quot;fadeIn&quot;}\">\n\t\t\t\t<div class=\"elementor-element elementor-element-cbd4bd6 elementor-widget elementor-widget-image\" data-id=\"cbd4bd6\" data-element_type=\"widget\" data-e-type=\"widget\" data-widget_type=\"image.default\">\n\t\t\t\t<div class=\"elementor-widget-container\">\n\t\t\t\t\t\t\t\t\t\t\t\t\t\t\t<img fetchpriority=\"high\" decoding=\"async\" width=\"800\" height=\"525\" src=\"https:\/\/malmoarenahotel.com\/wp-content\/uploads\/2024\/04\/hyllie-station-1-1024x672.jpg\" class=\"attachment-large size-large wp-image-3478\" alt=\"\" srcset=\"https:\/\/malmoarenahotel.com\/wp-content\/uploads\/2024\/04\/hyllie-station-1-1024x672.jpg 1024w, https:\/\/malmoarenahotel.com\/wp-content\/uploads\/2024\/04\/hyllie-station-1-300x197.jpg 300w, https:\/\/malmoarenahotel.com\/wp-content\/uploads\/2024\/04\/hyllie-station-1-768x504.jpg 768w, https:\/\/malmoarenahotel.com\/wp-content\/uploads\/2024\/04\/hyllie-station-1-1536x1008.jpg 1536w, https:\/\/malmoarenahotel.com\/wp-content\/uploads\/2024\/04\/hyllie-station-1-2048x1343.jpg 2048w, https:\/\/malmoarenahotel.com\/wp-content\/uploads\/2024\/04\/hyllie-station-1-18x12.jpg 18w\" sizes=\"(max-width: 800px) 100vw, 800px\" \/>\t\t\t\t\t\t\t\t\t\t\t\t\t\t\t<\/div>\n\t\t\t\t<\/div>\n\t\t\t\t<\/div>\n\t\t\t\t<\/div>\n\t\t<div class=\"elementor-element elementor-element-46634bf e-con-full e-flex e-con e-parent\" data-id=\"46634bf\" data-element_type=\"container\" data-e-type=\"container\">\n\t\t<div class=\"elementor-element elementor-element-4caf5e5 e-con-full e-flex e-con e-child\" data-id=\"4caf5e5\" data-element_type=\"container\" data-e-type=\"container\">\n\t\t<div class=\"elementor-element elementor-element-f5909df animated-slow e-flex e-con-boxed elementor-invisible e-con e-child\" data-id=\"f5909df\" data-element_type=\"container\" data-e-type=\"container\" data-settings=\"{&quot;animation&quot;:&quot;fadeIn&quot;}\">\n\t\t\t\t\t<div class=\"e-con-inner\">\n\t\t<div class=\"elementor-element elementor-element-c15cf0f animated-slow e-flex e-con-boxed elementor-invisible e-con e-child\" data-id=\"c15cf0f\" data-element_type=\"container\" data-e-type=\"container\" data-settings=\"{&quot;animation&quot;:&quot;fadeIn&quot;}\">\n\t\t\t\t\t<div class=\"e-con-inner\">\n\t\t\t\t<div class=\"elementor-element elementor-element-001c115 elementor-widget elementor-widget-image\" data-id=\"001c115\" data-element_type=\"widget\" data-e-type=\"widget\" data-widget_type=\"image.default\">\n\t\t\t\t<div class=\"elementor-widget-container\">\n\t\t\t\t\t\t\t\t\t\t\t\t\t\t\t<img decoding=\"async\" width=\"800\" height=\"802\" src=\"https:\/\/malmoarenahotel.com\/wp-content\/uploads\/2024\/04\/praktiskt-info-hund-scaled-kopiera-1022x1024.jpg\" class=\"attachment-large size-large wp-image-3487\" alt=\"\" srcset=\"https:\/\/malmoarenahotel.com\/wp-content\/uploads\/2024\/04\/praktiskt-info-hund-scaled-kopiera-1022x1024.jpg 1022w, https:\/\/malmoarenahotel.com\/wp-content\/uploads\/2024\/04\/praktiskt-info-hund-scaled-kopiera-300x300.jpg 300w, https:\/\/malmoarenahotel.com\/wp-content\/uploads\/2024\/04\/praktiskt-info-hund-scaled-kopiera-150x150.jpg 150w, https:\/\/malmoarenahotel.com\/wp-content\/uploads\/2024\/04\/praktiskt-info-hund-scaled-kopiera-768x770.jpg 768w, https:\/\/malmoarenahotel.com\/wp-content\/uploads\/2024\/04\/praktiskt-info-hund-scaled-kopiera-1533x1536.jpg 1533w, https:\/\/malmoarenahotel.com\/wp-content\/uploads\/2024\/04\/praktiskt-info-hund-scaled-kopiera-12x12.jpg 12w, https:\/\/malmoarenahotel.com\/wp-content\/uploads\/2024\/04\/praktiskt-info-hund-scaled-kopiera.jpg 1920w\" sizes=\"(max-width: 800px) 100vw, 800px\" \/>\t\t\t\t\t\t\t\t\t\t\t\t\t\t\t<\/div>\n\t\t\t\t<\/div>\n\t\t\t\t\t<\/div>\n\t\t\t\t<\/div>\n\t\t\t\t\t<\/div>\n\t\t\t\t<\/div>\n\t\t\t\t<\/div>\n\t\t<div class=\"elementor-element elementor-element-ee409fa e-con-full animated-slow e-flex elementor-invisible e-con e-child\" data-id=\"ee409fa\" data-element_type=\"container\" data-e-type=\"container\" data-settings=\"{&quot;animation&quot;:&quot;fadeIn&quot;}\">\n\t\t\t\t<div class=\"elementor-element elementor-element-ef5963f elementor-widget elementor-widget-text-editor\" data-id=\"ef5963f\" data-element_type=\"widget\" data-e-type=\"widget\" data-widget_type=\"text-editor.default\">\n\t\t\t\t<div class=\"elementor-widget-container\">\n\t\t\t\t\t\t\t\t\t<p>Check out<\/p>\t\t\t\t\t\t\t\t<\/div>\n\t\t\t\t<\/div>\n\t\t\t\t<div class=\"elementor-element elementor-element-68d66ed elementor-widget elementor-widget-heading\" data-id=\"68d66ed\" data-element_type=\"widget\" data-e-type=\"widget\" data-widget_type=\"heading.default\">\n\t\t\t\t<div class=\"elementor-widget-container\">\n\t\t\t\t\t<h2 class=\"elementor-heading-title elementor-size-default\">Check-in and check-out and much more\n<\/h2>\t\t\t\t<\/div>\n\t\t\t\t<\/div>\n\t\t\t\t<div class=\"elementor-element elementor-element-e016c4c elementor-widget elementor-widget-text-editor\" data-id=\"e016c4c\" data-element_type=\"widget\" data-e-type=\"widget\" data-widget_type=\"text-editor.default\">\n\t\t\t\t<div class=\"elementor-widget-container\">\n\t\t\t\t\t\t\t\t\t<p>We at the reception are here around the clock for your sake. Here we are happy to answer your questions and help you with everything from booking a table, to working out train times, tips on attractions and much more. In addition, there is a little bit of goodies to buy in our mini-store.<\/p><p>Check-in is from 3 pm and check-out is no later than 11 am.<\/p><p>Phone number: <span style=\"text-decoration: underline;\"><strong><a href=\"phone: +46 40 642 04 00\">+46 40 642 04 00<\/a><\/strong><\/span><\/p><p>E-mail: <span style=\"text-decoration: underline;\"><strong><a href=\"mailto:info@malmoarenahotel.com\">info@malmoarenahotel.com<\/a><\/strong><\/span><\/p>\t\t\t\t\t\t\t\t<\/div>\n\t\t\t\t<\/div>\n\t\t\t\t<\/div>\n\t\t\t\t<\/div>\n\t\t<div class=\"elementor-element elementor-element-3f62b34 e-con-full e-flex e-con e-parent\" data-id=\"3f62b34\" data-element_type=\"container\" data-e-type=\"container\">\n\t\t<div class=\"elementor-element elementor-element-bcaf983 e-con-full animated-slow e-flex elementor-invisible e-con e-child\" data-id=\"bcaf983\" data-element_type=\"container\" data-e-type=\"container\" data-settings=\"{&quot;animation&quot;:&quot;fadeIn&quot;}\">\n\t\t\t\t<div class=\"elementor-element elementor-element-caebc09 elementor-widget elementor-widget-text-editor\" data-id=\"caebc09\" data-element_type=\"widget\" data-e-type=\"widget\" data-widget_type=\"text-editor.default\">\n\t\t\t\t<div class=\"elementor-widget-container\">\n\t\t\t\t\t\t\t\t\t<p>BY CAR TO US<\/p>\t\t\t\t\t\t\t\t<\/div>\n\t\t\t\t<\/div>\n\t\t\t\t<div class=\"elementor-element elementor-element-9a216fd elementor-widget elementor-widget-heading\" data-id=\"9a216fd\" data-element_type=\"widget\" data-e-type=\"widget\" data-widget_type=\"heading.default\">\n\t\t\t\t<div class=\"elementor-widget-container\">\n\t\t\t\t\t<h2 class=\"elementor-heading-title elementor-size-default\">Parking<\/h2>\t\t\t\t<\/div>\n\t\t\t\t<\/div>\n\t\t\t\t<div class=\"elementor-element elementor-element-21b54ee elementor-widget elementor-widget-text-editor\" data-id=\"21b54ee\" data-element_type=\"widget\" data-e-type=\"widget\" data-widget_type=\"text-editor.default\">\n\t\t\t\t<div class=\"elementor-widget-container\">\n\t\t\t\t\t\t\t\t\t<p>For our guests traveling by car, we can offer a garage or parking in or near the hotel subject to availability upon check-in at the hotel.<\/p><p>Parking SEK 250\/night<br \/>Pre-booked parking SEK 325<\/p><p>In our garage in Malm\u00f6 Arena Tower, there are also charging stations for electric car charging with Eway&#039;s charging card or via the Parkster app (zone code 80906, select an outlet in the drop-down list).<\/p><p>There are also plenty of parking spaces in the immediate area.<\/p>\t\t\t\t\t\t\t\t<\/div>\n\t\t\t\t<\/div>\n\t\t\t\t<\/div>\n\t\t<div class=\"elementor-element elementor-element-e0102eb animated-slow e-flex e-con-boxed elementor-invisible e-con e-child\" data-id=\"e0102eb\" data-element_type=\"container\" data-e-type=\"container\" data-settings=\"{&quot;animation&quot;:&quot;fadeIn&quot;}\">\n\t\t\t\t\t<div class=\"e-con-inner\">\n\t\t\t\t<div class=\"elementor-element elementor-element-496ef11 elementor-widget elementor-widget-image\" data-id=\"496ef11\" data-element_type=\"widget\" data-e-type=\"widget\" data-widget_type=\"image.default\">\n\t\t\t\t<div class=\"elementor-widget-container\">\n\t\t\t\t\t\t\t\t\t\t\t\t\t\t\t<img decoding=\"async\" width=\"800\" height=\"818\" src=\"https:\/\/malmoarenahotel.com\/wp-content\/uploads\/2024\/04\/garage-mah-1536x2048-2-1002x1024.jpg\" class=\"attachment-large size-large wp-image-3867\" alt=\"\" srcset=\"https:\/\/malmoarenahotel.com\/wp-content\/uploads\/2024\/04\/garage-mah-1536x2048-2-1002x1024.jpg 1002w, https:\/\/malmoarenahotel.com\/wp-content\/uploads\/2024\/04\/garage-mah-1536x2048-2-294x300.jpg 294w, https:\/\/malmoarenahotel.com\/wp-content\/uploads\/2024\/04\/garage-mah-1536x2048-2-768x785.jpg 768w, https:\/\/malmoarenahotel.com\/wp-content\/uploads\/2024\/04\/garage-mah-1536x2048-2-1503x1536.jpg 1503w, https:\/\/malmoarenahotel.com\/wp-content\/uploads\/2024\/04\/garage-mah-1536x2048-2-12x12.jpg 12w, https:\/\/malmoarenahotel.com\/wp-content\/uploads\/2024\/04\/garage-mah-1536x2048-2.jpg 1536w\" sizes=\"(max-width: 800px) 100vw, 800px\" \/>\t\t\t\t\t\t\t\t\t\t\t\t\t\t\t<\/div>\n\t\t\t\t<\/div>\n\t\t\t\t\t<\/div>\n\t\t\t\t<\/div>\n\t\t\t\t<\/div>\n\t\t<div class=\"elementor-element elementor-element-45ae7d4 e-con-full e-flex e-con e-parent\" data-id=\"45ae7d4\" data-element_type=\"container\" data-e-type=\"container\">\n\t\t<div class=\"elementor-element elementor-element-f89b4dc e-con-full e-flex e-con e-child\" data-id=\"f89b4dc\" data-element_type=\"container\" data-e-type=\"container\">\n\t\t<div class=\"elementor-element elementor-element-815c487 e-flex e-con-boxed e-con e-child\" data-id=\"815c487\" data-element_type=\"container\" data-e-type=\"container\" data-settings=\"{&quot;background_background&quot;:&quot;classic&quot;}\">\n\t\t\t\t\t<div class=\"e-con-inner\">\n\t\t<div class=\"elementor-element elementor-element-427c7e7 animated-slow e-flex e-con-boxed elementor-invisible e-con e-child\" data-id=\"427c7e7\" data-element_type=\"container\" data-e-type=\"container\" data-settings=\"{&quot;animation&quot;:&quot;fadeIn&quot;}\">\n\t\t\t\t\t<div class=\"e-con-inner\">\n\t\t\t\t<div class=\"elementor-element elementor-element-aca41ad elementor-widget elementor-widget-image\" data-id=\"aca41ad\" data-element_type=\"widget\" data-e-type=\"widget\" data-widget_type=\"image.default\">\n\t\t\t\t<div class=\"elementor-widget-container\">\n\t\t\t\t\t\t\t\t\t\t\t\t\t\t\t<img loading=\"lazy\" decoding=\"async\" width=\"2560\" height=\"1708\" src=\"https:\/\/malmoarenahotel.com\/wp-content\/uploads\/2024\/03\/Lekrum1-scaled.jpg\" class=\"attachment-full size-full wp-image-2094\" alt=\"\" srcset=\"https:\/\/malmoarenahotel.com\/wp-content\/uploads\/2024\/03\/Lekrum1-scaled.jpg 2560w, https:\/\/malmoarenahotel.com\/wp-content\/uploads\/2024\/03\/Lekrum1-300x200.jpg 300w, https:\/\/malmoarenahotel.com\/wp-content\/uploads\/2024\/03\/Lekrum1-1024x683.jpg 1024w, https:\/\/malmoarenahotel.com\/wp-content\/uploads\/2024\/03\/Lekrum1-768x512.jpg 768w, https:\/\/malmoarenahotel.com\/wp-content\/uploads\/2024\/03\/Lekrum1-1536x1025.jpg 1536w, https:\/\/malmoarenahotel.com\/wp-content\/uploads\/2024\/03\/Lekrum1-2048x1366.jpg 2048w, https:\/\/malmoarenahotel.com\/wp-content\/uploads\/2024\/03\/Lekrum1-18x12.jpg 18w\" sizes=\"(max-width: 2560px) 100vw, 2560px\" \/>\t\t\t\t\t\t\t\t\t\t\t\t\t\t\t<\/div>\n\t\t\t\t<\/div>\n\t\t\t\t\t<\/div>\n\t\t\t\t<\/div>\n\t\t\t\t\t<\/div>\n\t\t\t\t<\/div>\n\t\t\t\t<\/div>\n\t\t<div class=\"elementor-element elementor-element-7610a13 e-con-full animated-slow e-flex elementor-invisible e-con e-child\" data-id=\"7610a13\" data-element_type=\"container\" data-e-type=\"container\" data-settings=\"{&quot;animation&quot;:&quot;fadeIn&quot;}\">\n\t\t\t\t<div class=\"elementor-element elementor-element-74ad575 elementor-widget elementor-widget-text-editor\" data-id=\"74ad575\" data-element_type=\"widget\" data-e-type=\"widget\" data-widget_type=\"text-editor.default\">\n\t\t\t\t<div class=\"elementor-widget-container\">\n\t\t\t\t\t\t\t\t\t<p>A PLACE FOR THE LITTLE ONES<\/p>\t\t\t\t\t\t\t\t<\/div>\n\t\t\t\t<\/div>\n\t\t\t\t<div class=\"elementor-element elementor-element-bbd6257 elementor-widget elementor-widget-heading\" data-id=\"bbd6257\" data-element_type=\"widget\" data-e-type=\"widget\" data-widget_type=\"heading.default\">\n\t\t\t\t<div class=\"elementor-widget-container\">\n\t\t\t\t\t<h2 class=\"elementor-heading-title elementor-size-default\">The playroom<\/h2>\t\t\t\t<\/div>\n\t\t\t\t<\/div>\n\t\t\t\t<div class=\"elementor-element elementor-element-2115edd elementor-widget elementor-widget-text-editor\" data-id=\"2115edd\" data-element_type=\"widget\" data-e-type=\"widget\" data-widget_type=\"text-editor.default\">\n\t\t\t\t<div class=\"elementor-widget-container\">\n\t\t\t\t\t\t\t\t\t<p>Explore our imaginative playroom, decorated straight from the world of Funny here with us! Here the children can draw, play, read and do crafts.<\/p><p>Many are probably familiar with Junibacken in Stockholm, a very popular cultural center for children where, among other things, Astrid Lindgren&#039;s fairy tales are told in a fairy tale train. During the fall of 2020, Staffan G\u00f6testam &amp; co opened a similar cultural center in Malm\u00f6, namely Funny&#039;s Adventure! Malm\u00f6 Arena Hotel is one of the founders of it and exclusive hotel partner, which we are very happy about. You are most welcome to get a taste of Funny&#039;s world with us as well.<\/p>\t\t\t\t\t\t\t\t<\/div>\n\t\t\t\t<\/div>\n\t\t\t\t<\/div>\n\t\t\t\t<\/div>\n\t\t<div class=\"elementor-element elementor-element-bb53ec2 e-con-full e-flex e-con e-parent\" data-id=\"bb53ec2\" data-element_type=\"container\" data-e-type=\"container\">\n\t\t<div class=\"elementor-element elementor-element-250a901 e-con-full animated-slow e-flex elementor-invisible e-con e-child\" data-id=\"250a901\" data-element_type=\"container\" data-e-type=\"container\" data-settings=\"{&quot;animation&quot;:&quot;fadeIn&quot;}\">\n\t\t\t\t<div class=\"elementor-element elementor-element-7ed7e1c elementor-widget elementor-widget-text-editor\" data-id=\"7ed7e1c\" data-element_type=\"widget\" data-e-type=\"widget\" data-widget_type=\"text-editor.default\">\n\t\t\t\t<div class=\"elementor-widget-container\">\n\t\t\t\t\t\t\t\t\t<p>FOR YOUR HEALTH<\/p>\t\t\t\t\t\t\t\t<\/div>\n\t\t\t\t<\/div>\n\t\t\t\t<div class=\"elementor-element elementor-element-0014f2b elementor-widget elementor-widget-heading\" data-id=\"0014f2b\" data-element_type=\"widget\" data-e-type=\"widget\" data-widget_type=\"heading.default\">\n\t\t\t\t<div class=\"elementor-widget-container\">\n\t\t\t\t\t<h2 class=\"elementor-heading-title elementor-size-default\">Exercise and sauna\n<\/h2>\t\t\t\t<\/div>\n\t\t\t\t<\/div>\n\t\t\t\t<div class=\"elementor-element elementor-element-9e5e8bc elementor-widget elementor-widget-text-editor\" data-id=\"9e5e8bc\" data-element_type=\"widget\" data-e-type=\"widget\" data-widget_type=\"text-editor.default\">\n\t\t\t\t<div class=\"elementor-widget-container\">\n\t\t\t\t\t\t\t\t\t<p>Our modern gym and our sauna section are on the second floor of the hotel. All guests have free entry to these. There are also good exercise tracks in the immediate area if you want to run and, for example, nice ones <strong><a href=\"https:\/\/hyllie.com\/\" target=\"_blank\" rel=\"noopener\">Hylliv\u00e5ngsparken<\/a><\/strong> for a walk. Five hundred meters away is Hylliebadet, for those of you who want to take the opportunity to swim when you live here.<\/p>\t\t\t\t\t\t\t\t<\/div>\n\t\t\t\t<\/div>\n\t\t\t\t<\/div>\n\t\t<div class=\"elementor-element elementor-element-d539f1c e-con-full animated-slow e-flex elementor-invisible e-con e-child\" data-id=\"d539f1c\" data-element_type=\"container\" data-e-type=\"container\" data-settings=\"{&quot;animation&quot;:&quot;fadeIn&quot;}\">\n\t\t\t\t<div class=\"elementor-element elementor-element-6a41ad7 elementor-widget elementor-widget-image\" data-id=\"6a41ad7\" data-element_type=\"widget\" data-e-type=\"widget\" data-widget_type=\"image.default\">\n\t\t\t\t<div class=\"elementor-widget-container\">\n\t\t\t\t\t\t\t\t\t\t\t\t\t\t\t<img loading=\"lazy\" decoding=\"async\" width=\"800\" height=\"441\" src=\"https:\/\/malmoarenahotel.com\/wp-content\/uploads\/2024\/03\/Gym_redigerad-1024x565.jpg\" class=\"attachment-large size-large wp-image-2093\" alt=\"\" srcset=\"https:\/\/malmoarenahotel.com\/wp-content\/uploads\/2024\/03\/Gym_redigerad-1024x565.jpg 1024w, https:\/\/malmoarenahotel.com\/wp-content\/uploads\/2024\/03\/Gym_redigerad-300x165.jpg 300w, https:\/\/malmoarenahotel.com\/wp-content\/uploads\/2024\/03\/Gym_redigerad-768x424.jpg 768w, https:\/\/malmoarenahotel.com\/wp-content\/uploads\/2024\/03\/Gym_redigerad-1536x847.jpg 1536w, https:\/\/malmoarenahotel.com\/wp-content\/uploads\/2024\/03\/Gym_redigerad-18x10.jpg 18w, https:\/\/malmoarenahotel.com\/wp-content\/uploads\/2024\/03\/Gym_redigerad.jpg 1920w\" sizes=\"(max-width: 800px) 100vw, 800px\" \/>\t\t\t\t\t\t\t\t\t\t\t\t\t\t\t<\/div>\n\t\t\t\t<\/div>\n\t\t\t\t<\/div>\n\t\t\t\t<\/div>\n\t\t\t\t<\/div>","protected":false},"excerpt":{"rendered":"<p>Praktisk information Tillg\u00e4nglighet Avst\u00e5nd och infrastruktur Malm\u00f6 Arena Hotel har ett v\u00e4ldigt bra l\u00e4ge och fantastisk tillg\u00e4nglighet som g\u00f6r det enkelt att ta sig hit vare sig du kommer med flyg, t\u00e5g, buss, bil eller cykel. Hotellet ligger endast 300 meter fr\u00e5n t\u00e5gstation Hyllie. D\u00e4r kan du till exempel ta t\u00e5get till centrala Malm\u00f6 p\u00e5 [&hellip;]<\/p>\n","protected":false},"author":2,"featured_media":0,"parent":0,"menu_order":0,"comment_status":"closed","ping_status":"closed","template":"","meta":{"_acf_changed":false,"footnotes":""},"class_list":["post-1492","page","type-page","status-publish","hentry"],"acf":[],"publishpress_future_workflow_manual_trigger":{"enabledWorkflows":[]},"_links":{"self":[{"href":"https:\/\/malmoarenahotel.com\/en\/wp-json\/wp\/v2\/pages\/1492","targetHints":{"allow":["GET"]}}],"collection":[{"href":"https:\/\/malmoarenahotel.com\/en\/wp-json\/wp\/v2\/pages"}],"about":[{"href":"https:\/\/malmoarenahotel.com\/en\/wp-json\/wp\/v2\/types\/page"}],"author":[{"embeddable":true,"href":"https:\/\/malmoarenahotel.com\/en\/wp-json\/wp\/v2\/users\/2"}],"replies":[{"embeddable":true,"href":"https:\/\/malmoarenahotel.com\/en\/wp-json\/wp\/v2\/comments?post=1492"}],"version-history":[{"count":0,"href":"https:\/\/malmoarenahotel.com\/en\/wp-json\/wp\/v2\/pages\/1492\/revisions"}],"wp:attachment":[{"href":"https:\/\/malmoarenahotel.com\/en\/wp-json\/wp\/v2\/media?parent=1492"}],"curies":[{"name":"wp","href":"https:\/\/api.w.org\/{rel}","templated":true}]}}