{"id":32,"date":"2024-01-24T08:20:25","date_gmt":"2024-01-24T08:20:25","guid":{"rendered":"https:\/\/malmoarenahotel.com\/?page_id=32"},"modified":"2024-04-26T12:23:16","modified_gmt":"2024-04-26T12:23:16","slug":"karriar","status":"publish","type":"page","link":"https:\/\/malmoarenahotel.com\/en\/career\/","title":{"rendered":"Career"},"content":{"rendered":"<div data-elementor-type=\"wp-page\" data-elementor-id=\"32\" class=\"elementor elementor-32\" data-elementor-post-type=\"page\">\n\t\t\t\t<div data-dce-background-overlay-color=\"#000000\" data-dce-background-image-url=\"https:\/\/malmoarenahotel.com\/wp-content\/uploads\/2024\/04\/karriar-banner.jpg\" class=\"elementor-element elementor-element-136704e e-flex e-con-boxed e-con e-parent\" data-id=\"136704e\" data-element_type=\"container\" data-e-type=\"container\" data-settings=\"{&quot;background_background&quot;:&quot;classic&quot;}\">\n\t\t\t\t\t<div class=\"e-con-inner\">\n\t\t\t\t<div class=\"elementor-element elementor-element-6515a84 elementor-widget elementor-widget-heading\" data-id=\"6515a84\" data-element_type=\"widget\" data-e-type=\"widget\" data-widget_type=\"heading.default\">\n\t\t\t\t<div class=\"elementor-widget-container\">\n\t\t\t\t\t<h1 class=\"elementor-heading-title elementor-size-default\">Career<\/h1>\t\t\t\t<\/div>\n\t\t\t\t<\/div>\n\t\t\t\t\t<\/div>\n\t\t\t\t<\/div>\n\t\t<div class=\"elementor-element elementor-element-c796a44 e-flex e-con-boxed e-con e-parent\" data-id=\"c796a44\" data-element_type=\"container\" data-e-type=\"container\">\n\t\t\t\t\t<div class=\"e-con-inner\">\n\t\t\t\t<div class=\"elementor-element elementor-element-3bb6918 elementor-widget elementor-widget-heading\" data-id=\"3bb6918\" data-element_type=\"widget\" data-e-type=\"widget\" data-widget_type=\"heading.default\">\n\t\t\t\t<div class=\"elementor-widget-container\">\n\t\t\t\t\t<h2 class=\"elementor-heading-title elementor-size-default\">Become part of our family<\/h2>\t\t\t\t<\/div>\n\t\t\t\t<\/div>\n\t\t\t\t<div class=\"elementor-element elementor-element-b511a11 elementor-widget elementor-widget-heading\" data-id=\"b511a11\" data-element_type=\"widget\" data-e-type=\"widget\" data-widget_type=\"heading.default\">\n\t\t\t\t<div class=\"elementor-widget-container\">\n\t\t\t\t\t<h2 class=\"elementor-heading-title elementor-size-default\">A world of unique experiences!<\/h2>\t\t\t\t<\/div>\n\t\t\t\t<\/div>\n\t\t\t\t<div class=\"elementor-element elementor-element-92aa79a elementor-widget elementor-widget-text-editor\" data-id=\"92aa79a\" data-element_type=\"widget\" data-e-type=\"widget\" data-widget_type=\"text-editor.default\">\n\t\t\t\t<div class=\"elementor-widget-container\">\n\t\t\t\t\t\t\t\t\t<p>Do you want to be part of Malm\u00f6 Arena Hotel and contribute to delivering a first-class service to our guests? Do you have service at your fingertips and are passionate about exceeding guest expectations? Then you will become one of us!<\/p><p>As an employee, you become part of our exciting world of unique experiences. We are a business that is in constant motion with everything from large international events and conferences, to overnight guests from all over the world, visitors who enjoy good food and not least Malm\u00f6&#039;s largest skybar with an outstanding view.<\/p><p>We have market conditions and offer a range of benefits that you can take advantage of.\u00a0<\/p><p>Welcome to an exciting and sustainable work environment together with fantastic colleagues!\u00a0<\/p>\t\t\t\t\t\t\t\t<\/div>\n\t\t\t\t<\/div>\n\t\t\t\t\t<\/div>\n\t\t\t\t<\/div>\n\t\t<div class=\"elementor-element elementor-element-3b9c0e3 e-con-full e-flex e-con e-parent\" data-id=\"3b9c0e3\" data-element_type=\"container\" data-e-type=\"container\">\n\t\t<div class=\"elementor-element elementor-element-790d47f e-con-full animated-slow e-flex elementor-invisible e-con e-child\" data-id=\"790d47f\" data-element_type=\"container\" data-e-type=\"container\" data-settings=\"{&quot;animation&quot;:&quot;fadeIn&quot;}\">\n\t\t\t\t<div class=\"elementor-element elementor-element-096cd9f elementor-widget elementor-widget-heading\" data-id=\"096cd9f\" data-element_type=\"widget\" data-e-type=\"widget\" data-widget_type=\"heading.default\">\n\t\t\t\t<div class=\"elementor-widget-container\">\n\t\t\t\t\t<h2 class=\"elementor-heading-title elementor-size-default\">Joy &amp; Commitment<\/h2>\t\t\t\t<\/div>\n\t\t\t\t<\/div>\n\t\t\t\t<div class=\"elementor-element elementor-element-9e3b7fb elementor-widget elementor-widget-heading\" data-id=\"9e3b7fb\" data-element_type=\"widget\" data-e-type=\"widget\" data-widget_type=\"heading.default\">\n\t\t\t\t<div class=\"elementor-widget-container\">\n\t\t\t\t\t<h2 class=\"elementor-heading-title elementor-size-default\">Nice to go to work<\/h2>\t\t\t\t<\/div>\n\t\t\t\t<\/div>\n\t\t\t\t<div class=\"elementor-element elementor-element-de25e27 elementor-widget elementor-widget-text-editor\" data-id=\"de25e27\" data-element_type=\"widget\" data-e-type=\"widget\" data-widget_type=\"text-editor.default\">\n\t\t\t\t<div class=\"elementor-widget-container\">\n\t\t\t\t\t\t\t\t\t<p>We are a tight-knit team of many different professional roles here in the house. In our latest employee survey, we had one thing in common, among other things, that we thought it was fun to come to work. We are very proud of that! With joy and commitment, we work closely together to provide the best service to all guests all year round.<\/p><p>We all know that health comes from within. When you feel good, you perform well. In addition to collective agreements, health care allowances and other security solutions, we also give you the opportunity to benefit in more ways. When you work here, for example, you can enjoy a hotel stay at our hotel as well as at other Best Western hotels with a staff discount.<\/p>\t\t\t\t\t\t\t\t<\/div>\n\t\t\t\t<\/div>\n\t\t\t\t<\/div>\n\t\t<div class=\"elementor-element elementor-element-c2692f4 e-con-full animated-slow e-flex elementor-invisible e-con e-child\" data-id=\"c2692f4\" data-element_type=\"container\" data-e-type=\"container\" data-settings=\"{&quot;animation&quot;:&quot;fadeIn&quot;}\">\n\t\t\t\t<div class=\"elementor-element elementor-element-e88b352 elementor-pagination-position-outside elementor-widget elementor-widget-image-carousel\" data-id=\"e88b352\" data-element_type=\"widget\" data-e-type=\"widget\" data-settings=\"{&quot;slides_to_show&quot;:&quot;1&quot;,&quot;navigation&quot;:&quot;dots&quot;,&quot;autoplay&quot;:&quot;no&quot;,&quot;infinite&quot;:&quot;yes&quot;,&quot;effect&quot;:&quot;slide&quot;,&quot;speed&quot;:500}\" data-widget_type=\"image-carousel.default\">\n\t\t\t\t<div class=\"elementor-widget-container\">\n\t\t\t\t\t\t\t<div class=\"elementor-image-carousel-wrapper swiper\" role=\"region\" aria-roledescription=\"carousel\" aria-label=\"Image carousel\" dir=\"ltr\">\n\t\t\t<div class=\"elementor-image-carousel swiper-wrapper\" aria-live=\"polite\">\n\t\t\t\t\t\t\t\t<div class=\"swiper-slide\" role=\"group\" aria-roledescription=\"slide\" aria-label=\"1 av 1\"><figure class=\"swiper-slide-inner\"><img decoding=\"async\" class=\"swiper-slide-image\" src=\"https:\/\/malmoarenahotel.com\/wp-content\/uploads\/2024\/03\/Karriar_kulpajobbb.png\" alt=\"Career_cool jobb\" \/><\/figure><\/div>\t\t\t<\/div>\n\t\t\t\t\t<\/div>\n\t\t\t\t\t\t<\/div>\n\t\t\t\t<\/div>\n\t\t\t\t<\/div>\n\t\t\t\t<\/div>\n\t\t<div class=\"elementor-element elementor-element-a3f43cd e-flex e-con-boxed e-con e-parent\" data-id=\"a3f43cd\" data-element_type=\"container\" data-e-type=\"container\" data-settings=\"{&quot;background_background&quot;:&quot;classic&quot;}\">\n\t\t\t\t\t<div class=\"e-con-inner\">\n\t\t<div class=\"elementor-element elementor-element-7fd32b1 e-con-full e-flex e-con e-child\" data-id=\"7fd32b1\" data-element_type=\"container\" data-e-type=\"container\">\n\t\t\t\t<div class=\"elementor-element elementor-element-bb01f96 elementor-widget elementor-widget-heading\" data-id=\"bb01f96\" data-element_type=\"widget\" data-e-type=\"widget\" data-widget_type=\"heading.default\">\n\t\t\t\t<div class=\"elementor-widget-container\">\n\t\t\t\t\t<h3 class=\"elementor-heading-title elementor-size-default\">FAMILY<\/h3>\t\t\t\t<\/div>\n\t\t\t\t<\/div>\n\t\t\t\t<div class=\"elementor-element elementor-element-942f6a1 elementor-widget elementor-widget-text-editor\" data-id=\"942f6a1\" data-element_type=\"widget\" data-e-type=\"widget\" data-widget_type=\"text-editor.default\">\n\t\t\t\t<div class=\"elementor-widget-container\">\n\t\t\t\t\t\t\t\t\t<p>We have a team spirit, we meet each other with respect, we have a prestigeless collaboration and that we feel community and joy at work.<\/p>\t\t\t\t\t\t\t\t<\/div>\n\t\t\t\t<\/div>\n\t\t\t\t<\/div>\n\t\t<div class=\"elementor-element elementor-element-4032bba e-con-full e-flex e-con e-child\" data-id=\"4032bba\" data-element_type=\"container\" data-e-type=\"container\">\n\t\t\t\t<div class=\"elementor-element elementor-element-b2437cc elementor-widget elementor-widget-heading\" data-id=\"b2437cc\" data-element_type=\"widget\" data-e-type=\"widget\" data-widget_type=\"heading.default\">\n\t\t\t\t<div class=\"elementor-widget-container\">\n\t\t\t\t\t<h3 class=\"elementor-heading-title elementor-size-default\">COMMITTED<\/h3>\t\t\t\t<\/div>\n\t\t\t\t<\/div>\n\t\t\t\t<div class=\"elementor-element elementor-element-33e8db8 elementor-widget elementor-widget-text-editor\" data-id=\"33e8db8\" data-element_type=\"widget\" data-e-type=\"widget\" data-widget_type=\"text-editor.default\">\n\t\t\t\t<div class=\"elementor-widget-container\">\n\t\t\t\t\t\t\t\t\t<p>We are ambitious, have a high level of service, we think and work flexibly, we are solution-oriented and deliver above expectations, we develop in the right direction for stable profitability.<\/p>\t\t\t\t\t\t\t\t<\/div>\n\t\t\t\t<\/div>\n\t\t\t\t<\/div>\n\t\t<div class=\"elementor-element elementor-element-e3b03ab e-con-full e-flex e-con e-child\" data-id=\"e3b03ab\" data-element_type=\"container\" data-e-type=\"container\">\n\t\t\t\t<div class=\"elementor-element elementor-element-2802de8 elementor-widget elementor-widget-heading\" data-id=\"2802de8\" data-element_type=\"widget\" data-e-type=\"widget\" data-widget_type=\"heading.default\">\n\t\t\t\t<div class=\"elementor-widget-container\">\n\t\t\t\t\t<h3 class=\"elementor-heading-title elementor-size-default\">COMMUNICATIVE<\/h3>\t\t\t\t<\/div>\n\t\t\t\t<\/div>\n\t\t\t\t<div class=\"elementor-element elementor-element-d80b8e2 elementor-widget elementor-widget-text-editor\" data-id=\"d80b8e2\" data-element_type=\"widget\" data-e-type=\"widget\" data-widget_type=\"text-editor.default\">\n\t\t\t\t<div class=\"elementor-widget-container\">\n\t\t\t\t\t\t\t\t\t<p>We give and take feedback, we have clear policies and procedures and follow them, we know our mandates and live up to them, we are informative.<\/p>\t\t\t\t\t\t\t\t<\/div>\n\t\t\t\t<\/div>\n\t\t\t\t<\/div>\n\t\t<div class=\"elementor-element elementor-element-f2c0084 e-con-full e-flex e-con e-child\" data-id=\"f2c0084\" data-element_type=\"container\" data-e-type=\"container\">\n\t\t\t\t<div class=\"elementor-element elementor-element-e165e03 elementor-widget elementor-widget-heading\" data-id=\"e165e03\" data-element_type=\"widget\" data-e-type=\"widget\" data-widget_type=\"heading.default\">\n\t\t\t\t<div class=\"elementor-widget-container\">\n\t\t\t\t\t<h3 class=\"elementor-heading-title elementor-size-default\">FAIR PLAY<\/h3>\t\t\t\t<\/div>\n\t\t\t\t<\/div>\n\t\t\t\t<div class=\"elementor-element elementor-element-7738c0c elementor-widget elementor-widget-text-editor\" data-id=\"7738c0c\" data-element_type=\"widget\" data-e-type=\"widget\" data-widget_type=\"text-editor.default\">\n\t\t\t\t<div class=\"elementor-widget-container\">\n\t\t\t\t\t\t\t\t\t<p>We are honest with each other, we play fair, we work and act sustainably, we follow rules and agreements, we distance ourselves from bullying, violations and harassment.<\/p>\t\t\t\t\t\t\t\t<\/div>\n\t\t\t\t<\/div>\n\t\t\t\t<\/div>\n\t\t\t\t\t<\/div>\n\t\t\t\t<\/div>\n\t\t<div class=\"elementor-element elementor-element-8cff05c e-con-full e-flex e-con e-parent\" data-id=\"8cff05c\" data-element_type=\"container\" data-e-type=\"container\">\n\t\t<div class=\"elementor-element elementor-element-4eaac3b e-con-full animated-slow e-flex elementor-invisible e-con e-child\" data-id=\"4eaac3b\" data-element_type=\"container\" data-e-type=\"container\" data-settings=\"{&quot;animation&quot;:&quot;fadeIn&quot;}\">\n\t\t\t\t<div class=\"elementor-element elementor-element-9ec8a51 elementor-pagination-position-outside elementor-widget elementor-widget-image-carousel\" data-id=\"9ec8a51\" data-element_type=\"widget\" data-e-type=\"widget\" data-settings=\"{&quot;slides_to_show&quot;:&quot;1&quot;,&quot;navigation&quot;:&quot;dots&quot;,&quot;autoplay&quot;:&quot;no&quot;,&quot;infinite&quot;:&quot;yes&quot;,&quot;effect&quot;:&quot;slide&quot;,&quot;speed&quot;:500}\" data-widget_type=\"image-carousel.default\">\n\t\t\t\t<div class=\"elementor-widget-container\">\n\t\t\t\t\t\t\t<div class=\"elementor-image-carousel-wrapper swiper\" role=\"region\" aria-roledescription=\"carousel\" aria-label=\"Image carousel\" dir=\"ltr\">\n\t\t\t<div class=\"elementor-image-carousel swiper-wrapper\" aria-live=\"polite\">\n\t\t\t\t\t\t\t\t<div class=\"swiper-slide\" role=\"group\" aria-roledescription=\"slide\" aria-label=\"1 av 1\"><figure class=\"swiper-slide-inner\"><img decoding=\"async\" class=\"swiper-slide-image\" src=\"https:\/\/malmoarenahotel.com\/wp-content\/uploads\/2024\/03\/Karriar_om-malmoarenahotel.png\" alt=\"Career_about malmoarenahotel\" \/><\/figure><\/div>\t\t\t<\/div>\n\t\t\t\t\t<\/div>\n\t\t\t\t\t\t<\/div>\n\t\t\t\t<\/div>\n\t\t\t\t<\/div>\n\t\t<div class=\"elementor-element elementor-element-0ea3879 e-con-full animated-slow e-flex elementor-invisible e-con e-child\" data-id=\"0ea3879\" data-element_type=\"container\" data-e-type=\"container\" data-settings=\"{&quot;animation&quot;:&quot;fadeIn&quot;}\">\n\t\t\t\t<div class=\"elementor-element elementor-element-761b08d elementor-widget elementor-widget-heading\" data-id=\"761b08d\" data-element_type=\"widget\" data-e-type=\"widget\" data-widget_type=\"heading.default\">\n\t\t\t\t<div class=\"elementor-widget-container\">\n\t\t\t\t\t<h2 class=\"elementor-heading-title elementor-size-default\">Who are we?<\/h2>\t\t\t\t<\/div>\n\t\t\t\t<\/div>\n\t\t\t\t<div class=\"elementor-element elementor-element-31048b4 elementor-widget elementor-widget-heading\" data-id=\"31048b4\" data-element_type=\"widget\" data-e-type=\"widget\" data-widget_type=\"heading.default\">\n\t\t\t\t<div class=\"elementor-widget-container\">\n\t\t\t\t\t<h2 class=\"elementor-heading-title elementor-size-default\">About Malm\u00f6 Arena Hotel<\/h2>\t\t\t\t<\/div>\n\t\t\t\t<\/div>\n\t\t\t\t<div class=\"elementor-element elementor-element-f0d96b9 elementor-widget elementor-widget-text-editor\" data-id=\"f0d96b9\" data-element_type=\"widget\" data-e-type=\"widget\" data-widget_type=\"text-editor.default\">\n\t\t\t\t<div class=\"elementor-widget-container\">\n\t\t\t\t\t\t\t\t\t<p>Malm\u00f6 Arena Hotel is a family-owned and colorful event hotel in the best location in Malm\u00f6 Hyllie, only 12 minutes from Copenhagen Airport. With 395 rooms, we are Malm\u00f6&#039;s second largest hotel. With us, our guests enjoy a good night&#039;s sleep, the kitchen&#039;s genuine food craftsmanship and the unique view in the Skybar.<\/p><p>The hotel is located in Hyllie, Malm\u00f6&#039;s most sustainable district and one of the Nordics&#039; most dynamic event areas. Thanks to our unique position as the region&#039;s leading meeting place, we can offer unique experiences to our guests and a varied everyday life for those of us who work here. With clear policies and routines, this is at the same time a safe and secure workplace.<\/p>\t\t\t\t\t\t\t\t<\/div>\n\t\t\t\t<\/div>\n\t\t\t\t<\/div>\n\t\t\t\t<\/div>\n\t\t<div class=\"elementor-element elementor-element-4630c34 e-flex e-con-boxed e-con e-parent\" data-id=\"4630c34\" data-element_type=\"container\" data-e-type=\"container\" data-settings=\"{&quot;background_background&quot;:&quot;classic&quot;}\">\n\t\t\t\t\t<div class=\"e-con-inner\">\n\t\t\t\t<div class=\"elementor-element elementor-element-4ac3bfc elementor-position-left elementor-vertical-align-middle elementor-widget elementor-widget-image-box\" data-id=\"4ac3bfc\" data-element_type=\"widget\" data-e-type=\"widget\" data-widget_type=\"image-box.default\">\n\t\t\t\t<div class=\"elementor-widget-container\">\n\t\t\t\t\t<div class=\"elementor-image-box-wrapper\"><figure class=\"elementor-image-box-img\"><img fetchpriority=\"high\" decoding=\"async\" width=\"2363\" height=\"2363\" src=\"https:\/\/malmoarenahotel.com\/wp-content\/uploads\/2024\/03\/Ikon_hallbarhet-3.png\" class=\"attachment-full size-full wp-image-2455\" alt=\"\" srcset=\"https:\/\/malmoarenahotel.com\/wp-content\/uploads\/2024\/03\/Ikon_hallbarhet-3.png 2363w, https:\/\/malmoarenahotel.com\/wp-content\/uploads\/2024\/03\/Ikon_hallbarhet-3-300x300.png 300w, https:\/\/malmoarenahotel.com\/wp-content\/uploads\/2024\/03\/Ikon_hallbarhet-3-1024x1024.png 1024w, https:\/\/malmoarenahotel.com\/wp-content\/uploads\/2024\/03\/Ikon_hallbarhet-3-150x150.png 150w, https:\/\/malmoarenahotel.com\/wp-content\/uploads\/2024\/03\/Ikon_hallbarhet-3-768x768.png 768w, https:\/\/malmoarenahotel.com\/wp-content\/uploads\/2024\/03\/Ikon_hallbarhet-3-1536x1536.png 1536w, https:\/\/malmoarenahotel.com\/wp-content\/uploads\/2024\/03\/Ikon_hallbarhet-3-2048x2048.png 2048w, https:\/\/malmoarenahotel.com\/wp-content\/uploads\/2024\/03\/Ikon_hallbarhet-3-12x12.png 12w\" sizes=\"(max-width: 2363px) 100vw, 2363px\" \/><\/figure><div class=\"elementor-image-box-content\"><h2 class=\"elementor-image-box-title\">Your sustainable workplace<\/h2><p class=\"elementor-image-box-description\">When you work with us, living sustainably is easy. Hyllie station is only 300 meters away and you can easily commute here by public transport from most places in the region, even from Copenhagen which is only 25 minutes away. At your workplace, we are environmentally certified according to criteria for ISO14001 through Swedish Certification and focus, among other things, on reducing food waste and using sustainable raw materials, as well as consumption of water and electricity. We also work to strengthen the local community through various collaborations.<\/p><\/div><\/div>\t\t\t\t<\/div>\n\t\t\t\t<\/div>\n\t\t\t\t<div data-dce-background-color=\"#FFFFFF00\" class=\"elementor-element elementor-element-d22b436 elementor-align-center elementor-widget elementor-widget-button\" data-id=\"d22b436\" data-element_type=\"widget\" data-e-type=\"widget\" data-widget_type=\"button.default\">\n\t\t\t\t<div class=\"elementor-widget-container\">\n\t\t\t\t\t\t\t\t\t<div class=\"elementor-button-wrapper\">\n\t\t\t\t\t<a class=\"elementor-button elementor-button-link elementor-size-sm\" href=\"https:\/\/malmoarenahotel.com\/en\/maintainability\/\">\n\t\t\t\t\t\t<span class=\"elementor-button-content-wrapper\">\n\t\t\t\t\t\t<span class=\"elementor-button-icon\">\n\t\t\t\t<i aria-hidden=\"true\" class=\"fal fa-long-arrow-right\"><\/i>\t\t\t<\/span>\n\t\t\t\t\t\t\t\t\t<span class=\"elementor-button-text\">Read more<\/span>\n\t\t\t\t\t<\/span>\n\t\t\t\t\t<\/a>\n\t\t\t\t<\/div>\n\t\t\t\t\t\t\t\t<\/div>\n\t\t\t\t<\/div>\n\t\t\t\t\t<\/div>\n\t\t\t\t<\/div>\n\t\t<div class=\"elementor-element elementor-element-aabfbe1 e-flex e-con-boxed e-con e-parent\" data-id=\"aabfbe1\" data-element_type=\"container\" data-e-type=\"container\">\n\t\t\t\t\t<div class=\"e-con-inner\">\n\t\t\t\t<div class=\"elementor-element elementor-element-7185808 elementor-widget elementor-widget-heading\" data-id=\"7185808\" data-element_type=\"widget\" data-e-type=\"widget\" data-widget_type=\"heading.default\">\n\t\t\t\t<div class=\"elementor-widget-container\">\n\t\t\t\t\t<h2 class=\"elementor-heading-title elementor-size-default\">Available positions<\/h2>\t\t\t\t<\/div>\n\t\t\t\t<\/div>\n\t\t\t\t<div class=\"elementor-element elementor-element-d872b60 elementor-widget elementor-widget-heading\" data-id=\"d872b60\" data-element_type=\"widget\" data-e-type=\"widget\" data-widget_type=\"heading.default\">\n\t\t\t\t<div class=\"elementor-widget-container\">\n\t\t\t\t\t<h2 class=\"elementor-heading-title elementor-size-default\">Become part of our team!<\/h2>\t\t\t\t<\/div>\n\t\t\t\t<\/div>\n\t\t\t\t<div class=\"elementor-element elementor-element-583bc3e elementor-widget elementor-widget-text-editor\" data-id=\"583bc3e\" data-element_type=\"widget\" data-e-type=\"widget\" data-widget_type=\"text-editor.default\">\n\t\t\t\t<div class=\"elementor-widget-container\">\n\t\t\t\t\t\t\t\t\t<p>Take the chance to work with a great team in a workplace where no two days are the same! Below you will find our vacant positions, and if you click on each position, you will find information there about what the position entails. The Arena family also includes Malm\u00f6 Arena and you can also see their vacancies here!<\/p><p>If you do not find an interesting position, you can always register an interest and we know that you are interested in becoming one of us! You can also subscribe to Vacancies so you never miss anything we post! See ya!<\/p>\t\t\t\t\t\t\t\t<\/div>\n\t\t\t\t<\/div>\n\t\t\t\t<div data-dce-background-color=\"#FFFFFF00\" class=\"elementor-element elementor-element-3824c33 elementor-align-center elementor-widget elementor-widget-button\" data-id=\"3824c33\" data-element_type=\"widget\" data-e-type=\"widget\" data-widget_type=\"button.default\">\n\t\t\t\t<div class=\"elementor-widget-container\">\n\t\t\t\t\t\t\t\t\t<div class=\"elementor-button-wrapper\">\n\t\t\t\t\t<a class=\"elementor-button elementor-button-link elementor-size-sm\" href=\"https:\/\/malmoarena-hotel.attract.reachmee.com\/\" target=\"_blank\" rel=\"noopener\">\n\t\t\t\t\t\t<span class=\"elementor-button-content-wrapper\">\n\t\t\t\t\t\t<span class=\"elementor-button-icon\">\n\t\t\t\t<i aria-hidden=\"true\" class=\"fal fa-long-arrow-right\"><\/i>\t\t\t<\/span>\n\t\t\t\t\t\t\t\t\t<span class=\"elementor-button-text\">Available positions<\/span>\n\t\t\t\t\t<\/span>\n\t\t\t\t\t<\/a>\n\t\t\t\t<\/div>\n\t\t\t\t\t\t\t\t<\/div>\n\t\t\t\t<\/div>\n\t\t\t\t\t<\/div>\n\t\t\t\t<\/div>\n\t\t\t\t<\/div>","protected":false},"excerpt":{"rendered":"<p>Karri\u00e4r Bli en del av v\u00e5r familj En v\u00e4rld av unika upplevelser! Vill du vara en del av Malm\u00f6 Arena Hotel och bidra till att leverera en f\u00f6rstklassig service till v\u00e5ra g\u00e4ster? Har du service ut i fingerspetsarna och brinner f\u00f6r att \u00f6vertr\u00e4ffa g\u00e4stens f\u00f6rv\u00e4ntningar? D\u00e5 ska du bli en av oss! Som medarbetare blir [&hellip;]<\/p>\n","protected":false},"author":1,"featured_media":0,"parent":0,"menu_order":0,"comment_status":"closed","ping_status":"closed","template":"","meta":{"_acf_changed":false,"footnotes":""},"class_list":["post-32","page","type-page","status-publish","hentry"],"acf":[],"publishpress_future_workflow_manual_trigger":{"enabledWorkflows":[]},"_links":{"self":[{"href":"https:\/\/malmoarenahotel.com\/en\/wp-json\/wp\/v2\/pages\/32","targetHints":{"allow":["GET"]}}],"collection":[{"href":"https:\/\/malmoarenahotel.com\/en\/wp-json\/wp\/v2\/pages"}],"about":[{"href":"https:\/\/malmoarenahotel.com\/en\/wp-json\/wp\/v2\/types\/page"}],"author":[{"embeddable":true,"href":"https:\/\/malmoarenahotel.com\/en\/wp-json\/wp\/v2\/users\/1"}],"replies":[{"embeddable":true,"href":"https:\/\/malmoarenahotel.com\/en\/wp-json\/wp\/v2\/comments?post=32"}],"version-history":[{"count":0,"href":"https:\/\/malmoarenahotel.com\/en\/wp-json\/wp\/v2\/pages\/32\/revisions"}],"wp:attachment":[{"href":"https:\/\/malmoarenahotel.com\/en\/wp-json\/wp\/v2\/media?parent=32"}],"curies":[{"name":"wp","href":"https:\/\/api.w.org\/{rel}","templated":true}]}}